{"id":27149,"date":"2025-03-29T17:53:01","date_gmt":"2025-03-29T16:53:01","guid":{"rendered":"https:\/\/dupescents.co\/products\/huele-a-solo-para-caballeros\/"},"modified":"2026-02-22T00:32:43","modified_gmt":"2026-02-21T23:32:43","slug":"huele-a-solo-para-caballeros","status":"publish","type":"product","link":"https:\/\/dupescents.co\/es\/productos\/huele-a-solo-para-caballeros\/","title":{"rendered":"Huele a&#8230; S\u00f3lo para caballeros"},"content":{"rendered":"<p>201M - RECAMBIO S\u00d3LO PARA CABALLEROS GIVENCHY<br \/>\nAGUA PERFUMADA N\u00ba 201M - RECAMBIO S\u00d3LO PARA CABALLEROS GIVENCHY<\/p>\n<p>NOTAS DE FRAGANCIA DE NUESTRO SUSTITUTO:<\/p>\n<p>VETIVERY<br \/>\nPIMIENTA ROSA<br \/>\nMIEL<br \/>\nMANDARINA VERDE<br \/>\nHOJA DE CEPILLO<br \/>\nPACULA<br \/>\nNUEZ MOSCADA<br \/>\nCEDRO<br \/>\nPIZMO<br \/>\nHOJA DE SACRILEGIO<br \/>\nELEMI<br \/>\nBERGAMOTA<br \/>\nDESCRIPCI\u00d3N DE LA FRAGANCIA:<\/p>\n<p>Una composici\u00f3n lujosa para hombres elegantes. Nuestro Eau de Parfum 201M es un hom\u00f3logo de la fragancia Givenchy Gentleman Only que apreciar\u00e1n los hombres de gustos refinados. El car\u00e1cter intenso pero delicado de las notas amaderadas, que armonizan con la pimienta rosa y el vetiver, refleja a la perfecci\u00f3n el car\u00e1cter del galante propietario de este frasco de perfume.  <\/p>\n<p>CARACTER\u00cdSTICAS DEL PERFUME GIVENCHY GENTELMAN ONLY ART\u00cdCULO:<br \/>\nTipo de fragancia: amaderada<br \/>\nPara qui\u00e9n: masculino<br \/>\nVolumen: 10 ml \/ 30 ml \/ 50 ml \/ 100 ml<br \/>\nC\u00f3digo del producto: 201M<br \/>\nEl precio de este perfume depende de la cantidad indicada.<br \/>\n\u00a1Por favor, danos tu opini\u00f3n despu\u00e9s de la compra!<\/p>\n<p>Mira tambi\u00e9n otros perfumes Givenchy y sus sustitutos.<\/p>\n","protected":false},"excerpt":{"rendered":"<p>Inspiraci\u00f3n: Givenchy Gentlemen ONLY EDT 100ML<\/p>\n<p class=\"product__text inline-richtext\"><strong>\u2705 Eau de Toilette 19-21% Perfume<\/strong><\/p>\n<p class=\"product__text inline-richtext\"><strong>\u2705 La fragancia dura un segundo d\u00eda<\/strong><\/p>\n<p class=\"product__text inline-richtext\"><strong>Compra la fragancia, no la marca: ahorra dinero<\/strong><\/p>\n","protected":false},"featured_media":35921,"comment_status":"open","ping_status":"closed","template":"","meta":{"_acf_changed":false},"product_brand":[],"product_cat":[199],"product_tag":[],"class_list":{"0":"post-27149","1":"product","2":"type-product","3":"status-publish","4":"has-post-thumbnail","6":"product_cat-para-hombre","8":"first","9":"instock","10":"shipping-taxable","11":"purchasable","12":"product-type-variable"},"acf":[],"aioseo_notices":[],"jetpack_sharing_enabled":true,"_links":{"self":[{"href":"https:\/\/dupescents.co\/es\/wp-json\/wp\/v2\/product\/27149","targetHints":{"allow":["GET"]}}],"collection":[{"href":"https:\/\/dupescents.co\/es\/wp-json\/wp\/v2\/product"}],"about":[{"href":"https:\/\/dupescents.co\/es\/wp-json\/wp\/v2\/types\/product"}],"replies":[{"embeddable":true,"href":"https:\/\/dupescents.co\/es\/wp-json\/wp\/v2\/comments?post=27149"}],"wp:featuredmedia":[{"embeddable":true,"href":"https:\/\/dupescents.co\/es\/wp-json\/wp\/v2\/media\/35921"}],"wp:attachment":[{"href":"https:\/\/dupescents.co\/es\/wp-json\/wp\/v2\/media?parent=27149"}],"wp:term":[{"taxonomy":"product_brand","embeddable":true,"href":"https:\/\/dupescents.co\/es\/wp-json\/wp\/v2\/product_brand?post=27149"},{"taxonomy":"product_cat","embeddable":true,"href":"https:\/\/dupescents.co\/es\/wp-json\/wp\/v2\/product_cat?post=27149"},{"taxonomy":"product_tag","embeddable":true,"href":"https:\/\/dupescents.co\/es\/wp-json\/wp\/v2\/product_tag?post=27149"}],"curies":[{"name":"wp","href":"https:\/\/api.w.org\/{rel}","templated":true}]}}