{"id":27138,"date":"2025-03-29T17:26:27","date_gmt":"2025-03-29T16:26:27","guid":{"rendered":"https:\/\/dupescents.co\/products\/huele-a-armani-code-absolu\/"},"modified":"2026-02-22T00:55:13","modified_gmt":"2026-02-21T23:55:13","slug":"huele-a-armani-code-absolu","status":"publish","type":"product","link":"https:\/\/dupescents.co\/es\/productos\/huele-a-armani-code-absolu\/","title":{"rendered":"Huele a&#8230; Armani C\u00f3digo Absoluto"},"content":{"rendered":"<p>261M - REPUESTO PARA GIORGIO ARMANI CODE ABSOLU<br \/>\nEAU DE PARFUM NO. 261M - REPUESTO PARA GIORGIO ARMANI CODE ABSOLU<\/p>\n<p>NOTAS DE FRAGANCIA DE NUESTRO SUSTITUTO:<\/p>\n<p>TONKA FASOL<br \/>\nVAINILLA<br \/>\nZAMSH<br \/>\nNUEZ MOSCADA<br \/>\nNOTAS AMADERADAS<br \/>\nAZAHAR<br \/>\nMANDARINA VERDE<br \/>\nCORDERO<br \/>\nSEMILLA DE ZANAHORIA<br \/>\nDESCRIPCI\u00d3N DE LA FRAGANCIA:<\/p>\n<p>Un eau de parfum atemporal para hombres carism\u00e1ticos con un encanto indisimulado y un carisma personal. Nuestro hom\u00f3logo de Giorgio Armani Armani Code Absolu es una combinaci\u00f3n de notas orientales y amaderadas que crean un efecto duradero y de expresi\u00f3n \u00fanica. Con su car\u00e1cter seductor, esta fragancia es la elecci\u00f3n adecuada para una velada sensual.  <\/p>\n<p>CARACTER\u00cdSTICAS DEL EQUIVALENTE DEL C\u00d3DIGO ABSOLU FRAGANCIA:<br \/>\nTipo de fragancia: oriental, especiada<br \/>\nPara qui\u00e9n: masculino<br \/>\nContenido 30 ml \/ 50 ml \/ 100 ml<br \/>\nC\u00f3digo del producto: 261M<br \/>\nEl precio de este perfume depende de la cantidad indicada.<br \/>\n\u00a1Por favor, danos tu opini\u00f3n despu\u00e9s de la compra!<\/p>\n<p>Consulta tambi\u00e9n otros perfumes Giorgio Armani y sus sustitutos.<\/p>\n","protected":false},"excerpt":{"rendered":"<p class=\"product__text inline-richtext\">Inspiraci\u00f3n: Giorgio Armani Code ABSOLU EDP 60ML<\/p>\n<p class=\"product__text inline-richtext\"><strong>\u2705 Eau de Toilette 19-21% Perfume<\/strong><\/p>\n<p class=\"product__text inline-richtext\"><strong>\u2705 La fragancia dura un segundo d\u00eda<\/strong><\/p>\n<p class=\"product__text inline-richtext\"><strong>Compra la fragancia, no la marca: ahorra dinero<\/strong><\/p>\n","protected":false},"featured_media":35958,"comment_status":"open","ping_status":"closed","template":"","meta":{"_acf_changed":false},"product_brand":[],"product_cat":[199],"product_tag":[],"class_list":{"0":"post-27138","1":"product","2":"type-product","3":"status-publish","4":"has-post-thumbnail","6":"product_cat-para-hombre","8":"first","9":"instock","10":"shipping-taxable","11":"purchasable","12":"product-type-variable"},"acf":[],"aioseo_notices":[],"jetpack_sharing_enabled":true,"_links":{"self":[{"href":"https:\/\/dupescents.co\/es\/wp-json\/wp\/v2\/product\/27138","targetHints":{"allow":["GET"]}}],"collection":[{"href":"https:\/\/dupescents.co\/es\/wp-json\/wp\/v2\/product"}],"about":[{"href":"https:\/\/dupescents.co\/es\/wp-json\/wp\/v2\/types\/product"}],"replies":[{"embeddable":true,"href":"https:\/\/dupescents.co\/es\/wp-json\/wp\/v2\/comments?post=27138"}],"wp:featuredmedia":[{"embeddable":true,"href":"https:\/\/dupescents.co\/es\/wp-json\/wp\/v2\/media\/35958"}],"wp:attachment":[{"href":"https:\/\/dupescents.co\/es\/wp-json\/wp\/v2\/media?parent=27138"}],"wp:term":[{"taxonomy":"product_brand","embeddable":true,"href":"https:\/\/dupescents.co\/es\/wp-json\/wp\/v2\/product_brand?post=27138"},{"taxonomy":"product_cat","embeddable":true,"href":"https:\/\/dupescents.co\/es\/wp-json\/wp\/v2\/product_cat?post=27138"},{"taxonomy":"product_tag","embeddable":true,"href":"https:\/\/dupescents.co\/es\/wp-json\/wp\/v2\/product_tag?post=27138"}],"curies":[{"name":"wp","href":"https:\/\/api.w.org\/{rel}","templated":true}]}}