{"id":27120,"date":"2025-03-29T17:59:55","date_gmt":"2025-03-29T16:59:55","guid":{"rendered":"https:\/\/dupescents.co\/products\/huele-a-ck-truth-para-hombres\/"},"modified":"2025-11-05T19:25:30","modified_gmt":"2025-11-05T18:25:30","slug":"huele-a-ck-truth-para-hombres","status":"publish","type":"product","link":"https:\/\/dupescents.co\/es\/productos\/huele-a-ck-truth-para-hombres\/","title":{"rendered":"Huele a&#8230; CK Truth Para Hombres"},"content":{"rendered":"<p>320M - Ersatz f\u00fcr Calvin Klein Truth For Men<br \/>\nEAU DE PARFUM NO 320M - ERSATZ F\u00dcR CALVIN KLEIN TRUTH FOR MEN<\/p>\n<p>DUFTNOTEN UNSERES ERSATZES:<\/p>\n<p>BASILIE<br \/>\nKARDAMON<br \/>\nGR\u00dcNE BL\u00c4TTER<br \/>\nPAPIER<br \/>\nHARZE<br \/>\nRED CEDAR<br \/>\nPACULA<br \/>\nEXOTISCHE H\u00d6LZER<br \/>\nDUFTBESCHREIBUNG:<\/p>\n<p>Sie wollen sich frisch f\u00fchlen und mit einem sch\u00f6nen Duft die Aufmerksamkeit auf sich ziehen, aber nicht aufdringlich sein? Ihre Ausstrahlung unterstreichen und Selbstvertrauen gewinnen? Dieser Duft ist die perfekte Wahl! Das Gegenst\u00fcck zum Calvin Klein Truth For Men Parf\u00fcm ist eine aromatische Mischung aus aromatischen Noten von Basilikum, Kardamom, Farn, Zedernholz und Patchouli. Es wird Ihnen sicher gefallen, wenn Sie holzige, holzige Aromen m\u00f6gen, die dennoch leicht und erfrischend sind.<\/p>\n<p>Schauen Sie sich auch andere Calvin Klein Damenparf\u00fcms an.<\/p>\n<p>EIGENSCHAFTEN DES PARFUMS CALVIN KLEIN TRUTH FOR MEN EQUIVALENT :<br \/>\nDufttyp: aromatisch, Foug\u00e8re<br \/>\nF\u00fcr wen: m\u00e4nnlich<br \/>\nInhalt 10 ml \/ 30 ml \/ 50 ml \/ 100 ml<br \/>\nProdukt-Code: 320M<br \/>\nDer Preis f\u00fcr dieses Parf\u00fcm h\u00e4ngt von der angegebenen Kapazit\u00e4t ab.<br \/>\nBitte geben Sie uns nach dem Kauf Ihr Feedback!<\/p>\n","protected":false},"excerpt":{"rendered":"<p>Inspiraci\u00f3n: Calvin Klein Truth For Men EDT 100ML<\/p>\n<p class=\"product__text inline-richtext\"><strong>\u2705 Eau de Toilette 19-21% Perfume<\/strong><\/p>\n<p class=\"product__text inline-richtext\"><strong>\u2705 La fragancia dura un segundo d\u00eda<\/strong><\/p>\n<p class=\"product__text inline-richtext\"><strong>Compra la fragancia, no la marca: ahorra dinero<\/strong><\/p>\n","protected":false},"featured_media":36293,"comment_status":"open","ping_status":"closed","template":"","meta":{"_acf_changed":false},"product_brand":[],"product_cat":[199],"product_tag":[],"class_list":{"0":"post-27120","1":"product","2":"type-product","3":"status-publish","4":"has-post-thumbnail","6":"product_cat-para-hombre","8":"first","9":"instock","10":"shipping-taxable","11":"purchasable","12":"product-type-variable"},"acf":[],"aioseo_notices":[],"jetpack_sharing_enabled":true,"_links":{"self":[{"href":"https:\/\/dupescents.co\/es\/wp-json\/wp\/v2\/product\/27120","targetHints":{"allow":["GET"]}}],"collection":[{"href":"https:\/\/dupescents.co\/es\/wp-json\/wp\/v2\/product"}],"about":[{"href":"https:\/\/dupescents.co\/es\/wp-json\/wp\/v2\/types\/product"}],"replies":[{"embeddable":true,"href":"https:\/\/dupescents.co\/es\/wp-json\/wp\/v2\/comments?post=27120"}],"wp:featuredmedia":[{"embeddable":true,"href":"https:\/\/dupescents.co\/es\/wp-json\/wp\/v2\/media\/36293"}],"wp:attachment":[{"href":"https:\/\/dupescents.co\/es\/wp-json\/wp\/v2\/media?parent=27120"}],"wp:term":[{"taxonomy":"product_brand","embeddable":true,"href":"https:\/\/dupescents.co\/es\/wp-json\/wp\/v2\/product_brand?post=27120"},{"taxonomy":"product_cat","embeddable":true,"href":"https:\/\/dupescents.co\/es\/wp-json\/wp\/v2\/product_cat?post=27120"},{"taxonomy":"product_tag","embeddable":true,"href":"https:\/\/dupescents.co\/es\/wp-json\/wp\/v2\/product_tag?post=27120"}],"curies":[{"name":"wp","href":"https:\/\/api.w.org\/{rel}","templated":true}]}}