{"id":27103,"date":"2025-03-29T18:01:54","date_gmt":"2025-03-29T17:01:54","guid":{"rendered":"https:\/\/dupescents.co\/products\/huele-a-k\/"},"modified":"2025-11-05T19:25:28","modified_gmt":"2025-11-05T18:25:28","slug":"huele-a-k","status":"publish","type":"product","link":"https:\/\/dupescents.co\/es\/productos\/huele-a-k\/","title":{"rendered":"Huele a&#8230; K"},"content":{"rendered":"<p>315M - Parf\u00fcmiertes Wasser<br \/>\nPARF\u00dcMIERTES WASSER NR. 315M<\/p>\n<p>DUFTNOTEN VON UNSEREM ERSATZ:<\/p>\n<p>Wacholderbeere<br \/>\nZitrusfr\u00fcchte<br \/>\nRote Orange<br \/>\nSizilianische Zitrone<br \/>\nPiment-Pfeffer<br \/>\nLavendel<br \/>\nMuskatellersalbei<br \/>\nGeranie<br \/>\nVetiver<br \/>\nZedernholz<br \/>\nPatchouli<br \/>\nDUFTBESCHREIBUNG:<\/p>\n<p>Sp\u00fcren Sie die einzigartige maskuline Kraft! Dieser Duft unterstreicht Ihr Charisma und macht Lust darauf, so zu werden wie Sie. Erfrischende Zitrusfr\u00fcchte, tiefe, warme Akkorde von Zedernholz, Patchouli und Vetiver sowie die beruhigende Komposition von Lavendel und Salbei werden Sie vom ersten Moment an begeistern, wenn Sie ein Parf\u00fcm f\u00fcr M\u00e4nner suchen, die wissen, was sie vom Leben wollen.<\/p>\n<p>MERKMALE DES \u00c4QUIVALENTS:<\/p>\n<p>Dufttyp: holzig, aromatisch<br \/>\nF\u00fcr wen: m\u00e4nnlich<br \/>\nInhalt: 10 ml \/ 30 ml \/ 50 ml \/ 100 ml<br \/>\nProdukt-Code: 315M<\/p>\n","protected":false},"excerpt":{"rendered":"<p class=\"product__text inline-richtext\">Inspiraci\u00f3n: Dolce &amp; Gabbana K EDT 50ML<\/p>\n<p class=\"product__text inline-richtext\"><strong>\u2705 Eau de Toilette 19-21% Perfume<\/strong><\/p>\n<p class=\"product__text inline-richtext\"><strong>\u2705 La fragancia dura un segundo d\u00eda<\/strong><\/p>\n<p class=\"product__text inline-richtext\"><strong>Compra la fragancia, no la marca: ahorra dinero<\/strong><\/p>\n","protected":false},"featured_media":36290,"comment_status":"open","ping_status":"closed","template":"","meta":{"_acf_changed":false},"product_brand":[],"product_cat":[199],"product_tag":[],"class_list":{"0":"post-27103","1":"product","2":"type-product","3":"status-publish","4":"has-post-thumbnail","6":"product_cat-para-hombre","8":"first","9":"instock","10":"shipping-taxable","11":"purchasable","12":"product-type-variable"},"acf":[],"aioseo_notices":[],"jetpack_sharing_enabled":true,"_links":{"self":[{"href":"https:\/\/dupescents.co\/es\/wp-json\/wp\/v2\/product\/27103","targetHints":{"allow":["GET"]}}],"collection":[{"href":"https:\/\/dupescents.co\/es\/wp-json\/wp\/v2\/product"}],"about":[{"href":"https:\/\/dupescents.co\/es\/wp-json\/wp\/v2\/types\/product"}],"replies":[{"embeddable":true,"href":"https:\/\/dupescents.co\/es\/wp-json\/wp\/v2\/comments?post=27103"}],"wp:featuredmedia":[{"embeddable":true,"href":"https:\/\/dupescents.co\/es\/wp-json\/wp\/v2\/media\/36290"}],"wp:attachment":[{"href":"https:\/\/dupescents.co\/es\/wp-json\/wp\/v2\/media?parent=27103"}],"wp:term":[{"taxonomy":"product_brand","embeddable":true,"href":"https:\/\/dupescents.co\/es\/wp-json\/wp\/v2\/product_brand?post=27103"},{"taxonomy":"product_cat","embeddable":true,"href":"https:\/\/dupescents.co\/es\/wp-json\/wp\/v2\/product_cat?post=27103"},{"taxonomy":"product_tag","embeddable":true,"href":"https:\/\/dupescents.co\/es\/wp-json\/wp\/v2\/product_tag?post=27103"}],"curies":[{"name":"wp","href":"https:\/\/api.w.org\/{rel}","templated":true}]}}