{"id":27086,"date":"2025-03-29T18:03:01","date_gmt":"2025-03-29T17:03:01","guid":{"rendered":"https:\/\/dupescents.co\/products\/huele-a-obsession-noche-hombres\/"},"modified":"2025-11-05T19:25:26","modified_gmt":"2025-11-05T18:25:26","slug":"huele-a-obsession-noche-hombres","status":"publish","type":"product","link":"https:\/\/dupescents.co\/es\/productos\/huele-a-obsession-noche-hombres\/","title":{"rendered":"Huele a&#8230; Obsession Noche Hombres"},"content":{"rendered":"<p>210M - Ersatz Calvin Klein Obsession Night Men<br \/>\nEAU DE PARFUM NO 210M - ERSATZ CALVIN KLEIN OBSESSION NIGHT MEN<\/p>\n<p>DUFTNOTEN UNSERES ERSATZES:<\/p>\n<p>MUGWORT<br \/>\nGRUSCH<br \/>\nKARDAMON<br \/>\nGINGER<br \/>\nNUTMEG<br \/>\nAMBER<br \/>\nVANILLA<br \/>\nVETIVERRY<br \/>\nPACULA<br \/>\nDUFTBESCHREIBUNG:<\/p>\n<p>Wenn Ihr Leben in der Nacht beginnt, wenn Sie es lieben, sich zu am\u00fcsieren, zu flirten und neue Leute kennenzulernen, dann ist dies das richtige Parf\u00fcm f\u00fcr Sie! Ein starker, entschlossener Duft unterstreicht Ihre M\u00e4nnlichkeit und l\u00e4sst keine Frau gleichg\u00fcltig an Ihnen vor\u00fcbergehen.<\/p>\n<p>Das Eau de Parfum Nummer 210M ist das Pendant zu Calvin Klein Obsession Night Men. Ein Parf\u00fcm, in dem Kardamom, Beifu\u00df und Birne einen delikaten Einstieg in eine Komposition aus Moschus, Muskat und Wildleder bilden, voller animalischer Lust! Das Ganze wird durch den berauschenden Duft von Patchouli, Vetiver und Vanille abgeschlossen.<\/p>\n<p>Ein Muss f\u00fcr jeden Verf\u00fchrer!<\/p>\n<p>EIGENSCHAFTEN DES \u00c4QUIVALENTS VON OBSESSION NIGHT MEN PARF\u00dcM:<br \/>\nDufttyp: orientalisch, holzig<br \/>\nF\u00fcr wen: m\u00e4nnlich<br \/>\nInhalt 10 ml \/ 30 ml \/ 50 ml \/ 100 ml<br \/>\nProdukt-Code: 210M<br \/>\nDer Preis f\u00fcr dieses Parf\u00fcm h\u00e4ngt von der angegebenen Menge ab.<br \/>\nBitte geben Sie uns Ihr Feedback nach dem Kauf!<\/p>\n<p>Siehe auch andere Calvin Klein Parfums und ihre Ersatzprodukte.<\/p>\n<p>Es gibt auch eine Damen-Ersatzversion des Parfums Calvin Klein Obsession Night Woman.<\/p>\n","protected":false},"excerpt":{"rendered":"<p>Inspiraci\u00f3n: Calvin Klein Obsession Night Men EDT 125 ML<\/p>\n<p class=\"product__text inline-richtext\"><strong>\u2705 Eau de Toilette 19-21% Perfume<\/strong><\/p>\n<p class=\"product__text inline-richtext\"><strong>\u2705 La fragancia dura un segundo d\u00eda<\/strong><\/p>\n<p class=\"product__text inline-richtext\"><strong>Compra la fragancia, no la marca: ahorra dinero<\/strong><\/p>\n","protected":false},"featured_media":0,"comment_status":"open","ping_status":"closed","template":"","meta":{"_acf_changed":false},"product_brand":[],"product_cat":[199],"product_tag":[],"class_list":{"0":"post-27086","1":"product","2":"type-product","3":"status-publish","5":"product_cat-para-hombre","7":"first","8":"instock","9":"shipping-taxable","10":"purchasable","11":"product-type-variable"},"acf":[],"aioseo_notices":[],"jetpack_sharing_enabled":true,"_links":{"self":[{"href":"https:\/\/dupescents.co\/es\/wp-json\/wp\/v2\/product\/27086","targetHints":{"allow":["GET"]}}],"collection":[{"href":"https:\/\/dupescents.co\/es\/wp-json\/wp\/v2\/product"}],"about":[{"href":"https:\/\/dupescents.co\/es\/wp-json\/wp\/v2\/types\/product"}],"replies":[{"embeddable":true,"href":"https:\/\/dupescents.co\/es\/wp-json\/wp\/v2\/comments?post=27086"}],"wp:attachment":[{"href":"https:\/\/dupescents.co\/es\/wp-json\/wp\/v2\/media?parent=27086"}],"wp:term":[{"taxonomy":"product_brand","embeddable":true,"href":"https:\/\/dupescents.co\/es\/wp-json\/wp\/v2\/product_brand?post=27086"},{"taxonomy":"product_cat","embeddable":true,"href":"https:\/\/dupescents.co\/es\/wp-json\/wp\/v2\/product_cat?post=27086"},{"taxonomy":"product_tag","embeddable":true,"href":"https:\/\/dupescents.co\/es\/wp-json\/wp\/v2\/product_tag?post=27086"}],"curies":[{"name":"wp","href":"https:\/\/api.w.org\/{rel}","templated":true}]}}