{"id":27075,"date":"2025-03-29T18:07:00","date_gmt":"2025-03-29T17:07:00","guid":{"rendered":"https:\/\/dupescents.co\/products\/huele-a-etiqueta-azul\/"},"modified":"2026-02-22T00:46:26","modified_gmt":"2026-02-21T23:46:26","slug":"huele-a-etiqueta-azul","status":"publish","type":"product","link":"https:\/\/dupescents.co\/es\/productos\/huele-a-etiqueta-azul\/","title":{"rendered":"Huele a&#8230; Etiqueta Azul"},"content":{"rendered":"<p>233M - Recambio para Givenchy Blue Label<br \/>\nPARF\u00dcMIERTES WASSER NR. 233M - RECAMBIO PARA GIVENCHY BLUE LABEL<\/p>\n<p>NOTAS DE FRAGANCIA DE NUESTRO SUSTITUTO:<\/p>\n<p>GREJPFRUT<br \/>\nBERGAMOTA<br \/>\nPRINZ<br \/>\nCEDRO<br \/>\nLAVANDA<br \/>\nCARDAMOMO<br \/>\nVETERINARIA<br \/>\nJENGIBRE<br \/>\nOL\u00cdBANO<br \/>\nDESCRIPCI\u00d3N DE LA FRAGANCIA:<\/p>\n<p>Un frescor y una ligereza sorprendentes, perfectos para llevar en los d\u00edas calurosos. Esta eau de parfum es la contrapartida de Givenchy Blue Label y est\u00e1 dirigida a los hombres amantes del optimismo y la alegr\u00eda de vivir. Toda una gama de aromas expresivos se han reunido h\u00e1bilmente para crear una combinaci\u00f3n coherente y armoniosa que estimula y refresca.  <\/p>\n<p>CARACTER\u00cdSTICAS DEL PERFUME GIVENCHY ETIQUETA AZUL EQUIVALENTE:<br \/>\nTipo de fragancia: especiada, amaderada<br \/>\nPara qui\u00e9n: masculino<br \/>\nContenido: 30 ml \/ 50 ml \/ 100 ml<br \/>\nC\u00f3digo de producto: 233M<br \/>\nEl precio de este perfume depende de la cantidad indicada.<br \/>\n\u00a1Por favor, danos tu opini\u00f3n despu\u00e9s de la compra!<\/p>\n<p>Mira tambi\u00e9n otros perfumes Givenchy y sus sustitutos.<\/p>\n<p>\u00bfA qu\u00e9 huele el perfume Givenchy Blue Label?<br \/>\nEs una fragancia masculina que se considera amaderada y especiada. Cuando la hueles, puedes detectar en su aroma notas de cardamomo, pimienta, bergamota, cedro o vetiver, entre otras. Sin duda, una fragancia estimulante para los hombres que quieren mostrar su energ\u00eda. En resumen, \u00a1este perfume especiado huele sensacional!   <\/p>\n","protected":false},"excerpt":{"rendered":"<p>Inspiraci\u00f3n: Givenchy Blue Label EDT 100ML<\/p>\n<p class=\"product__text inline-richtext\"><strong>\u2705 Eau de Toilette 19-21% Perfume<\/strong><\/p>\n<p class=\"product__text inline-richtext\"><strong>\u2705 La fragancia dura un segundo d\u00eda<\/strong><\/p>\n<p class=\"product__text inline-richtext\"><strong>Compra la fragancia, no la marca: ahorra dinero<\/strong><\/p>\n","protected":false},"featured_media":35945,"comment_status":"open","ping_status":"closed","template":"","meta":{"_acf_changed":false},"product_brand":[],"product_cat":[199],"product_tag":[],"class_list":{"0":"post-27075","1":"product","2":"type-product","3":"status-publish","4":"has-post-thumbnail","6":"product_cat-para-hombre","8":"first","9":"instock","10":"shipping-taxable","11":"purchasable","12":"product-type-variable"},"acf":[],"aioseo_notices":[],"jetpack_sharing_enabled":true,"_links":{"self":[{"href":"https:\/\/dupescents.co\/es\/wp-json\/wp\/v2\/product\/27075","targetHints":{"allow":["GET"]}}],"collection":[{"href":"https:\/\/dupescents.co\/es\/wp-json\/wp\/v2\/product"}],"about":[{"href":"https:\/\/dupescents.co\/es\/wp-json\/wp\/v2\/types\/product"}],"replies":[{"embeddable":true,"href":"https:\/\/dupescents.co\/es\/wp-json\/wp\/v2\/comments?post=27075"}],"wp:featuredmedia":[{"embeddable":true,"href":"https:\/\/dupescents.co\/es\/wp-json\/wp\/v2\/media\/35945"}],"wp:attachment":[{"href":"https:\/\/dupescents.co\/es\/wp-json\/wp\/v2\/media?parent=27075"}],"wp:term":[{"taxonomy":"product_brand","embeddable":true,"href":"https:\/\/dupescents.co\/es\/wp-json\/wp\/v2\/product_brand?post=27075"},{"taxonomy":"product_cat","embeddable":true,"href":"https:\/\/dupescents.co\/es\/wp-json\/wp\/v2\/product_cat?post=27075"},{"taxonomy":"product_tag","embeddable":true,"href":"https:\/\/dupescents.co\/es\/wp-json\/wp\/v2\/product_tag?post=27075"}],"curies":[{"name":"wp","href":"https:\/\/api.w.org\/{rel}","templated":true}]}}