{"id":27067,"date":"2025-03-29T18:04:50","date_gmt":"2025-03-29T17:04:50","guid":{"rendered":"https:\/\/dupescents.co\/products\/sustituto-magico-del-perfume-302m\/"},"modified":"2025-11-05T19:25:23","modified_gmt":"2025-11-05T18:25:23","slug":"sustituto-magico-del-perfume-302m","status":"publish","type":"product","link":"https:\/\/dupescents.co\/es\/productos\/sustituto-magico-del-perfume-302m\/","title":{"rendered":"SUSTITUTO M\u00c1GICO DEL PERFUME 302M"},"content":{"rendered":"<p>302M - Versace Eros Flame Ersatz<br \/>\nEAU DE PARFUM NO 302M - VERSACE EROS FLAME ERSATZ<\/p>\n<p>DUFTNOTEN UNSERES ERSATZES:<\/p>\n<p>ZITRONE<br \/>\nSCHWARZES ST\u00dcCK<br \/>\nSANDELHOLZ<br \/>\nTONKA FASOL<br \/>\nGERANIUM<br \/>\nMANDARINE<br \/>\nEICHENMOSS<br \/>\nPACULA<br \/>\nPFEFFER<br \/>\nROSEMARIE<br \/>\nROSE<br \/>\nVANILLE<br \/>\nDUFTBESCHREIBUNG:<\/p>\n<p>VERSACE EROS FLAME ist ein Duft, der Sie in die Welt der legend\u00e4ren, leidenschaftlichen Liebe entf\u00fchrt. Er ist extravagant, ausdrucksstark und \u00fcberw\u00e4ltigend sinnlich und verbindet Zitrusnoten mit holzigen und w\u00fcrzigen Aromen.<\/p>\n<p>Das \u00c4quivalent von 302M - VERSACE EROS FLAME ist eine Inspiration des ikonischen Dufts, in dem sich S\u00fc\u00dfe mit W\u00fcrze verbindet.<\/p>\n<p>MERKMALE DES \u00c4QUIVALENTS VON VERSACE EROS FLAME PARF\u00dcM:<br \/>\nDufttyp: holzig, w\u00fcrzig<br \/>\nF\u00fcr wen: m\u00e4nnlich<br \/>\nVolumen: 10 ml \/ 30 ml \/ 50 ml \/ 100 ml<br \/>\nProdukt-Code: 302M<br \/>\nDer Preis f\u00fcr dieses Parf\u00fcm h\u00e4ngt von der angegebenen Menge ab.<br \/>\nBitte geben Sie uns nach dem Kauf Ihr Feedback!<\/p>\n<p>Sehen Sie auch andere Versace Parfums und ihre Ersatzprodukte.<\/p>\n","protected":false},"excerpt":{"rendered":"<p class=\"product__text inline-richtext\">Inspiraci\u00f3n: VERSACE EROS FLAME EDP<\/p>\n<p class=\"product__text inline-richtext\"><strong>\u2705 Eau de Toilette 19-21% Perfume<\/strong><\/p>\n<p class=\"product__text inline-richtext\"><strong>\u2705 La fragancia dura un segundo d\u00eda<\/strong><\/p>\n<p class=\"product__text inline-richtext\"><strong>Compra la fragancia, no la marca: ahorra dinero<\/strong><\/p>\n","protected":false},"featured_media":0,"comment_status":"open","ping_status":"closed","template":"","meta":{"_acf_changed":false},"product_brand":[],"product_cat":[199],"product_tag":[],"class_list":{"0":"post-27067","1":"product","2":"type-product","3":"status-publish","5":"product_cat-para-hombre","7":"first","8":"instock","9":"shipping-taxable","10":"purchasable","11":"product-type-variable"},"acf":[],"aioseo_notices":[],"jetpack_sharing_enabled":true,"_links":{"self":[{"href":"https:\/\/dupescents.co\/es\/wp-json\/wp\/v2\/product\/27067","targetHints":{"allow":["GET"]}}],"collection":[{"href":"https:\/\/dupescents.co\/es\/wp-json\/wp\/v2\/product"}],"about":[{"href":"https:\/\/dupescents.co\/es\/wp-json\/wp\/v2\/types\/product"}],"replies":[{"embeddable":true,"href":"https:\/\/dupescents.co\/es\/wp-json\/wp\/v2\/comments?post=27067"}],"wp:attachment":[{"href":"https:\/\/dupescents.co\/es\/wp-json\/wp\/v2\/media?parent=27067"}],"wp:term":[{"taxonomy":"product_brand","embeddable":true,"href":"https:\/\/dupescents.co\/es\/wp-json\/wp\/v2\/product_brand?post=27067"},{"taxonomy":"product_cat","embeddable":true,"href":"https:\/\/dupescents.co\/es\/wp-json\/wp\/v2\/product_cat?post=27067"},{"taxonomy":"product_tag","embeddable":true,"href":"https:\/\/dupescents.co\/es\/wp-json\/wp\/v2\/product_tag?post=27067"}],"curies":[{"name":"wp","href":"https:\/\/api.w.org\/{rel}","templated":true}]}}