{"id":27038,"date":"2025-03-29T18:13:47","date_gmt":"2025-03-29T17:13:47","guid":{"rendered":"https:\/\/dupescents.co\/products\/huele-a-hugo-energise\/"},"modified":"2025-11-05T19:25:17","modified_gmt":"2025-11-05T18:25:17","slug":"huele-a-hugo-energise","status":"publish","type":"product","link":"https:\/\/dupescents.co\/es\/productos\/huele-a-hugo-energise\/","title":{"rendered":"Huele a&#8230; Hugo Energise"},"content":{"rendered":"<p>254M - Hugo Boss Hugo Energise Ersatz<br \/>\nEAU DE PARFUM NR. 254M - HUGO BOSS HUGO ENERGISE ERSATZ<\/p>\n<p>DUFTNOTEN UNSERES ERSATZES:<\/p>\n<p>PINK<br \/>\nZITRONE<br \/>\nKUMQUAT<br \/>\nANPFIFFENBLATT<br \/>\nMANDARINE<br \/>\nM\u00dcNZE<br \/>\nJASMINE<br \/>\nNUTMEG<br \/>\nJUNIJUNGE<br \/>\nVANILLE<br \/>\nHAUT<br \/>\nTEK-BAUM<br \/>\nKARDAMON<br \/>\nFRISCH<br \/>\nCOLLENDRA<br \/>\nKLEINER SAGE<br \/>\nDUFTBESCHREIBUNG:<\/p>\n<p>Ein aromatischer Duft f\u00fcr M\u00e4nner, die vor Lebensenergie strotzen. Unser \u00c4quivalent zum Hugo Boss Hugo Energise ist ein lang anhaltendes Eau de Parfum, das der energiegeladene, moderne Mann zu sch\u00e4tzen wei\u00df. Ein unverwechselbarer Duft, der sich aus einer F\u00fclle von Duftnoten zusammensetzt, stimuliert und ermutigt den Tr\u00e4ger. Dieser Duft ist perfekt f\u00fcr warme Sommertage.<\/p>\n<p>EIGENSCHAFTEN DES GEGENST\u00dcCKS HUGO ENERGISE:<br \/>\nDufttyp: zitrisch, holzig<br \/>\nF\u00fcr wen: m\u00e4nnlich<br \/>\nInhalt: 10 ml \/ 30 ml \/ 50 ml \/ 100 ml<br \/>\nProdukt-Code: 254M<br \/>\nDer Preis f\u00fcr dieses Parf\u00fcm h\u00e4ngt von der angegebenen Menge ab.<br \/>\nBitte geben Sie uns Ihr Feedback nach dem Kauf!<\/p>\n<p>Sehen Sie auch andere Hugo Boss Parfums und ihre Substitute.<\/p>\n","protected":false},"excerpt":{"rendered":"<p class=\"product__text inline-richtext\">Inspiraci\u00f3n: Hugo Boss Hugo Energise EDT 125ML<\/p>\n<p class=\"product__text inline-richtext\"><strong>\u2705 Eau de Toilette 19-21% Perfume<\/strong><\/p>\n<p class=\"product__text inline-richtext\"><strong>\u2705 La fragancia dura un segundo d\u00eda<\/strong><\/p>\n<p class=\"product__text inline-richtext\"><strong>Compra la fragancia, no la marca: ahorra dinero<\/strong><\/p>\n","protected":false},"featured_media":36278,"comment_status":"open","ping_status":"closed","template":"","meta":{"_acf_changed":false},"product_brand":[],"product_cat":[199],"product_tag":[],"class_list":{"0":"post-27038","1":"product","2":"type-product","3":"status-publish","4":"has-post-thumbnail","6":"product_cat-para-hombre","8":"first","9":"instock","10":"shipping-taxable","11":"purchasable","12":"product-type-variable"},"acf":[],"aioseo_notices":[],"jetpack_sharing_enabled":true,"_links":{"self":[{"href":"https:\/\/dupescents.co\/es\/wp-json\/wp\/v2\/product\/27038","targetHints":{"allow":["GET"]}}],"collection":[{"href":"https:\/\/dupescents.co\/es\/wp-json\/wp\/v2\/product"}],"about":[{"href":"https:\/\/dupescents.co\/es\/wp-json\/wp\/v2\/types\/product"}],"replies":[{"embeddable":true,"href":"https:\/\/dupescents.co\/es\/wp-json\/wp\/v2\/comments?post=27038"}],"wp:featuredmedia":[{"embeddable":true,"href":"https:\/\/dupescents.co\/es\/wp-json\/wp\/v2\/media\/36278"}],"wp:attachment":[{"href":"https:\/\/dupescents.co\/es\/wp-json\/wp\/v2\/media?parent=27038"}],"wp:term":[{"taxonomy":"product_brand","embeddable":true,"href":"https:\/\/dupescents.co\/es\/wp-json\/wp\/v2\/product_brand?post=27038"},{"taxonomy":"product_cat","embeddable":true,"href":"https:\/\/dupescents.co\/es\/wp-json\/wp\/v2\/product_cat?post=27038"},{"taxonomy":"product_tag","embeddable":true,"href":"https:\/\/dupescents.co\/es\/wp-json\/wp\/v2\/product_tag?post=27038"}],"curies":[{"name":"wp","href":"https:\/\/api.w.org\/{rel}","templated":true}]}}