{"id":27025,"date":"2025-03-29T18:10:04","date_gmt":"2025-03-29T17:10:04","guid":{"rendered":"https:\/\/dupescents.co\/products\/huele-a-212\/"},"modified":"2025-11-05T19:25:16","modified_gmt":"2025-11-05T18:25:16","slug":"huele-a-212","status":"publish","type":"product","link":"https:\/\/dupescents.co\/es\/productos\/huele-a-212\/","title":{"rendered":"Huele a&#8230; 212"},"content":{"rendered":"<p>245M - Ersatz f\u00fcr Carolina Herrera 212<br \/>\nEAU DE PARFUM NO 245M - DAS PENDANT ZU CAROLINA HERRERA 212<\/p>\n<p>DUFTNOTEN UNSERES ERSATZES:<\/p>\n<p>GR\u00dcNE N\u00dcSSE<br \/>\nGR\u00dcNE FR\u00dcCHTE<br \/>\nGEW\u00dcRZ<br \/>\nIMBIR<br \/>\nLAVENDER<br \/>\nBERGAMOTTE<br \/>\nPI\u017bMO<br \/>\nVIOLETT<br \/>\nSANDALWOOD<br \/>\nGARDENIA<br \/>\nHONIG<br \/>\nPETITGRAIN<br \/>\nVETIVERIE<br \/>\nGUAIAC-HOLZ<br \/>\nSAGE<br \/>\nLABDANUM<br \/>\nDUFTBESCHREIBUNG:<\/p>\n<p>Sie lieben den pulsierenden Stil der Gro\u00dfstadt? Dann ist dieser Duft genau das Richtige f\u00fcr Sie! Unser Gegenst\u00fcck zum Duft Carolina Herrera 212 Men ist f\u00fcr moderne und dynamische M\u00e4nner gedacht. Dieser schwindelerregende Duft, der sich perfekt f\u00fcr den Alltag eignet, besticht durch seine verf\u00fchrerische Anziehungskraft und sein geheimnisvolles Flair. Greifen Sie zu diesem h\u00f6chst originellen Duft und genie\u00dfen Sie seine Sch\u00f6nheit den ganzen Tag lang.<\/p>\n<p>MERKMALE DES \u00c4QUIVALENTS VON CAROLINA HERRERA 212 PARF\u00dcM:<br \/>\nDufttyp: blumig, holzig<br \/>\nF\u00fcr wen: m\u00e4nnlich<br \/>\nVolumen: 10 ml \/ 30 ml \/ 50 ml \/ 100 ml<br \/>\nProdukt-Code: 245M<br \/>\nDer Preis f\u00fcr dieses Parf\u00fcm h\u00e4ngt von der angegebenen Menge ab.<br \/>\nBitte geben Sie uns Ihr Feedback nach dem Kauf!<\/p>\n<p>Sehen Sie auch andere Carolina Herrera Parfums und ihre Ersatzprodukte.<\/p>\n<p>Wie riecht das \u00c4quivalent des Parfums 212?<br \/>\nDieser Duft, der als holzig und blumig eingestuft wird, tr\u00e4gt eine Lebensf\u00fclle und einen modernen Stil in sich. Dieser Duft ist interessant, mit Duftnoten, die Akzente von Bergamotte, Salbei, Veilchen, Gardenie, Ingwer und Sandelholz enthalten. All dies hinterl\u00e4sst auch einen Hauch von Geheimnis, weshalb wir ihn f\u00fcr einen der verf\u00fchrerischsten Herrend\u00fcfte halten!<\/p>\n","protected":false},"excerpt":{"rendered":"<p>Inspiraci\u00f3n: Carolina Herrera 212 EDT 50ML<\/p>\n<p class=\"product__text inline-richtext\"><strong>\u2705 Eau de Toilette 19-21% Perfume<\/strong><\/p>\n<p class=\"product__text inline-richtext\"><strong>\u2705 La fragancia dura un segundo d\u00eda<\/strong><\/p>\n<p class=\"product__text inline-richtext\"><strong>Compra la fragancia, no la marca: ahorra dinero<\/strong><\/p>\n","protected":false},"featured_media":36299,"comment_status":"open","ping_status":"closed","template":"","meta":{"_acf_changed":false},"product_brand":[],"product_cat":[199],"product_tag":[],"class_list":{"0":"post-27025","1":"product","2":"type-product","3":"status-publish","4":"has-post-thumbnail","6":"product_cat-para-hombre","8":"first","9":"instock","10":"shipping-taxable","11":"purchasable","12":"product-type-variable"},"acf":[],"aioseo_notices":[],"jetpack_sharing_enabled":true,"_links":{"self":[{"href":"https:\/\/dupescents.co\/es\/wp-json\/wp\/v2\/product\/27025","targetHints":{"allow":["GET"]}}],"collection":[{"href":"https:\/\/dupescents.co\/es\/wp-json\/wp\/v2\/product"}],"about":[{"href":"https:\/\/dupescents.co\/es\/wp-json\/wp\/v2\/types\/product"}],"replies":[{"embeddable":true,"href":"https:\/\/dupescents.co\/es\/wp-json\/wp\/v2\/comments?post=27025"}],"wp:featuredmedia":[{"embeddable":true,"href":"https:\/\/dupescents.co\/es\/wp-json\/wp\/v2\/media\/36299"}],"wp:attachment":[{"href":"https:\/\/dupescents.co\/es\/wp-json\/wp\/v2\/media?parent=27025"}],"wp:term":[{"taxonomy":"product_brand","embeddable":true,"href":"https:\/\/dupescents.co\/es\/wp-json\/wp\/v2\/product_brand?post=27025"},{"taxonomy":"product_cat","embeddable":true,"href":"https:\/\/dupescents.co\/es\/wp-json\/wp\/v2\/product_cat?post=27025"},{"taxonomy":"product_tag","embeddable":true,"href":"https:\/\/dupescents.co\/es\/wp-json\/wp\/v2\/product_tag?post=27025"}],"curies":[{"name":"wp","href":"https:\/\/api.w.org\/{rel}","templated":true}]}}