{"id":27020,"date":"2025-03-29T18:14:59","date_gmt":"2025-03-29T17:14:59","guid":{"rendered":"https:\/\/dupescents.co\/products\/huele-a-hombre-extraterrestre\/"},"modified":"2025-11-05T19:25:16","modified_gmt":"2025-11-05T18:25:16","slug":"huele-a-hombre-extraterrestre","status":"publish","type":"product","link":"https:\/\/dupescents.co\/es\/productos\/huele-a-hombre-extraterrestre\/","title":{"rendered":"Huele a&#8230; Hombre extraterrestre"},"content":{"rendered":"<p>309M - \u00c4quivalent von Thierry Mugler ALIEN MAN Parf\u00fcm<br \/>\n309M EAU DE PARFUM - \u00c4QUIVALENT ZU THIERRY MUGLER ALIEN MAN PARF\u00dcM<\/p>\n<p>DUFTNOTEN VON UNSEREM ERSATZ:<\/p>\n<p>LAWENDA<br \/>\nM\u00dcNZE<br \/>\nSTERNANIS<br \/>\nKUPFER<br \/>\nBUCHE<br \/>\nTHYMEX<br \/>\nZITRONE<br \/>\nLEATHER<br \/>\nCASHMERE HOLZ<br \/>\nOSMANTUS<br \/>\nPFEFFER<br \/>\nGERANIUM<br \/>\nWEISSES AMBRA<br \/>\nKASSMERNHOLZ<br \/>\nVANILLA<br \/>\nDUFTBESCHREIBUNG:<\/p>\n<p>Das Gegenst\u00fcck zum Duft Alien Man von Thierry Mugler ist \u00fcberw\u00e4ltigend. Provoziert. Elektrisierend. Man kann nicht gleichg\u00fcltig an ihm vorbeigehen. Er ist buchst\u00e4blich nicht von dieser Welt! Das verdankt er dem aromatischen Fenchel und den holzigen Noten von ger\u00e4uchertem Kaschmirholz. Die animalische und ungez\u00e4hmte Natur wird durch Noten von Leder und wei\u00dfem Amber erg\u00e4nzt, w\u00e4hrend der blumige Osmanthus Sie auf einen anderen Planeten des Vergn\u00fcgens f\u00fchrt.<\/p>\n<p>Erleben Sie dieses einmalige, intensive Herrenparf\u00fcm und lassen Sie sich nicht vergessen&#8230;.<\/p>\n","protected":false},"excerpt":{"rendered":"<p>Inspiraci\u00f3n: Thierry Mugler Alien Man EDT 100ML<\/p>\n<p class=\"product__text inline-richtext\"><strong>\u2705 Eau de Toilette 19-21% Perfume<\/strong><\/p>\n<p class=\"product__text inline-richtext\"><strong>\u2705 La fragancia dura un segundo d\u00eda<\/strong><\/p>\n<p class=\"product__text inline-richtext\"><strong>Compra la fragancia, no la marca: ahorra dinero<\/strong><\/p>\n","protected":false},"featured_media":0,"comment_status":"open","ping_status":"closed","template":"","meta":{"_acf_changed":false},"product_brand":[],"product_cat":[199],"product_tag":[],"class_list":{"0":"post-27020","1":"product","2":"type-product","3":"status-publish","5":"product_cat-para-hombre","7":"first","8":"instock","9":"shipping-taxable","10":"purchasable","11":"product-type-variable"},"acf":[],"aioseo_notices":[],"jetpack_sharing_enabled":true,"_links":{"self":[{"href":"https:\/\/dupescents.co\/es\/wp-json\/wp\/v2\/product\/27020","targetHints":{"allow":["GET"]}}],"collection":[{"href":"https:\/\/dupescents.co\/es\/wp-json\/wp\/v2\/product"}],"about":[{"href":"https:\/\/dupescents.co\/es\/wp-json\/wp\/v2\/types\/product"}],"replies":[{"embeddable":true,"href":"https:\/\/dupescents.co\/es\/wp-json\/wp\/v2\/comments?post=27020"}],"wp:attachment":[{"href":"https:\/\/dupescents.co\/es\/wp-json\/wp\/v2\/media?parent=27020"}],"wp:term":[{"taxonomy":"product_brand","embeddable":true,"href":"https:\/\/dupescents.co\/es\/wp-json\/wp\/v2\/product_brand?post=27020"},{"taxonomy":"product_cat","embeddable":true,"href":"https:\/\/dupescents.co\/es\/wp-json\/wp\/v2\/product_cat?post=27020"},{"taxonomy":"product_tag","embeddable":true,"href":"https:\/\/dupescents.co\/es\/wp-json\/wp\/v2\/product_tag?post=27020"}],"curies":[{"name":"wp","href":"https:\/\/api.w.org\/{rel}","templated":true}]}}