{"id":26965,"date":"2025-03-29T18:26:30","date_gmt":"2025-03-29T17:26:30","guid":{"rendered":"https:\/\/dupescents.co\/products\/huele-a-euforia-hombres\/"},"modified":"2026-02-22T00:36:27","modified_gmt":"2026-02-21T23:36:27","slug":"huele-a-euforia-hombres","status":"publish","type":"product","link":"https:\/\/dupescents.co\/es\/productos\/huele-a-euforia-hombres\/","title":{"rendered":"Huele a&#8230; Euforia Hombres"},"content":{"rendered":"<p>204M - Recambio para Calvin Klein Euphoria Men<br \/>\nEAU DE PARFUM 204M - RECAMBIO PARA CALVIN KLEIN EUPHORIA MEN<\/p>\n<p>NOTAS DE FRAGANCIA DE NUESTRO SUSTITUTO:<\/p>\n<p>IMBIR<br \/>\nPOLVO<br \/>\nALBAHACA NEGRA<br \/>\nSALVIA<br \/>\nCEDRO<br \/>\nBURSHINE<br \/>\nZAMSH<br \/>\nSECUOYA BRASILE\u00d1A<br \/>\nPACULA<br \/>\nDESCRIPCI\u00d3N DE LA FRAGANCIA:<\/p>\n<p>Una fragancia masculina intensamente fresca pero seductora que evoca alegr\u00eda y euforia sensual. Nuestro hom\u00f3logo de Calvin Klein Euphoria Men es un eau de parfum de larga duraci\u00f3n que inspira los sentidos. El car\u00e1cter profundo y amaderado de la composici\u00f3n de esta fragancia seduce eficazmente y no te dejar\u00e1 olvidarla en mucho tiempo.  <\/p>\n<p>CARACTER\u00cdSTICAS DE EUPHORIA MEN FRAGANCIA EQUIVALENTE:<br \/>\nTipo de fragancia: amaderada<br \/>\nPara qui\u00e9n: masculino<br \/>\nContenido 30 ml \/ 50 ml \/ 100 ml<br \/>\nC\u00f3digo de producto: 204M<br \/>\nEl precio de este perfume depende de la cantidad indicada.<br \/>\n\u00a1Por favor, danos tu opini\u00f3n despu\u00e9s de la compra!<\/p>\n<p>Consulta tambi\u00e9n otros perfumes Calvin Klein y sus sustitutos.<\/p>\n<p>\u00bfExisten otras versiones del perfume Euforia?<br \/>\nS\u00ed, adem\u00e1s del perfume masculino mencionado anteriormente, tambi\u00e9n hay versiones femeninas de Calvin Klein Euphoria Women (la versi\u00f3n b\u00e1sica), as\u00ed como Deep Euphoria y CK Euphoria Blossom. Merece la pena probarlos y formarse una opini\u00f3n. <\/p>\n","protected":false},"excerpt":{"rendered":"<p>Inspiraci\u00f3n: Calvin Klein Euphoria Men EDT 30ML<\/p>\n<p class=\"product__text inline-richtext\"><strong>\u2705 Eau de Toilette 19-21% Perfume<\/strong><\/p>\n<p class=\"product__text inline-richtext\"><strong>\u2705 La fragancia dura un segundo d\u00eda<\/strong><\/p>\n<p class=\"product__text inline-richtext\"><strong>Compra la fragancia, no la marca: ahorra dinero<\/strong><\/p>\n","protected":false},"featured_media":35924,"comment_status":"open","ping_status":"closed","template":"","meta":{"_acf_changed":false},"product_brand":[],"product_cat":[199],"product_tag":[],"class_list":{"0":"post-26965","1":"product","2":"type-product","3":"status-publish","4":"has-post-thumbnail","6":"product_cat-para-hombre","8":"first","9":"instock","10":"shipping-taxable","11":"purchasable","12":"product-type-variable"},"acf":[],"aioseo_notices":[],"jetpack_sharing_enabled":true,"_links":{"self":[{"href":"https:\/\/dupescents.co\/es\/wp-json\/wp\/v2\/product\/26965","targetHints":{"allow":["GET"]}}],"collection":[{"href":"https:\/\/dupescents.co\/es\/wp-json\/wp\/v2\/product"}],"about":[{"href":"https:\/\/dupescents.co\/es\/wp-json\/wp\/v2\/types\/product"}],"replies":[{"embeddable":true,"href":"https:\/\/dupescents.co\/es\/wp-json\/wp\/v2\/comments?post=26965"}],"wp:featuredmedia":[{"embeddable":true,"href":"https:\/\/dupescents.co\/es\/wp-json\/wp\/v2\/media\/35924"}],"wp:attachment":[{"href":"https:\/\/dupescents.co\/es\/wp-json\/wp\/v2\/media?parent=26965"}],"wp:term":[{"taxonomy":"product_brand","embeddable":true,"href":"https:\/\/dupescents.co\/es\/wp-json\/wp\/v2\/product_brand?post=26965"},{"taxonomy":"product_cat","embeddable":true,"href":"https:\/\/dupescents.co\/es\/wp-json\/wp\/v2\/product_cat?post=26965"},{"taxonomy":"product_tag","embeddable":true,"href":"https:\/\/dupescents.co\/es\/wp-json\/wp\/v2\/product_tag?post=26965"}],"curies":[{"name":"wp","href":"https:\/\/api.w.org\/{rel}","templated":true}]}}