{"id":26940,"date":"2025-03-29T18:31:43","date_gmt":"2025-03-29T17:31:43","guid":{"rendered":"https:\/\/dupescents.co\/products\/sustituto-magico-del-perfume-208m\/"},"modified":"2025-11-05T19:25:04","modified_gmt":"2025-11-05T18:25:04","slug":"sustituto-magico-del-perfume-208m","status":"publish","type":"product","link":"https:\/\/dupescents.co\/es\/productos\/sustituto-magico-del-perfume-208m\/","title":{"rendered":"SUSTITUTO M\u00c1GICO DEL PERFUME 208M"},"content":{"rendered":"<p>208M - Ein \u00e4hnlicher Duft wie Lacoste Essential Homme<\/p>\n<p>DIE DUFTNOTEN UNSERES ERSATZSTOFFES:<\/p>\n<p>BERGAMOT<br \/>\nSCHWARZES JOHANNISBEERBLATT<br \/>\nMANDARINE<br \/>\nTOMATO-BLATT<br \/>\nROSE<br \/>\nPAPIER<br \/>\nPACULA<br \/>\nSANDELHOLZ<br \/>\nDUFTBESCHREIBUNG:<\/p>\n<p>Ein unverzichtbarer Duft f\u00fcr jeden selbstbewussten Mann. Unser 208M ist eine Komposition aus frischen Blumen, umgeben von tiefen holzigen Noten, die hier das dominierende Aroma sind. Mit seinem belebenden Charakter ist dieses Eau de Parfum f\u00fcr M\u00e4nner ideal f\u00fcr den Tag.<\/p>\n<p>MERKMALE VON 208M:<br \/>\nDufttyp: holzig<br \/>\nF\u00fcr wen: f\u00fcr M\u00e4nner<br \/>\nInhalt: 10 ml \/ 30 ml \/ 50 ml \/ 100 ml<br \/>\nProdukt-Code: 208M<br \/>\nDer Preis f\u00fcr dieses Parf\u00fcm h\u00e4ngt von der angegebenen Menge ab.<br \/>\nBitte geben Sie uns Ihr Feedback nach dem Kauf!<\/p>\n<p>Wonach riecht 208M?<br \/>\nEs ist ein maskuliner Duft, der als holzig eingestuft wird. Es enth\u00e4lt unter anderem Duftnoten wie Sandelholz, Tomatenblatt und Bergamotte, und das Ganze erf\u00fcllt Sie mit Energie und gibt Ihnen Kraft f\u00fcr den Tag.<\/p>\n","protected":false},"excerpt":{"rendered":"<p class=\"product__text inline-richtext\">Inspiraci\u00f3n: LACOSTE ESSENTIAL HOMME EDP<\/p>\n<p class=\"product__text inline-richtext\"><strong>\u2705 Eau de Toilette 19-21% Perfume<\/strong><\/p>\n<p class=\"product__text inline-richtext\"><strong>\u2705 La fragancia dura un segundo d\u00eda<\/strong><\/p>\n<p class=\"product__text inline-richtext\"><strong>Compra la fragancia, no la marca: ahorra dinero<\/strong><\/p>\n","protected":false},"featured_media":0,"comment_status":"open","ping_status":"closed","template":"","meta":{"_acf_changed":false},"product_brand":[],"product_cat":[199],"product_tag":[],"class_list":{"0":"post-26940","1":"product","2":"type-product","3":"status-publish","5":"product_cat-para-hombre","7":"first","8":"instock","9":"shipping-taxable","10":"purchasable","11":"product-type-variable"},"acf":[],"aioseo_notices":[],"jetpack_sharing_enabled":true,"_links":{"self":[{"href":"https:\/\/dupescents.co\/es\/wp-json\/wp\/v2\/product\/26940","targetHints":{"allow":["GET"]}}],"collection":[{"href":"https:\/\/dupescents.co\/es\/wp-json\/wp\/v2\/product"}],"about":[{"href":"https:\/\/dupescents.co\/es\/wp-json\/wp\/v2\/types\/product"}],"replies":[{"embeddable":true,"href":"https:\/\/dupescents.co\/es\/wp-json\/wp\/v2\/comments?post=26940"}],"wp:attachment":[{"href":"https:\/\/dupescents.co\/es\/wp-json\/wp\/v2\/media?parent=26940"}],"wp:term":[{"taxonomy":"product_brand","embeddable":true,"href":"https:\/\/dupescents.co\/es\/wp-json\/wp\/v2\/product_brand?post=26940"},{"taxonomy":"product_cat","embeddable":true,"href":"https:\/\/dupescents.co\/es\/wp-json\/wp\/v2\/product_cat?post=26940"},{"taxonomy":"product_tag","embeddable":true,"href":"https:\/\/dupescents.co\/es\/wp-json\/wp\/v2\/product_tag?post=26940"}],"curies":[{"name":"wp","href":"https:\/\/api.w.org\/{rel}","templated":true}]}}