{"id":26924,"date":"2025-03-29T18:32:27","date_gmt":"2025-03-29T17:32:27","guid":{"rendered":"https:\/\/dupescents.co\/products\/sustituto-magico-del-perfume-262m\/"},"modified":"2025-11-05T19:25:02","modified_gmt":"2025-11-05T18:25:02","slug":"sustituto-magico-del-perfume-262m","status":"publish","type":"product","link":"https:\/\/dupescents.co\/es\/productos\/sustituto-magico-del-perfume-262m\/","title":{"rendered":"SUSTITUTO M\u00c1GICO DEL PERFUME 262M"},"content":{"rendered":"<p>262M - Lacoste L 12.12. Gelb (Jaune - Optimistisch) Ersatz<br \/>\nEAU DE PARFUM NO 262M - ERSATZ LACOSTE L 12.12. GELB (JAUNE - OPTIMISTISCH)<\/p>\n<p>DUFTNOTEN UNSERES ERSATZES:<\/p>\n<p>TONIC WATER<br \/>\nGREYFRUT<br \/>\nZYPERN<br \/>\nROTER APFEL<br \/>\nROSENPFEFFER<br \/>\nVETIVIA<br \/>\nCOLLENDRA<br \/>\nBURSHINE<br \/>\nDUFTBESCHREIBUNG:<\/p>\n<p>Optimistische Sonnenstrahlen in einem Parf\u00fcmflakon verk\u00f6rpert. Dieses Eau de Parfum ist das Gegenst\u00fcck zum Lacoste L 12.12 Yellow (Jaune - Optimistic). Es ist ein wunderbar erhebender Duft, der Ihnen hilft, die Realit\u00e4t in etwas helleren Farben zu sehen. Aromatische, fruchtige Noten sprechen vor allem elegante, moderne M\u00e4nner an.<\/p>\n<p>MERKMALE DES PARFUMS LACOSTE L 12.12. YELLOW (JAUNE - OPTIMISTISCH) \u00c4QUIVALENT:<br \/>\nDufttyp: aromatisch, fruchtig<br \/>\nF\u00fcr wen: m\u00e4nnlich<br \/>\nInhalt 10 ml \/ 30 ml \/ 50 ml \/ 100 ml<br \/>\nProdukt-Code: 262M<br \/>\nDer Preis f\u00fcr dieses Parf\u00fcm h\u00e4ngt von der angegebenen Menge ab.<br \/>\nBitte geben Sie uns Ihr Feedback nach dem Kauf!<\/p>\n<p>Siehe auch andere Lacoste Parfums und deren Ersatzprodukte.<\/p>\n","protected":false},"excerpt":{"rendered":"<p class=\"product__text inline-richtext\">Inspiraci\u00f3n: LACOSTE L 12.12. AMARILLO (JAUNE - OPTIMISTA) EDP <\/p>\n<p class=\"product__text inline-richtext\"><strong>\u2705 Eau de Toilette 19-21% Perfume<\/strong><\/p>\n<p class=\"product__text inline-richtext\"><strong>\u2705 La fragancia dura un segundo d\u00eda<\/strong><\/p>\n<p class=\"product__text inline-richtext\"><strong>Compra la fragancia, no la marca: ahorra dinero<\/strong><\/p>\n","protected":false},"featured_media":0,"comment_status":"open","ping_status":"closed","template":"","meta":{"_acf_changed":false},"product_brand":[],"product_cat":[199],"product_tag":[],"class_list":{"0":"post-26924","1":"product","2":"type-product","3":"status-publish","5":"product_cat-para-hombre","7":"first","8":"instock","9":"shipping-taxable","10":"purchasable","11":"product-type-variable"},"acf":[],"aioseo_notices":[],"jetpack_sharing_enabled":true,"_links":{"self":[{"href":"https:\/\/dupescents.co\/es\/wp-json\/wp\/v2\/product\/26924","targetHints":{"allow":["GET"]}}],"collection":[{"href":"https:\/\/dupescents.co\/es\/wp-json\/wp\/v2\/product"}],"about":[{"href":"https:\/\/dupescents.co\/es\/wp-json\/wp\/v2\/types\/product"}],"replies":[{"embeddable":true,"href":"https:\/\/dupescents.co\/es\/wp-json\/wp\/v2\/comments?post=26924"}],"wp:attachment":[{"href":"https:\/\/dupescents.co\/es\/wp-json\/wp\/v2\/media?parent=26924"}],"wp:term":[{"taxonomy":"product_brand","embeddable":true,"href":"https:\/\/dupescents.co\/es\/wp-json\/wp\/v2\/product_brand?post=26924"},{"taxonomy":"product_cat","embeddable":true,"href":"https:\/\/dupescents.co\/es\/wp-json\/wp\/v2\/product_cat?post=26924"},{"taxonomy":"product_tag","embeddable":true,"href":"https:\/\/dupescents.co\/es\/wp-json\/wp\/v2\/product_tag?post=26924"}],"curies":[{"name":"wp","href":"https:\/\/api.w.org\/{rel}","templated":true}]}}