{"id":26898,"date":"2025-03-30T11:26:59","date_gmt":"2025-03-30T09:26:59","guid":{"rendered":"https:\/\/dupescents.co\/products\/huele-a-cereza-perdida\/"},"modified":"2026-02-21T20:45:33","modified_gmt":"2026-02-21T19:45:33","slug":"huele-a-cereza-perdida","status":"publish","type":"product","link":"https:\/\/dupescents.co\/es\/productos\/huele-a-cereza-perdida\/","title":{"rendered":"Huele a&#8230; Cereza perdida"},"content":{"rendered":"<p>438W - REPUESTO PARA EL PARFUME DE CEREZA PERDIDA DE TOM FORD<br \/>\nEAU DE PARFUM NR. 438W - REPUESTO PARA EL PARFUME DE CEREZA PERDIDA DE TOM FORD<\/p>\n<p>NOTAS DE FRAGANCIA DE NUESTRO SUSTITUTO:<\/p>\n<p>ALMENDRA AMARGA<br \/>\nCEREZA<br \/>\nLICOR DE CEREZA<br \/>\nROSA TURCA<br \/>\nPLUM<br \/>\nJAZM\u00cdN DE HOJA GRANDE<br \/>\nVANILLE<br \/>\nTONKA FRUIT<br \/>\nZIMT<br \/>\nB\u00c1LSAMO PERUANO<br \/>\nBENZOES<br \/>\nSANDELWALD<br \/>\nCLAVO (PIMIENTA)<br \/>\nCEDRO<br \/>\nPACULA<br \/>\nVETIVER<br \/>\nDESCRIPCI\u00d3N DE LA FRAGANCIA:<\/p>\n<p>\u00a1La contrapartida del perfume Cereza Perdida es un fest\u00edn para los sentidos! La jugosa ciruela, la rom\u00e1ntica rosa, el delicado jazm\u00edn y la almendra amarga se entremezclan con notas de vainilla, haba tonka y s\u00e1ndalo. Una fragancia llena de pasi\u00f3n y dulzura, creada tanto para mujeres como para hombres. \u00a1Pru\u00e9bala y siente la oleada de confianza en ti misma con la que enamorar\u00e1s al objeto de tu afecto o atraer\u00e1s la atenci\u00f3n de los que te rodean!   <\/p>\n<p>CARACTER\u00cdSTICAS DE LA FRAGANCIA DE TOM FORD LOST CHERRY EQUIVALENT:<br \/>\nTipo de fragancia: floral, oriental.<br \/>\nPara qui\u00e9n: unisex<br \/>\nVolumen: 10 ml \/ 30 ml \/ 50 ml \/ 100 ml<br \/>\nC\u00f3digo de producto: 438W<br \/>\nEl precio de este perfume depende de la cantidad indicada.<br \/>\n\u00a1Por favor, danos tu opini\u00f3n despu\u00e9s de la compra!<\/p>\n<p>Fragancia equivalente a Tom Form Lost Cherry<br \/>\nTOM FORD Lost Cherry Eau de Parfum es una fragancia unisex \u00fanica que se despliega perfectamente tanto en la piel femenina como en la masculina. Este producto \u00fanico atrae la atenci\u00f3n con una inusual combinaci\u00f3n de notas de fragancia que crean un aura sensual e intrigante alrededor de su portador. <\/p>\n","protected":false},"excerpt":{"rendered":"<p>Inspiraci\u00f3n: Tom Ford Lost Cherry EDP 100ML<\/p>\n<p class=\"product__text inline-richtext\"><strong>\u2705 Eau de Toilette 19-21% Perfume<\/strong><\/p>\n<p class=\"product__text inline-richtext\"><strong>\u2705 La fragancia dura un segundo d\u00eda<\/strong><\/p>\n<p class=\"product__text inline-richtext\"><strong>Compra la fragancia, no la marca: ahorra dinero<\/strong><\/p>\n","protected":false},"featured_media":35835,"comment_status":"open","ping_status":"closed","template":"","meta":{"_acf_changed":false},"product_brand":[],"product_cat":[204],"product_tag":[],"class_list":{"0":"post-26898","1":"product","2":"type-product","3":"status-publish","4":"has-post-thumbnail","6":"product_cat-para-mujeres","8":"first","9":"instock","10":"shipping-taxable","11":"purchasable","12":"product-type-variable"},"acf":[],"aioseo_notices":[],"jetpack_sharing_enabled":true,"_links":{"self":[{"href":"https:\/\/dupescents.co\/es\/wp-json\/wp\/v2\/product\/26898","targetHints":{"allow":["GET"]}}],"collection":[{"href":"https:\/\/dupescents.co\/es\/wp-json\/wp\/v2\/product"}],"about":[{"href":"https:\/\/dupescents.co\/es\/wp-json\/wp\/v2\/types\/product"}],"replies":[{"embeddable":true,"href":"https:\/\/dupescents.co\/es\/wp-json\/wp\/v2\/comments?post=26898"}],"wp:featuredmedia":[{"embeddable":true,"href":"https:\/\/dupescents.co\/es\/wp-json\/wp\/v2\/media\/35835"}],"wp:attachment":[{"href":"https:\/\/dupescents.co\/es\/wp-json\/wp\/v2\/media?parent=26898"}],"wp:term":[{"taxonomy":"product_brand","embeddable":true,"href":"https:\/\/dupescents.co\/es\/wp-json\/wp\/v2\/product_brand?post=26898"},{"taxonomy":"product_cat","embeddable":true,"href":"https:\/\/dupescents.co\/es\/wp-json\/wp\/v2\/product_cat?post=26898"},{"taxonomy":"product_tag","embeddable":true,"href":"https:\/\/dupescents.co\/es\/wp-json\/wp\/v2\/product_tag?post=26898"}],"curies":[{"name":"wp","href":"https:\/\/api.w.org\/{rel}","templated":true}]}}