{"id":26888,"date":"2025-03-30T11:24:56","date_gmt":"2025-03-30T09:24:56","guid":{"rendered":"https:\/\/dupescents.co\/products\/huele-a-libre\/"},"modified":"2026-02-15T05:56:12","modified_gmt":"2026-02-15T04:56:12","slug":"huele-a-libre","status":"publish","type":"product","link":"https:\/\/dupescents.co\/es\/productos\/huele-a-libre\/","title":{"rendered":"Huele a&#8230; LIBRE"},"content":{"rendered":"<p>034W - Ersatz f\u00fcr Yves Saint Laurent Libre<br \/>\nEAU DE PARFUM NO 034W - ERSATZ F\u00dcR YVES SAINT LAURENT LIBRE<\/p>\n<p>DUFTNOTEN VON UNSEREM ERSATZ:<\/p>\n<p>MANDARINE<br \/>\nLAVENDER<br \/>\nBLACKCURRANT<br \/>\nPETITGRAIN<br \/>\nJASMINE<br \/>\nORANGE BLOSSOM<br \/>\nMADAGASKAR VANILLE<br \/>\nCEDR<br \/>\nAMBRA<br \/>\nPI\u017bMO<br \/>\nDUFTBESCHREIBUNG:<\/p>\n<p>Ein Duft, der mit einem wunderbaren Gef\u00fchl von Freiheit verf\u00fchrt. Unser Eau de Parfum Nr. 034W ist ein Pendant zur Komposition Yves Saint Laurent Libre, das besonders von starken und selbstbewussten Frauen gesch\u00e4tzt wird. Saftig-fruchtige Noten werden von aromatischem Lavendel und frischen Fr\u00fchlingsblumen \u00fcbert\u00f6nt. Das Ergebnis ist ein Duft, bei dem nichts unm\u00f6glich ist!<\/p>\n<p>MERKMALE DES \u00c4QUIVALENTS DES PARFUMS YVES SAINT LAURENT LIBRE:<br \/>\nDufttyp: fruchtig, blumig<br \/>\nF\u00fcr wen: Frauen<br \/>\nInhalt: 10ml \/ 30ml \/ 50ml \/ 100ml<br \/>\nProdukt-Code: 034W<br \/>\nDer Preis f\u00fcr dieses Parf\u00fcm h\u00e4ngt von der angegebenen Menge ab.<br \/>\nBitte geben Sie uns nach dem Kauf Ihr Feedback!<\/p>\n<p>YSL Libre - Parf\u00fcm-Box<br \/>\nWenn Sie gerne neue D\u00fcfte testen, setzen Sie auf Parfumettes! Die kleinen Kapazit\u00e4ten zum niedrigen Preis der inspirierten Parfums sorgen daf\u00fcr, dass Sie mehr Parfums als die Originale ausprobieren k\u00f6nnen. Probieren Sie es aus und bestellen Sie eine von YSL Libre inspirierte Parf\u00fcmflasche mit 10 oder 30 ml Inhalt auf fabrykazapachu.co.uk!<\/p>\n<p>Sehen Sie auch andere Yves Saint Laurent Parfums und ihre Ersatzprodukte.<\/p>\n<p>Wie riecht das \u00c4quivalent des Libre-Parfums?<br \/>\nEs ist ein Eau de Parfum, das unter anderem Noten von Mandarine, Ambra, Jasmin, Vanille und Ambra kombiniert. Die Kombination ist sehr frisch und saftig. Das Endergebnis verleiht Selbstvertrauen und ist ideal f\u00fcr Frauen, die gerne ihre eigenen Regeln aufstellen. Die Gesamtwirkung ist sehr elegant und schick.<\/p>\n<p>Riecht der Parf\u00fcmersatz YSL Libre nach Lavendel?<br \/>\nJa, dieses Parf\u00fcm enth\u00e4lt Lavendelnoten, obwohl es auch einen Hauch von Jasmin hat und auch mit Orangenbl\u00fcten bezaubert. Das Ganze ergibt eine sehr interessante Komposition.<\/p>\n<p>Welche Art von Duft entspricht dem Parf\u00fcm YSL Libre?<br \/>\nEs ist ein intensiver und sch\u00f6ner Duft, der als fruchtig, aber auch blumig beschrieben wird. Mit seiner Frische und den blumigen Noten eignet er sich gut als Parf\u00fcm f\u00fcr den Fr\u00fchling und den Sommer, kann aber auch im Herbst und Winter f\u00fcr Aufmerksamkeit und positive Gef\u00fchle sorgen.<\/p>\n","protected":false},"excerpt":{"rendered":"<p class=\"product__text inline-richtext\">Inspiraci\u00f3n: Yves Saint Laurent LIBRE EDP 30ML<\/p>\n<p class=\"product__text inline-richtext\"><strong>\u2705 Eau de Toilette 19-21% Perfume<\/strong><\/p>\n<p class=\"product__text inline-richtext\"><strong>\u2705 La fragancia dura un segundo d\u00eda<\/strong><\/p>\n<p class=\"product__text inline-richtext\"><strong>Compra la fragancia, no la marca: ahorra dinero<\/strong><\/p>\n","protected":false},"featured_media":35275,"comment_status":"open","ping_status":"closed","template":"","meta":{"_acf_changed":false},"product_brand":[],"product_cat":[204],"product_tag":[],"class_list":{"0":"post-26888","1":"product","2":"type-product","3":"status-publish","4":"has-post-thumbnail","6":"product_cat-para-mujeres","8":"first","9":"instock","10":"shipping-taxable","11":"purchasable","12":"product-type-variable"},"acf":[],"aioseo_notices":[],"jetpack_sharing_enabled":true,"_links":{"self":[{"href":"https:\/\/dupescents.co\/es\/wp-json\/wp\/v2\/product\/26888","targetHints":{"allow":["GET"]}}],"collection":[{"href":"https:\/\/dupescents.co\/es\/wp-json\/wp\/v2\/product"}],"about":[{"href":"https:\/\/dupescents.co\/es\/wp-json\/wp\/v2\/types\/product"}],"replies":[{"embeddable":true,"href":"https:\/\/dupescents.co\/es\/wp-json\/wp\/v2\/comments?post=26888"}],"wp:featuredmedia":[{"embeddable":true,"href":"https:\/\/dupescents.co\/es\/wp-json\/wp\/v2\/media\/35275"}],"wp:attachment":[{"href":"https:\/\/dupescents.co\/es\/wp-json\/wp\/v2\/media?parent=26888"}],"wp:term":[{"taxonomy":"product_brand","embeddable":true,"href":"https:\/\/dupescents.co\/es\/wp-json\/wp\/v2\/product_brand?post=26888"},{"taxonomy":"product_cat","embeddable":true,"href":"https:\/\/dupescents.co\/es\/wp-json\/wp\/v2\/product_cat?post=26888"},{"taxonomy":"product_tag","embeddable":true,"href":"https:\/\/dupescents.co\/es\/wp-json\/wp\/v2\/product_tag?post=26888"}],"curies":[{"name":"wp","href":"https:\/\/api.w.org\/{rel}","templated":true}]}}