{"id":26870,"date":"2025-03-30T11:26:14","date_gmt":"2025-03-30T09:26:14","guid":{"rendered":"https:\/\/dupescents.co\/products\/huele-a-paradojas\/"},"modified":"2026-02-21T12:28:13","modified_gmt":"2026-02-21T11:28:13","slug":"huele-a-paradojas","status":"publish","type":"product","link":"https:\/\/dupescents.co\/es\/productos\/huele-a-paradojas\/","title":{"rendered":"Huele a&#8230; Paradojas"},"content":{"rendered":"<p>437W - Ersatz f\u00fcr Prada Paradoxe<br \/>\nEau de Parfum No 437W - Gegenst\u00fcck zu Prada Paradoxe<\/p>\n<p>DUFTNOTEN UNSERES ERSATZES:<\/p>\n<p>Birne<br \/>\nMandarine<br \/>\nBergamotte<br \/>\nOrangenbl\u00fcte<br \/>\nNeroli<br \/>\nGro\u00dfbl\u00e4ttriger Jasmin<br \/>\nVanille<br \/>\nBernstein<br \/>\nWei\u00dfer Moschus<br \/>\nBenzoe<br \/>\nDUFTBESCHREIBUNG:<\/p>\n<p>Das vom Prada Paradoxe-Duft inspirierte Parf\u00fcm erm\u00f6glicht es Ihnen, Ihre einzigartige Pers\u00f6nlichkeit zum Ausdruck zu bringen. Es wurde f\u00fcr Frauen kreiert, die gegen den Strom schwimmen, ihren eigenen Weg gehen und keine Kompromisse eingehen wollen! Die Mischung ist eine interessante und ungew\u00f6hnliche Kombination aus den Duftnoten von Birne, Mandarine, Neroli, Vanille aus Madagaskar und Moschus. Er eignet sich sowohl f\u00fcr den Alltag als auch f\u00fcr festliche Anl\u00e4sse.<\/p>\n<p>MERKMALE DES \u00c4QUIVALENTS DES PARFUMS PRADA PARADOXE:<\/p>\n<p>Dufttyp: orientalisch, blumig<br \/>\nF\u00fcr wen: weiblich<br \/>\nInhalt: 10ml \/ 30ml \/ 50ml \/ 100ml<br \/>\nProdukt-Code: 437W<br \/>\nDer Preis f\u00fcr dieses Parf\u00fcm h\u00e4ngt von der angegebenen Menge ab.<br \/>\nAchten Sie darauf, uns Ihr Feedback nach dem Kauf zu geben!<\/p>\n","protected":false},"excerpt":{"rendered":"<p class=\"product__text inline-richtext\">Inspiraci\u00f3n: Prada Paradoxe EDP 50ML<\/p>\n<p class=\"product__text inline-richtext\"><strong>\u2705 Eau de Toilette 19-21% Perfume<\/strong><\/p>\n<p class=\"product__text inline-richtext\"><strong>\u2705 La fragancia dura un segundo d\u00eda<\/strong><\/p>\n<p class=\"product__text inline-richtext\"><strong>Compra la fragancia, no la marca: ahorra dinero<\/strong><\/p>\n","protected":false},"featured_media":35266,"comment_status":"open","ping_status":"closed","template":"","meta":{"_acf_changed":false},"product_brand":[],"product_cat":[212,204],"product_tag":[],"class_list":{"0":"post-26870","1":"product","2":"type-product","3":"status-publish","4":"has-post-thumbnail","6":"product_cat-los-mas-vendidos","7":"product_cat-para-mujeres","9":"first","10":"instock","11":"shipping-taxable","12":"purchasable","13":"product-type-variable"},"acf":[],"aioseo_notices":[],"jetpack_sharing_enabled":true,"_links":{"self":[{"href":"https:\/\/dupescents.co\/es\/wp-json\/wp\/v2\/product\/26870","targetHints":{"allow":["GET"]}}],"collection":[{"href":"https:\/\/dupescents.co\/es\/wp-json\/wp\/v2\/product"}],"about":[{"href":"https:\/\/dupescents.co\/es\/wp-json\/wp\/v2\/types\/product"}],"replies":[{"embeddable":true,"href":"https:\/\/dupescents.co\/es\/wp-json\/wp\/v2\/comments?post=26870"}],"wp:featuredmedia":[{"embeddable":true,"href":"https:\/\/dupescents.co\/es\/wp-json\/wp\/v2\/media\/35266"}],"wp:attachment":[{"href":"https:\/\/dupescents.co\/es\/wp-json\/wp\/v2\/media?parent=26870"}],"wp:term":[{"taxonomy":"product_brand","embeddable":true,"href":"https:\/\/dupescents.co\/es\/wp-json\/wp\/v2\/product_brand?post=26870"},{"taxonomy":"product_cat","embeddable":true,"href":"https:\/\/dupescents.co\/es\/wp-json\/wp\/v2\/product_cat?post=26870"},{"taxonomy":"product_tag","embeddable":true,"href":"https:\/\/dupescents.co\/es\/wp-json\/wp\/v2\/product_tag?post=26870"}],"curies":[{"name":"wp","href":"https:\/\/api.w.org\/{rel}","templated":true}]}}