{"id":26861,"date":"2025-03-30T11:34:45","date_gmt":"2025-03-30T09:34:45","guid":{"rendered":"https:\/\/dupescents.co\/products\/huele-a-opio-negro\/"},"modified":"2026-02-15T06:00:32","modified_gmt":"2026-02-15T05:00:32","slug":"huele-a-opio-negro","status":"publish","type":"product","link":"https:\/\/dupescents.co\/es\/productos\/huele-a-opio-negro\/","title":{"rendered":"Huele a&#8230; Opio negro"},"content":{"rendered":"<p>132W - Ersatz f\u00fcr Yves Saint Laurent Black Opium<br \/>\nEAU DE PARFUM NO 132W - ERSATZ F\u00dcR YVES SAINT LAURENT BLACK OPIUM<\/p>\n<p>DUFTNOTEN UNSERES ERSATZES:<\/p>\n<p>VANILLA<br \/>\nKAFFEE<br \/>\nGRUSH<br \/>\nJASMINE<br \/>\nPACULA<br \/>\nPINK PEPPER<br \/>\nORANGE BLOSSOM<br \/>\nBITTERE ALMOND<br \/>\nLUCITE<br \/>\nZEDER<br \/>\nCASHMERE-HOLZ<br \/>\nBESCHREIBUNG DES FRANZ\u00d6SISCHEN PARFUMS BLACK OPIUM:<br \/>\nEin wahnsinnig femininer und sinnlicher Duft f\u00fcr selbstbewusste Frauen. Unser Gegenst\u00fcck zum s\u00fc\u00dfen Parf\u00fcm Nr. 132W Yves Saint Laurent Black Opium ist ein Eau de Parfum voller verf\u00fchrerischer Noten, die sich aus einer Kombination von s\u00fc\u00dfer Vanille, Kaffee und Birne mit blumigen und holzigen D\u00fcften zusammensetzen. Dank seiner warmen Akkorde ist es perfekt f\u00fcr k\u00e4ltere Tage.<\/p>\n<p>EIGENSCHAFTEN DES PARF\u00dcMS BLACK OPIUM EQUIVALENT:<br \/>\nDufttyp: orientalisch<br \/>\nF\u00fcr wen: Damenparf\u00fcm<br \/>\nInhalt 30 ml \/ 50 ml \/ 100 ml<br \/>\nProdukt-Code: 132W<br \/>\nDer Preis f\u00fcr dieses Parf\u00fcm h\u00e4ngt von der angegebenen Menge ab.<br \/>\nBitte geben Sie uns nach dem Kauf Ihr Feedback!<\/p>\n<p>Parf\u00fcm \u00e4hnlich Black Opium - Ersatz<br \/>\nDas Gegenst\u00fcck zum Parf\u00fcm 132W von Fragrance Factory ist ein Eau de Toilette, das von dem Duft Black Opium inspiriert ist. Dank der sorgf\u00e4ltig ausgew\u00e4hlten Parf\u00fcm-Inhaltsstoffe unterscheidet sich dieser Duft in Langlebigkeit und Luxus nicht vom Original. Bestellen und testen Sie ein \u00e4hnliches Parfum wie Black Opium!<\/p>\n<p>Black Opium - Parfumette<br \/>\nIm Fragrance Factory Shop k\u00f6nnen Sie eine Black Opium Parf\u00fcmette in 10 ml oder 30 ml kaufen. Warum es sich lohnt. Dank des kleinen Fassungsverm\u00f6gens k\u00f6nnen Sie den Flakon \u00fcberall hin mitnehmen, auch in eine kleine Handtasche. Wenn Sie gerne mit dem Flugzeug reisen, wird das Parf\u00fcmfl\u00e4schchen ein st\u00e4ndiger Reisebegleiter sein!<\/p>\n<p>Sehen Sie sich auch andere Yves Saint Laurent Parfums und ihre Ersatzprodukte an.<\/p>\n<p>Black Opium - ein franz\u00f6sisches Parf\u00fcm<br \/>\nSie suchen nach einer g\u00fcnstigeren Alternative zu Black Opium Parf\u00fcm? Probieren Sie das franz\u00f6sische Parf\u00fcm Nr. 132W von Fragrance Factory! Ein Parf\u00fcm, das vom Duft des Black Opium inspiriert ist, der von Frauen auf der ganzen Welt geliebt wird. Probieren Sie es aus!<\/p>\n<p>Wie riecht der Black Opium-Parf\u00fcmersatz?<br \/>\nEs handelt sich um einen orientalischen Duft, der verschiedene Noten enth\u00e4lt, unter anderem Kaffee, Lakritz, Vanille, Orangenbl\u00fcte und Kaschmirholz. Das Ganze ist faszinierend und geheimnisvoll.<\/p>\n<p>Ist das \u00c4quivalent von YSL Black Opium lang anhaltend?<br \/>\nDieses Eau de Parfum ist so konzipiert, dass seine Langlebigkeit vollkommen zufriedenstellend ist und es in vielen Situationen erfolgreich eingesetzt werden kann.<\/p>\n<p>Ist das \u00c4quivalent von YSL Black Opium lang anhaltend?<br \/>\nDieses Eau de Parfum wurde so formuliert, dass seine Langlebigkeit voll und ganz zufriedenstellend ist und es Sie in vielen Situationen erfolgreich begleiten wird.<\/p>\n<p>Ist dieser Ersatz ein gutes Geschenk f\u00fcr eine Freundin?<br \/>\nAuf jeden Fall - das \u00c4quivalent des Black Opium Parfums ist ein Duft, der wirklich nach Ihrem Geschmack ist und viele positive Gef\u00fchle hervorruft!<\/p>\n<p>Das \u00c4quivalent Floral Shock und das \u00c4quivalent Black Opium Intense sind einen Blick wert. Nat\u00fcrlich handelt es sich auch hier um Damend\u00fcfte.<\/p>\n","protected":false},"excerpt":{"rendered":"<p class=\"product__text inline-richtext\">Inspiraci\u00f3n: Yves Saint Laurent Black Opium EDP 30ML<\/p>\n<p class=\"product__text inline-richtext\"><strong>\u2705 Eau de Toilette 19-21% Perfume<\/strong><\/p>\n<p class=\"product__text inline-richtext\"><strong>\u2705 La fragancia dura un segundo d\u00eda<\/strong><\/p>\n<p class=\"product__text inline-richtext\"><strong>Compra la fragancia, no la marca: ahorra dinero<\/strong><\/p>\n","protected":false},"featured_media":35280,"comment_status":"open","ping_status":"closed","template":"","meta":{"_acf_changed":false},"product_brand":[],"product_cat":[204],"product_tag":[],"class_list":{"0":"post-26861","1":"product","2":"type-product","3":"status-publish","4":"has-post-thumbnail","6":"product_cat-para-mujeres","8":"first","9":"instock","10":"shipping-taxable","11":"purchasable","12":"product-type-variable"},"acf":[],"aioseo_notices":[],"jetpack_sharing_enabled":true,"_links":{"self":[{"href":"https:\/\/dupescents.co\/es\/wp-json\/wp\/v2\/product\/26861","targetHints":{"allow":["GET"]}}],"collection":[{"href":"https:\/\/dupescents.co\/es\/wp-json\/wp\/v2\/product"}],"about":[{"href":"https:\/\/dupescents.co\/es\/wp-json\/wp\/v2\/types\/product"}],"replies":[{"embeddable":true,"href":"https:\/\/dupescents.co\/es\/wp-json\/wp\/v2\/comments?post=26861"}],"wp:featuredmedia":[{"embeddable":true,"href":"https:\/\/dupescents.co\/es\/wp-json\/wp\/v2\/media\/35280"}],"wp:attachment":[{"href":"https:\/\/dupescents.co\/es\/wp-json\/wp\/v2\/media?parent=26861"}],"wp:term":[{"taxonomy":"product_brand","embeddable":true,"href":"https:\/\/dupescents.co\/es\/wp-json\/wp\/v2\/product_brand?post=26861"},{"taxonomy":"product_cat","embeddable":true,"href":"https:\/\/dupescents.co\/es\/wp-json\/wp\/v2\/product_cat?post=26861"},{"taxonomy":"product_tag","embeddable":true,"href":"https:\/\/dupescents.co\/es\/wp-json\/wp\/v2\/product_tag?post=26861"}],"curies":[{"name":"wp","href":"https:\/\/api.w.org\/{rel}","templated":true}]}}