{"id":26843,"date":"2025-03-30T11:37:09","date_gmt":"2025-03-30T09:37:09","guid":{"rendered":"https:\/\/dupescents.co\/products\/huele-a-nacido-en-roma\/"},"modified":"2026-02-21T20:49:48","modified_gmt":"2026-02-21T19:49:48","slug":"huele-a-nacido-en-roma","status":"publish","type":"product","link":"https:\/\/dupescents.co\/es\/productos\/huele-a-nacido-en-roma\/","title":{"rendered":"Huele a&#8230; Nacido en Roma"},"content":{"rendered":"<p>469W - Replica Valentino Donna Born In Roma<br \/>\nVOCA PERFUMADA No 469W - Reemplazo de Valentino Donna Born In Roma<br \/>\nNOTAS DE FRAGANCIA DE NUESTRO REEMPLAZO:<\/p>\n<p>Grosella Negra<br \/>\nPimienta Rosa<br \/>\nBergamota<br \/>\nJazm\u00edn<br \/>\nJazm\u00edn de Hoja Grande<br \/>\nT\u00e9 de Jazm\u00edn<br \/>\nVainilla Bourbon<br \/>\nMadera de Cachemira<br \/>\nMadera de Guayaco<br \/>\nDESCRIPCI\u00d3N DE LA FRAGANCIA:<\/p>\n<p>La contrapartida del perfume Valentino Donna Born In Roma deleita con su car\u00e1cter italiano. Esta mezcla oriental-floral, que se puede llevar todo el a\u00f1o, esconde jazm\u00edn, vainilla bourbon y profundas notas amaderadas que apuntalan la fragancia. Dentro del frasco hay una fragancia moderna pero atemporal para mujer. \u00a1Prueba 469W si quieres acentuar tu individualidad!   <\/p>\n<p>CARACTER\u00cdSTICAS DE VALENTINO DONNA BORN IN ROMA:<br \/>\nTipo de fragancia: oriental, floral<br \/>\nPara qui\u00e9n: mujeres<br \/>\nContenido: 10ml \/ 30ml \/ 50ml \/ 100ml<br \/>\nC\u00f3digo de producto: 469W<br \/>\nEl precio de este perfume depende de la cantidad indicada.<br \/>\n\u00a1Por favor, danos tu opini\u00f3n despu\u00e9s de la compra!<\/p>\n<p>Ver los perfumes Valentino y sus equivalentes.<\/p>\n","protected":false},"excerpt":{"rendered":"<p>Inspiraci\u00f3n: Valentino Donna Born In Roma EDP 30ML<\/p>\n<p class=\"product__text inline-richtext\"><strong>\u2705 Eau de Toilette 19-21% Perfume<\/strong><\/p>\n<p class=\"product__text inline-richtext\"><strong>\u2705 La fragancia dura un segundo d\u00eda<\/strong><\/p>\n<p class=\"product__text inline-richtext\"><strong>Compra la fragancia, no la marca: ahorra dinero<\/strong><\/p>\n","protected":false},"featured_media":35837,"comment_status":"open","ping_status":"closed","template":"","meta":{"_acf_changed":false},"product_brand":[],"product_cat":[204],"product_tag":[],"class_list":{"0":"post-26843","1":"product","2":"type-product","3":"status-publish","4":"has-post-thumbnail","6":"product_cat-para-mujeres","8":"first","9":"instock","10":"shipping-taxable","11":"purchasable","12":"product-type-variable"},"acf":[],"aioseo_notices":[],"jetpack_sharing_enabled":true,"_links":{"self":[{"href":"https:\/\/dupescents.co\/es\/wp-json\/wp\/v2\/product\/26843","targetHints":{"allow":["GET"]}}],"collection":[{"href":"https:\/\/dupescents.co\/es\/wp-json\/wp\/v2\/product"}],"about":[{"href":"https:\/\/dupescents.co\/es\/wp-json\/wp\/v2\/types\/product"}],"replies":[{"embeddable":true,"href":"https:\/\/dupescents.co\/es\/wp-json\/wp\/v2\/comments?post=26843"}],"wp:featuredmedia":[{"embeddable":true,"href":"https:\/\/dupescents.co\/es\/wp-json\/wp\/v2\/media\/35837"}],"wp:attachment":[{"href":"https:\/\/dupescents.co\/es\/wp-json\/wp\/v2\/media?parent=26843"}],"wp:term":[{"taxonomy":"product_brand","embeddable":true,"href":"https:\/\/dupescents.co\/es\/wp-json\/wp\/v2\/product_brand?post=26843"},{"taxonomy":"product_cat","embeddable":true,"href":"https:\/\/dupescents.co\/es\/wp-json\/wp\/v2\/product_cat?post=26843"},{"taxonomy":"product_tag","embeddable":true,"href":"https:\/\/dupescents.co\/es\/wp-json\/wp\/v2\/product_tag?post=26843"}],"curies":[{"name":"wp","href":"https:\/\/api.w.org\/{rel}","templated":true}]}}