{"id":26835,"date":"2025-03-30T11:42:39","date_gmt":"2025-03-30T09:42:39","guid":{"rendered":"https:\/\/dupescents.co\/products\/perfume-magico-no-129w\/"},"modified":"2026-02-21T19:35:18","modified_gmt":"2026-02-21T18:35:18","slug":"perfume-magico-no-129w","status":"publish","type":"product","link":"https:\/\/dupescents.co\/es\/productos\/perfume-magico-no-129w\/","title":{"rendered":"PERFUME M\u00c1GICO n\u00ba 129W"},"content":{"rendered":"<p>129W EAU DE PARFUM - SUSTITUTO DE GIORGIO ARMANI SI<br \/>\nNOTAS DE FRAGANCIA DE NUESTRO SUSTITUTO:<\/p>\n<p>HOJA DE SAND\u00cdA NEGRA<br \/>\nVANILLA<br \/>\nPACULA<br \/>\nTROSENO PRINCIPAL<br \/>\nFRESCO<br \/>\nAMBROXAN<br \/>\nNOTAS DE MADERA<br \/>\nDESCRIPCI\u00d3N DEL PERFUME FRANC\u00c9S SI:<br \/>\nUna fragancia chipre intensa que ha enamorado a muchas mujeres. El Eau de Parfum n\u00ba 129W es el ep\u00edtome del estilo y la elegancia italianos y es la contrapartida de la fragancia Giorgio Armani Armani Si. Una composici\u00f3n llena de carisma y buen gusto que satisface las expectativas m\u00e1s exigentes y es adecuada para cualquier ocasi\u00f3n. Si te gustan los perfumes sofisticados, deber\u00edas echar un vistazo a este sustituto.   <\/p>\n<p>CARACTER\u00cdSTICAS DEL EQUIVALENTE ARMANI SI:<br \/>\nTipo de fragancia: afrutada, floral, chipre<br \/>\nPara qui\u00e9n: mujeres<br \/>\nVolumen: 10 ml \/ 30 ml \/ 50 ml \/ 100 ml<br \/>\nC\u00f3digo del producto: 129W<br \/>\nEl precio de este perfume depende de la cantidad indicada.<br \/>\n\u00a1Por favor, danos tu opini\u00f3n despu\u00e9s de la compra!<\/p>\n<p>Consulta tambi\u00e9n otros sustitutos del perfume Giorgio Armani.<\/p>\n<p>Perfumes similares a Si<br \/>\nSi de Giorgio Armani es un perfume cl\u00e1sico e ic\u00f3nico. Es una fragancia oriental-floral para mujer que tiene un aroma suave y dulce entretejido con notas de vainilla, pachul\u00ed, rosa de mayo y fresia. Para quienes busquen una fragancia similar, ofrecemos un eau de parfum de la F\u00e1brica de Fragancias inspirado en el perfume Si de Giorgio Armani.  <\/p>\n<p>\u00bfA qu\u00e9 huele el equivalente del perfume Armani Si?<br \/>\nEs una composici\u00f3n de fragancia que se asocia a la hoja de grosella negra, la vainilla y notas amaderadas, entre otras. Puedes reconocer claramente en ella acentos florales y afrutados, y la fragancia en s\u00ed es realmente bonita y puede describirse con seguridad como sofisticada. <\/p>\n<p>\u00bfEs duradero el sustituto del perfume Si?<br \/>\nLos sustitutos como el eau de parfum ofrecen una longevidad muy satisfactoria.<\/p>\n<p>El Si de sustituci\u00f3n es un perfume de mujer es una bella fragancia asociada al lujo, ideal para muchas situaciones, especialmente apreciada en verano y primavera, aunque no exclusivamente.<\/p>\n<p>Perfume Si Giorgio Armani<br \/>\nPuedes comprar el Perfume Si Giorgio Armani en 10 ml o 30 ml en la Tienda de la F\u00e1brica de Perfumes. \u00bfPor qu\u00e9 elegir frascos de perfume? Por su peque\u00f1a capacidad, siempre puedes llevarlo f\u00e1cilmente en el bolso: a una cita, al trabajo o incluso en un avi\u00f3n en el equipaje de mano. Adem\u00e1s, gracias a su bajo precio, \u00a1puedes probar muchos perfumes de nuestra tienda en lugar de comprometerte con una sola fragancia!   <\/p>\n<p>Perfume franc\u00e9s Si Armani<br \/>\nSi buscas una alternativa m\u00e1s barata al perfume Si, \u00a1echa un vistazo a nuestros perfumes franceses Lane! \u00a1Ingredientes de perfume de alta calidad, producci\u00f3n certificada y miles de clientes satisfechos! Haz tu pedido online con entrega a domicilio.  <\/p>\n","protected":false},"excerpt":{"rendered":"<p class=\"product__text inline-richtext\">Inspiraci\u00f3n: Giorgio Armani Si EDP 50ML<\/p>\n<p class=\"product__text inline-richtext\"><strong>\u2705 Eau de Toilette 19-21% Perfume<\/strong><\/p>\n<p class=\"product__text inline-richtext\"><strong>\u2705 La fragancia dura un segundo d\u00eda<\/strong><\/p>\n<p class=\"product__text inline-richtext\"><strong>Compra la fragancia, no la marca: ahorra dinero<\/strong><\/p>\n","protected":false},"featured_media":35780,"comment_status":"open","ping_status":"closed","template":"","meta":{"_acf_changed":false},"product_brand":[],"product_cat":[204],"product_tag":[],"class_list":{"0":"post-26835","1":"product","2":"type-product","3":"status-publish","4":"has-post-thumbnail","6":"product_cat-para-mujeres","8":"first","9":"instock","10":"shipping-taxable","11":"purchasable","12":"product-type-variable"},"acf":[],"aioseo_notices":[],"jetpack_sharing_enabled":true,"_links":{"self":[{"href":"https:\/\/dupescents.co\/es\/wp-json\/wp\/v2\/product\/26835","targetHints":{"allow":["GET"]}}],"collection":[{"href":"https:\/\/dupescents.co\/es\/wp-json\/wp\/v2\/product"}],"about":[{"href":"https:\/\/dupescents.co\/es\/wp-json\/wp\/v2\/types\/product"}],"replies":[{"embeddable":true,"href":"https:\/\/dupescents.co\/es\/wp-json\/wp\/v2\/comments?post=26835"}],"wp:featuredmedia":[{"embeddable":true,"href":"https:\/\/dupescents.co\/es\/wp-json\/wp\/v2\/media\/35780"}],"wp:attachment":[{"href":"https:\/\/dupescents.co\/es\/wp-json\/wp\/v2\/media?parent=26835"}],"wp:term":[{"taxonomy":"product_brand","embeddable":true,"href":"https:\/\/dupescents.co\/es\/wp-json\/wp\/v2\/product_brand?post=26835"},{"taxonomy":"product_cat","embeddable":true,"href":"https:\/\/dupescents.co\/es\/wp-json\/wp\/v2\/product_cat?post=26835"},{"taxonomy":"product_tag","embeddable":true,"href":"https:\/\/dupescents.co\/es\/wp-json\/wp\/v2\/product_tag?post=26835"}],"curies":[{"name":"wp","href":"https:\/\/api.w.org\/{rel}","templated":true}]}}