{"id":26825,"date":"2025-03-30T11:39:16","date_gmt":"2025-03-30T09:39:16","guid":{"rendered":"https:\/\/dupescents.co\/products\/huele-a-lady-milion\/"},"modified":"2026-02-15T08:17:33","modified_gmt":"2026-02-15T07:17:33","slug":"huele-a-lady-milion","status":"publish","type":"product","link":"https:\/\/dupescents.co\/es\/productos\/huele-a-lady-milion\/","title":{"rendered":"Huele a&#8230; LADY MILION"},"content":{"rendered":"<p>023W - Ersatz f\u00fcr Paco Rabanne Lady Million<br \/>\nEAU DE PARFUM NO 023W - ERSATZ F\u00dcR PACO RABANNE LADY MILLION<\/p>\n<p>DUFTNOTEN UNSERES ERSATZES:<\/p>\n<p>WEISSER HONIG<br \/>\nHASPERBEERE<br \/>\nJASMINE<br \/>\nPACULA<br \/>\nAFRIKANISCHE ORANGENBL\u00dcTE<br \/>\nNEROLI<br \/>\nGARDENIA<br \/>\nBURSHINE<br \/>\nAMALPHIA-ZITRONE<br \/>\nDUFTBESCHREIBUNG:<\/p>\n<p>Ein eleganter Duft f\u00fcr luxuri\u00f6se Frauen, die mit ihrer Ausstrahlung und Sinnlichkeit gl\u00e4nzen wollen. Unser Gegenst\u00fcck zum Duft Paco Rabanne Lady Million ist ein perfektes Abbild des Originalparfums, das gro\u00dfe Bewunderung hervorgerufen hat. Diese feurige, befreiende Komposition ist perfekt f\u00fcr k\u00fchlere Tage und besondere Anl\u00e4sse. Diese sch\u00f6ne Komposition ist die Damenversion eines anderen Duftes, der dem Parf\u00fcm 1 Million entspricht.<\/p>\n<p>EIGENSCHAFTEN DES GEGENST\u00dcCKS VON LADY MILLION PARFUM:<br \/>\nDufttyp: fruchtig, blumig<br \/>\nF\u00fcr wen: Frauen<br \/>\nVolumen: 10 ml \/ 30 ml \/ 50 ml \/ 100 ml<br \/>\nProdukt-Code: 023W<br \/>\nDer Preis f\u00fcr dieses Parf\u00fcm h\u00e4ngt von der angegebenen Menge ab.<br \/>\nBitte geben Sie uns nach dem Kauf Ihr Feedback!<\/p>\n<p>Sehen Sie auch andere Paco Rabanne Parfums und ihre Ersatzprodukte.<\/p>\n<p>Wie riecht der Ersatz f\u00fcr das Parf\u00fcm Lady Million?<br \/>\nEs handelt sich um ein Eau de Parfum f\u00fcr Damen, das als blumiger und fruchtiger Duft eingestuft wird. Zu den Duftnoten geh\u00f6ren Himbeere, Neroli, Jasminbl\u00fcte und wei\u00dfer Honig.<\/p>\n<p>Sehen Sie auch andere Chanel-Parf\u00fcms und ihre Ersatzprodukte.<\/p>\n<p>Wie riecht der Coco Chanel Mademoiselle Ersatz?<br \/>\nDer Duft dieses Parfums l\u00e4sst sich am ehesten als chypre-blumig beschreiben. Zu seinen Duftnoten geh\u00f6ren unter anderem Bergamotte, Vanille und Jasminbl\u00fcten.<\/p>\n<p>Welcher Duft unter den Chanel-Nachfolgern ist der sch\u00f6nste?<br \/>\nDas h\u00e4ngt von den individuellen Vorlieben ab. Man kann jedoch davon ausgehen, dass das \u00c4quivalent des Parfums Coco Mademoiselle eine der interessanteren Entscheidungen sein wird.<\/p>\n<p>Sehen Sie sich die Bewertungen des Mademoiselle-Pendants an<br \/>\nUnter den Chanel-D\u00fcften ist Mademoiselle einer der Favoriten f\u00fcr Frauen, die keine Angst vor Herausforderungen haben und Modernit\u00e4t mit Eleganz verbinden. Unser \u00c4quivalent des Mademoiselle-Duftes entspricht perfekt der gesamten Komposition des Originals. Sehen Sie sich die Bewertungen unten an!<\/p>\n","protected":false},"excerpt":{"rendered":"<p>Inspiraci\u00f3n: Paco Rabanne Lady Million EDP 30ML<\/p>\n<p class=\"product__text inline-richtext\"><strong>\u2705 Eau de Toilette 19-21% Perfume<\/strong><\/p>\n<p class=\"product__text inline-richtext\"><strong>\u2705 La fragancia dura un segundo d\u00eda<\/strong><\/p>\n<p class=\"product__text inline-richtext\"><strong>Compra la fragancia, no la marca: ahorra dinero<\/strong><\/p>\n","protected":false},"featured_media":35297,"comment_status":"open","ping_status":"closed","template":"","meta":{"_acf_changed":false},"product_brand":[],"product_cat":[204],"product_tag":[],"class_list":{"0":"post-26825","1":"product","2":"type-product","3":"status-publish","4":"has-post-thumbnail","6":"product_cat-para-mujeres","8":"first","9":"instock","10":"shipping-taxable","11":"purchasable","12":"product-type-variable"},"acf":[],"aioseo_notices":[],"jetpack_sharing_enabled":true,"_links":{"self":[{"href":"https:\/\/dupescents.co\/es\/wp-json\/wp\/v2\/product\/26825","targetHints":{"allow":["GET"]}}],"collection":[{"href":"https:\/\/dupescents.co\/es\/wp-json\/wp\/v2\/product"}],"about":[{"href":"https:\/\/dupescents.co\/es\/wp-json\/wp\/v2\/types\/product"}],"replies":[{"embeddable":true,"href":"https:\/\/dupescents.co\/es\/wp-json\/wp\/v2\/comments?post=26825"}],"wp:featuredmedia":[{"embeddable":true,"href":"https:\/\/dupescents.co\/es\/wp-json\/wp\/v2\/media\/35297"}],"wp:attachment":[{"href":"https:\/\/dupescents.co\/es\/wp-json\/wp\/v2\/media?parent=26825"}],"wp:term":[{"taxonomy":"product_brand","embeddable":true,"href":"https:\/\/dupescents.co\/es\/wp-json\/wp\/v2\/product_brand?post=26825"},{"taxonomy":"product_cat","embeddable":true,"href":"https:\/\/dupescents.co\/es\/wp-json\/wp\/v2\/product_cat?post=26825"},{"taxonomy":"product_tag","embeddable":true,"href":"https:\/\/dupescents.co\/es\/wp-json\/wp\/v2\/product_tag?post=26825"}],"curies":[{"name":"wp","href":"https:\/\/api.w.org\/{rel}","templated":true}]}}