{"id":26816,"date":"2025-03-30T11:43:21","date_gmt":"2025-03-30T09:43:21","guid":{"rendered":"https:\/\/dupescents.co\/products\/huele-a-emporio-ella\/"},"modified":"2026-02-21T19:30:34","modified_gmt":"2026-02-21T18:30:34","slug":"huele-a-emporio-ella","status":"publish","type":"product","link":"https:\/\/dupescents.co\/es\/productos\/huele-a-emporio-ella\/","title":{"rendered":"Huele a&#8230; Emporio Ella"},"content":{"rendered":"<p>150W - Recambio para Giorgio Armani Emporio She<br \/>\n150W EAU DE PARFUM - RECAMBIO PARA GIORGIO ARMANI EMPORIO SHE<\/p>\n<p>NOTAS DE FRAGANCIA DE NUESTRO SUSTITUTO:<\/p>\n<p>SANDELWOOD<br \/>\nVANILLA<br \/>\nHELIOTROP<br \/>\nPI\u017bMO<br \/>\nALMOND<br \/>\nTONKA FASOL<br \/>\nCEDRO<br \/>\nLIMA<br \/>\nIRIS BARK<br \/>\nBURSHITE<br \/>\nTUBEROZA<br \/>\nJASMINE<br \/>\nBERGAMOT<br \/>\nGRUSH<br \/>\nCONWALIA<br \/>\nMANDAR\u00cdN<br \/>\nANANAS<br \/>\nDESCRIPCI\u00d3N DE LA FRAGANCIA:<\/p>\n<p>Una fragancia ex\u00f3tica y femenina con un toque de misterio. Nuestra hom\u00f3loga de Giorgio Armani Emporio She es un eau de parfum \u00fanico y seductor, adecuado tanto para el d\u00eda como para la noche. La sofisticada combinaci\u00f3n de notas amaderadas con jugosos acordes afrutados le confiere una dimensi\u00f3n maravillosamente oriental. Resalta la belleza y la modernidad de su portadora.   <\/p>\n<p>CARACTER\u00cdSTICAS DE EMPORIO SHE PARFUM:<br \/>\nTipo de fragancia: oriental<br \/>\nPara qui\u00e9n: mujeres<br \/>\nContenido: 10 ml \/ 30 ml \/ 50 ml \/ 100 ml<br \/>\nC\u00f3digo de producto: 150W<br \/>\nEl precio de este perfume depende de la cantidad indicada.<br \/>\n\u00a1Por favor, danos tu opini\u00f3n despu\u00e9s de la compra!<\/p>\n<p>Consulta tambi\u00e9n otros perfumes Giorgio Armani y sus sustitutos.<\/p>\n<p>\u00bfA qu\u00e9 huele el perfume Armani She?<br \/>\nEs una fragancia oriental muy cautivadora en la que se perciben numerosas notas olfativas, como ra\u00edz de iris, flor de jazm\u00edn o acordes de mandarina, vainilla y bergamota, por nombrar s\u00f3lo algunas. Todo ello da como resultado una composici\u00f3n muy armoniosa, un perfume fresco para mujeres a las que les gusta descubrir algo nuevo. <\/p>\n<p>Echa un vistazo tambi\u00e9n al sustituto de Emporio Diamantes y a su hom\u00f3logo Emporio He.<\/p>\n","protected":false},"excerpt":{"rendered":"<p class=\"product__text inline-richtext\">Inspiraci\u00f3n: Giorgio Armani Emporio She EDP 30ML<\/p>\n<p class=\"product__text inline-richtext\"><strong>\u2705 Eau de Toilette 19-21% Perfume<\/strong><\/p>\n<p class=\"product__text inline-richtext\"><strong>\u2705 La fragancia dura un segundo d\u00eda<\/strong><\/p>\n<p class=\"product__text inline-richtext\"><strong>Compra la fragancia, no la marca: ahorra dinero<\/strong><\/p>\n","protected":false},"featured_media":35772,"comment_status":"open","ping_status":"closed","template":"","meta":{"_acf_changed":false},"product_brand":[],"product_cat":[204],"product_tag":[],"class_list":{"0":"post-26816","1":"product","2":"type-product","3":"status-publish","4":"has-post-thumbnail","6":"product_cat-para-mujeres","8":"first","9":"instock","10":"shipping-taxable","11":"purchasable","12":"product-type-variable"},"acf":[],"aioseo_notices":[],"jetpack_sharing_enabled":true,"_links":{"self":[{"href":"https:\/\/dupescents.co\/es\/wp-json\/wp\/v2\/product\/26816","targetHints":{"allow":["GET"]}}],"collection":[{"href":"https:\/\/dupescents.co\/es\/wp-json\/wp\/v2\/product"}],"about":[{"href":"https:\/\/dupescents.co\/es\/wp-json\/wp\/v2\/types\/product"}],"replies":[{"embeddable":true,"href":"https:\/\/dupescents.co\/es\/wp-json\/wp\/v2\/comments?post=26816"}],"wp:featuredmedia":[{"embeddable":true,"href":"https:\/\/dupescents.co\/es\/wp-json\/wp\/v2\/media\/35772"}],"wp:attachment":[{"href":"https:\/\/dupescents.co\/es\/wp-json\/wp\/v2\/media?parent=26816"}],"wp:term":[{"taxonomy":"product_brand","embeddable":true,"href":"https:\/\/dupescents.co\/es\/wp-json\/wp\/v2\/product_brand?post=26816"},{"taxonomy":"product_cat","embeddable":true,"href":"https:\/\/dupescents.co\/es\/wp-json\/wp\/v2\/product_cat?post=26816"},{"taxonomy":"product_tag","embeddable":true,"href":"https:\/\/dupescents.co\/es\/wp-json\/wp\/v2\/product_tag?post=26816"}],"curies":[{"name":"wp","href":"https:\/\/api.w.org\/{rel}","templated":true}]}}