{"id":26809,"date":"2025-03-30T11:49:35","date_gmt":"2025-03-30T09:49:35","guid":{"rendered":"https:\/\/dupescents.co\/products\/huele-a-senorita\/"},"modified":"2026-02-21T19:32:38","modified_gmt":"2026-02-21T18:32:38","slug":"huele-a-senorita","status":"publish","type":"product","link":"https:\/\/dupescents.co\/es\/productos\/huele-a-senorita\/","title":{"rendered":"Huele a&#8230; Se\u00f1orita"},"content":{"rendered":"<p>139W - Chanel Coco Mademoiselle Contraparte<br \/>\nEAU DE PARFUM NO 139W - CHANEL COCO MADEMOISELLE \u00c4QUIVALENT<\/p>\n<p>NOTAS DE FRAGANCIA DE NUESTRO SUSTITUTO:<\/p>\n<p>PACULA<br \/>\nNARANJA<br \/>\nROSA TURCA<br \/>\nMANDARINA<br \/>\nBERGAMOTA<br \/>\nAZAHAR<br \/>\nJAZM\u00cdN<br \/>\nVAINILLA<br \/>\nPIZZE BLANCO<br \/>\nMIMOZA<br \/>\nVETIVERIE<br \/>\nFRUTOS DE TONKA<br \/>\nYLANG-YLANG<br \/>\nOPOPONAKS<br \/>\nDESCRIPCI\u00d3N DE LA FRAGANCIA:<\/p>\n<p>Una fragancia ligeramente provocativa para mujeres atrevidas y liberadas. Nuestra eau de parfum n\u00famero 139W es el hom\u00f3logo franc\u00e9s de Chanel Coco Mademoiselle. Esta fragancia inusual, floral y \u00e1cida, es adecuada tanto para llevarla a diario como para ocasiones especiales, por ejemplo como perfume de novia. Destaca la sensualidad y seduce con su temperamento.   <\/p>\n<p>CARACTER\u00cdSTICAS DEL PERFUME COCO CHANEL MADEMOISELLE EQUIVALENT:<br \/>\nTipo de fragancia: floral, chipre<br \/>\nIndicado para: Mujeres<br \/>\nVolumen: 10 ml \/ 30 ml \/ 50 ml \/ 100 ml<br \/>\nC\u00f3digo del producto: 139W<br \/>\nEl precio de este perfume depende de la cantidad indicada.<br \/>\n\u00a1Por favor, danos tu opini\u00f3n despu\u00e9s de la compra!<\/p>\n<p>Perfume similar a Chanel Mademoiselle - Recambio<br \/>\nEl recambio n\u00ba 139W es un eau de parfum inspirado en la ic\u00f3nica fragancia Chanel Mademoiselle. Los ingredientes de alta calidad se combinan para crear un perfume floral y chipre que encanta a miles de mujeres. El hom\u00f3logo de Fragrance Factory no s\u00f3lo es similar a Coco Mademoiselle, \u00a1sino que le da al perfume su propio toque!  <\/p>\n<p>Coco Chanel Mademoiselle - frasco de perfume<br \/>\nSi te gusta probar nuevas fragancias, opta por un frasco de perfume inspirado en Coco Mademoiselle. Con una capacidad de 10 ml o 30 ml y un elegante frasco, \u00a1te encantar\u00e1 la Parfumette! \u00a1P\u00eddela en l\u00ednea en la tienda de la F\u00e1brica de Perfumes!  <\/p>\n<p>Consulta tambi\u00e9n otros perfumes Chanel y sus sustitutos.<\/p>\n<p>\u00bfA qu\u00e9 huele el recambio Coco Chanel Mademoiselle?<br \/>\nLa fragancia de este perfume puede describirse como chipre-floral. Sus notas olfativas incluyen bergamota, vainilla y flor de jazm\u00edn. <\/p>\n<p>\u00bfQu\u00e9 fragancia de las sucesoras de Chanel es la m\u00e1s bella?<br \/>\nTodo depende de las preferencias individuales. Sin embargo, cabe suponer que el equivalente del perfume Coco Mademoiselle ser\u00e1 una de las opciones m\u00e1s interesantes. <\/p>\n<p>Consulta las opiniones del equivalente de Mademoiselle<br \/>\nEntre las fragancias de Chanel, Mademoiselle es una de las favoritas de las mujeres que no temen los retos y combinan modernidad y elegancia. Nuestro equivalente de la fragancia Mademoiselle se ajusta perfectamente a la composici\u00f3n general del original. \u00a1Echa un vistazo a las rese\u00f1as a continuaci\u00f3n!  <\/p>\n","protected":false},"excerpt":{"rendered":"<p class=\"product__text inline-richtext\">Inspiraci\u00f3n: Chanel Coco Mademoiselle EDP 50ML<\/p>\n<p class=\"product__text inline-richtext\"><strong>\u2705 Eau de Toilette 19-21% Perfume<\/strong><\/p>\n<p class=\"product__text inline-richtext\"><strong>\u2705 La fragancia dura un segundo d\u00eda<\/strong><\/p>\n<p class=\"product__text inline-richtext\"><strong>Compra la fragancia, no la marca: ahorra dinero<\/strong><\/p>\n","protected":false},"featured_media":35776,"comment_status":"open","ping_status":"closed","template":"","meta":{"_acf_changed":false},"product_brand":[],"product_cat":[204],"product_tag":[],"class_list":{"0":"post-26809","1":"product","2":"type-product","3":"status-publish","4":"has-post-thumbnail","6":"product_cat-para-mujeres","8":"first","9":"instock","10":"shipping-taxable","11":"purchasable","12":"product-type-variable"},"acf":[],"aioseo_notices":[],"jetpack_sharing_enabled":true,"_links":{"self":[{"href":"https:\/\/dupescents.co\/es\/wp-json\/wp\/v2\/product\/26809","targetHints":{"allow":["GET"]}}],"collection":[{"href":"https:\/\/dupescents.co\/es\/wp-json\/wp\/v2\/product"}],"about":[{"href":"https:\/\/dupescents.co\/es\/wp-json\/wp\/v2\/types\/product"}],"replies":[{"embeddable":true,"href":"https:\/\/dupescents.co\/es\/wp-json\/wp\/v2\/comments?post=26809"}],"wp:featuredmedia":[{"embeddable":true,"href":"https:\/\/dupescents.co\/es\/wp-json\/wp\/v2\/media\/35776"}],"wp:attachment":[{"href":"https:\/\/dupescents.co\/es\/wp-json\/wp\/v2\/media?parent=26809"}],"wp:term":[{"taxonomy":"product_brand","embeddable":true,"href":"https:\/\/dupescents.co\/es\/wp-json\/wp\/v2\/product_brand?post=26809"},{"taxonomy":"product_cat","embeddable":true,"href":"https:\/\/dupescents.co\/es\/wp-json\/wp\/v2\/product_cat?post=26809"},{"taxonomy":"product_tag","embeddable":true,"href":"https:\/\/dupescents.co\/es\/wp-json\/wp\/v2\/product_tag?post=26809"}],"curies":[{"name":"wp","href":"https:\/\/api.w.org\/{rel}","templated":true}]}}