{"id":26781,"date":"2025-03-30T11:48:05","date_gmt":"2025-03-30T09:48:05","guid":{"rendered":"https:\/\/dupescents.co\/products\/huele-a-escandalo\/"},"modified":"2026-02-20T17:31:01","modified_gmt":"2026-02-20T16:31:01","slug":"huele-a-escandalo","status":"publish","type":"product","link":"https:\/\/dupescents.co\/es\/productos\/huele-a-escandalo\/","title":{"rendered":"Huele a&#8230; ESC\u00c1NDALO"},"content":{"rendered":"<p>EAU DE PARFUM NO 192W - ENTSPRICHT DEM JEAN PAUL GAULTIER SKANDAL<\/p>\n<p>DUFTNOTEN UNSERES ERSATZES:<\/p>\n<p>ROTE ORANGE<br \/>\nMANDARINE<br \/>\nHONIG<br \/>\nGARDENIA<br \/>\nJASMINE<br \/>\nORANGENBLUME<br \/>\nBROSCOSE<br \/>\nPACULA<br \/>\nBIENENWACHS<br \/>\nCARAMEL<br \/>\nLUCRECIA<br \/>\nDUFTBESCHREIBUNG:<\/p>\n<p>Elegant, feminin, sexy&#8230;. Geht es hier um Sie? Wir haben einen Duft, der wie f\u00fcr Sie gemacht ist! Berauschende Gardenie und saftige Orange zu Beginn, sofort gefolgt von Honig und Patchouli voller Sinnlichkeit, ein wenig pervers, die Ihren K\u00f6rper in ein sanftes Beben versetzen.<\/p>\n<p>Das Eau de Parfum mit der Nummer 192W ist das \u00c4quivalent zum Duft Jean Paul Gaultier SCANDAL. Es ist das perfekte frische Alltagsparf\u00fcm f\u00fcr Frauen, die sich gerne von einer eleganten, zur\u00fcckhaltenden Gesch\u00e4ftsfrau in eine sinnliche Tigerin verwandeln, wenn sie es am wenigsten erwarten&#8230;. f\u00fcr skandal\u00f6se Frauen, die das Leben in vollen Z\u00fcgen genie\u00dfen!<\/p>\n<p>MERKMALE EINES SKANDAL-PARF\u00dcM-GEGENST\u00dcCKS:<br \/>\nDufttyp: blumig, Chypre<br \/>\nF\u00fcr wen: weiblich<br \/>\nVolumen: 10 ml \/ 30 ml \/ 50 ml \/ 100 ml<br \/>\nProdukt-Code: 192W<br \/>\nDer Preis f\u00fcr dieses Parf\u00fcm h\u00e4ngt von der angegebenen Menge ab.<br \/>\nBitte geben Sie uns nach dem Kauf Ihr Feedback!<\/p>\n<p>Wie riecht das \u00c4quivalent des Parfums Gaultier Scandal?<br \/>\nEs ist ein faszinierender, s\u00fc\u00dfer Duft, voller interessanter Emotionen. Er kann als fruchtig, aber auch als s\u00fc\u00df eingestuft werden, denn unter den Duftnoten finden sich Noten von Pfirsich und Mandarine. Aber das ist noch nicht alles, denn es sind auch Akkorde von Lakritze, Jasminbl\u00fcten, Gardenie und Orange (was es auch zu einem blumigen Parf\u00fcm macht) oder Karamell vorhanden. Eine gute Wahl f\u00fcr selbstbewusste Frauen.<\/p>\n","protected":false},"excerpt":{"rendered":"<p>Inspiraci\u00f3n: Jean Paul Gaultier SCANDAL EDP 30ML<\/p>\n<p class=\"product__text inline-richtext\"><strong>\u2705 Eau de Toilette 19-21% Perfume<\/strong><\/p>\n<p class=\"product__text inline-richtext\"><strong>\u2705 La fragancia dura un segundo d\u00eda<\/strong><\/p>\n<p class=\"product__text inline-richtext\"><strong>Compra la fragancia, no la marca: ahorra dinero<\/strong><\/p>\n","protected":false},"featured_media":35671,"comment_status":"open","ping_status":"closed","template":"","meta":{"_acf_changed":false},"product_brand":[],"product_cat":[204],"product_tag":[],"class_list":{"0":"post-26781","1":"product","2":"type-product","3":"status-publish","4":"has-post-thumbnail","6":"product_cat-para-mujeres","8":"first","9":"instock","10":"shipping-taxable","11":"purchasable","12":"product-type-variable"},"acf":[],"aioseo_notices":[],"jetpack_sharing_enabled":true,"_links":{"self":[{"href":"https:\/\/dupescents.co\/es\/wp-json\/wp\/v2\/product\/26781","targetHints":{"allow":["GET"]}}],"collection":[{"href":"https:\/\/dupescents.co\/es\/wp-json\/wp\/v2\/product"}],"about":[{"href":"https:\/\/dupescents.co\/es\/wp-json\/wp\/v2\/types\/product"}],"replies":[{"embeddable":true,"href":"https:\/\/dupescents.co\/es\/wp-json\/wp\/v2\/comments?post=26781"}],"wp:featuredmedia":[{"embeddable":true,"href":"https:\/\/dupescents.co\/es\/wp-json\/wp\/v2\/media\/35671"}],"wp:attachment":[{"href":"https:\/\/dupescents.co\/es\/wp-json\/wp\/v2\/media?parent=26781"}],"wp:term":[{"taxonomy":"product_brand","embeddable":true,"href":"https:\/\/dupescents.co\/es\/wp-json\/wp\/v2\/product_brand?post=26781"},{"taxonomy":"product_cat","embeddable":true,"href":"https:\/\/dupescents.co\/es\/wp-json\/wp\/v2\/product_cat?post=26781"},{"taxonomy":"product_tag","embeddable":true,"href":"https:\/\/dupescents.co\/es\/wp-json\/wp\/v2\/product_tag?post=26781"}],"curies":[{"name":"wp","href":"https:\/\/api.w.org\/{rel}","templated":true}]}}