{"id":26762,"date":"2025-03-30T11:55:35","date_gmt":"2025-03-30T09:55:35","guid":{"rendered":"https:\/\/dupescents.co\/products\/huele-a-la-belle\/"},"modified":"2026-02-21T20:38:28","modified_gmt":"2026-02-21T19:38:28","slug":"huele-a-la-belle","status":"publish","type":"product","link":"https:\/\/dupescents.co\/es\/productos\/huele-a-la-belle\/","title":{"rendered":"Huele a&#8230; La Belle"},"content":{"rendered":"<p>412W - Sustituto de Jean Paul Gaultier La Belle<br \/>\nAGUA PERFUMADA N\u00ba 412W - Sustituto de Jean Paul Gaultier La Belle<\/p>\n<p>NOTAS DE FRAGANCIA DE NUESTRO SUSTITUTO:<\/p>\n<p>Pera<br \/>\nBergamota<br \/>\nNotas florales<br \/>\nCuero<br \/>\nVainilla<br \/>\nVetiver<br \/>\n\u00c1mbar<br \/>\nAlmizcle<br \/>\nDESCRIPCI\u00d3N DE LA FRAGANCIA:<\/p>\n<p>412W es la contrapartida del perfume Jean Paul Gaultier La Belle lanzado en 2019. Esta fragancia muy sensual te transporta a un jard\u00edn lleno de aromas maravillosos y te acompa\u00f1a durante todo el d\u00eda gracias a su longevidad. Pru\u00e9balo si te gustan las fragancias orientales intensas y dulces con acordes de vainilla.  <\/p>\n<p>CARACTER\u00cdSTICAS del perfume Jean Paul Gaultier La Belle:<br \/>\nTipo de fragancia: oriental, vainilla<br \/>\nPara qui\u00e9n: mujeres<br \/>\nVolumen: 10 ml \/ 30 ml \/ 50 ml \/ 100 ml<br \/>\nC\u00f3digo de producto: 412W<br \/>\nEl precio de este perfume depende de la cantidad indicada.<br \/>\n\u00a1Por favor, danos tu opini\u00f3n despu\u00e9s de la compra!<\/p>\n<p>Mira tambi\u00e9n otros perfumes J.P. Gaultier y sus sustitutos.<\/p>\n","protected":false},"excerpt":{"rendered":"<p>Inspiraci\u00f3n: Jean Paul Gaultier La Belle EDP 50ML<\/p>\n<p class=\"product__text inline-richtext\"><strong>\u2705 Eau de Toilette 19-21% Perfume<\/strong><\/p>\n<p class=\"product__text inline-richtext\"><strong>\u2705 La fragancia dura un segundo d\u00eda<\/strong><\/p>\n<p class=\"product__text inline-richtext\"><strong>Compra la fragancia, no la marca: ahorra dinero<\/strong><\/p>\n","protected":false},"featured_media":35827,"comment_status":"open","ping_status":"closed","template":"","meta":{"_acf_changed":false},"product_brand":[],"product_cat":[204],"product_tag":[],"class_list":{"0":"post-26762","1":"product","2":"type-product","3":"status-publish","4":"has-post-thumbnail","6":"product_cat-para-mujeres","8":"first","9":"instock","10":"shipping-taxable","11":"purchasable","12":"product-type-variable"},"acf":[],"aioseo_notices":[],"jetpack_sharing_enabled":true,"_links":{"self":[{"href":"https:\/\/dupescents.co\/es\/wp-json\/wp\/v2\/product\/26762","targetHints":{"allow":["GET"]}}],"collection":[{"href":"https:\/\/dupescents.co\/es\/wp-json\/wp\/v2\/product"}],"about":[{"href":"https:\/\/dupescents.co\/es\/wp-json\/wp\/v2\/types\/product"}],"replies":[{"embeddable":true,"href":"https:\/\/dupescents.co\/es\/wp-json\/wp\/v2\/comments?post=26762"}],"wp:featuredmedia":[{"embeddable":true,"href":"https:\/\/dupescents.co\/es\/wp-json\/wp\/v2\/media\/35827"}],"wp:attachment":[{"href":"https:\/\/dupescents.co\/es\/wp-json\/wp\/v2\/media?parent=26762"}],"wp:term":[{"taxonomy":"product_brand","embeddable":true,"href":"https:\/\/dupescents.co\/es\/wp-json\/wp\/v2\/product_brand?post=26762"},{"taxonomy":"product_cat","embeddable":true,"href":"https:\/\/dupescents.co\/es\/wp-json\/wp\/v2\/product_cat?post=26762"},{"taxonomy":"product_tag","embeddable":true,"href":"https:\/\/dupescents.co\/es\/wp-json\/wp\/v2\/product_tag?post=26762"}],"curies":[{"name":"wp","href":"https:\/\/api.w.org\/{rel}","templated":true}]}}