{"id":26758,"date":"2025-03-30T11:52:56","date_gmt":"2025-03-30T09:52:56","guid":{"rendered":"https:\/\/dupescents.co\/products\/huele-a-fama\/"},"modified":"2026-02-21T20:51:29","modified_gmt":"2026-02-21T19:51:29","slug":"huele-a-fama","status":"publish","type":"product","link":"https:\/\/dupescents.co\/es\/productos\/huele-a-fama\/","title":{"rendered":"Huele a&#8230; Fama"},"content":{"rendered":"<p>498W - REPUESTO PARA PACO RABANNE FAME<br \/>\nEAU DE PARFUM NO 498W - REPUESTO PARA PACO RABANNE FAME<\/p>\n<p>NOTAS DE FRAGANCIA DE NUESTRO SUSTITUTO:<\/p>\n<p>MANGO<br \/>\nBERGAMOTA<br \/>\nJAZM\u00cdN<br \/>\nOL\u00cdBANO<br \/>\nVAINILLA<br \/>\nS\u00c1NDALO<br \/>\nDESCRIPCI\u00d3N DE LA FRAGANCIA:<\/p>\n<p>\u00a1Brilla con luz propia! S\u00e9 como una estrella en la alfombra roja. La contrapartida de la fragancia Fama de Paco Rabanne te dar\u00e1 confianza y encantar\u00e1 a todos los que te rodeen. Siente el lujo en tu piel con su composici\u00f3n \u00fanica de mango dulce, bergamota crujiente, jazm\u00edn envolvente, ol\u00edbano, vainilla y s\u00e1ndalo. Esta eau de parfum es perfecta para llevar a diario y \u00a1har\u00e1 girar cabezas!    <\/p>\n<p>CARACTER\u00cdSTICAS DEL PERFUME PACO RABANNE FAME EQUIVALENT:<br \/>\nTipo de fragancia: floral, amaderada, almizclada<br \/>\nIndicado para: Mujeres<br \/>\nContenido: 10 ml \/ 30 ml \/ 50 ml \/ 100 ml<br \/>\nC\u00f3digo de producto: 498W<br \/>\nEl precio de este perfume depende de la cantidad indicada.<br \/>\n\u00a1Por favor, danos tu opini\u00f3n despu\u00e9s de la compra!<\/p>\n<p>Echa un vistazo a otros perfumes de Paco Rabanne.<\/p>\n","protected":false},"excerpt":{"rendered":"<p>Inspiraci\u00f3n: Paco Rabanne Fame EDP 50ML<\/p>\n<p class=\"product__text inline-richtext\"><strong>\u2705 Eau de Toilette 19-21% Perfume<\/strong><\/p>\n<p class=\"product__text inline-richtext\"><strong>\u2705 La fragancia dura un segundo d\u00eda<\/strong><\/p>\n<p class=\"product__text inline-richtext\"><strong>Compra la fragancia, no la marca: ahorra dinero<\/strong><\/p>\n","protected":false},"featured_media":35839,"comment_status":"open","ping_status":"closed","template":"","meta":{"_acf_changed":false},"product_brand":[],"product_cat":[204],"product_tag":[],"class_list":{"0":"post-26758","1":"product","2":"type-product","3":"status-publish","4":"has-post-thumbnail","6":"product_cat-para-mujeres","8":"first","9":"instock","10":"shipping-taxable","11":"purchasable","12":"product-type-variable"},"acf":[],"aioseo_notices":[],"jetpack_sharing_enabled":true,"_links":{"self":[{"href":"https:\/\/dupescents.co\/es\/wp-json\/wp\/v2\/product\/26758","targetHints":{"allow":["GET"]}}],"collection":[{"href":"https:\/\/dupescents.co\/es\/wp-json\/wp\/v2\/product"}],"about":[{"href":"https:\/\/dupescents.co\/es\/wp-json\/wp\/v2\/types\/product"}],"replies":[{"embeddable":true,"href":"https:\/\/dupescents.co\/es\/wp-json\/wp\/v2\/comments?post=26758"}],"wp:featuredmedia":[{"embeddable":true,"href":"https:\/\/dupescents.co\/es\/wp-json\/wp\/v2\/media\/35839"}],"wp:attachment":[{"href":"https:\/\/dupescents.co\/es\/wp-json\/wp\/v2\/media?parent=26758"}],"wp:term":[{"taxonomy":"product_brand","embeddable":true,"href":"https:\/\/dupescents.co\/es\/wp-json\/wp\/v2\/product_brand?post=26758"},{"taxonomy":"product_cat","embeddable":true,"href":"https:\/\/dupescents.co\/es\/wp-json\/wp\/v2\/product_cat?post=26758"},{"taxonomy":"product_tag","embeddable":true,"href":"https:\/\/dupescents.co\/es\/wp-json\/wp\/v2\/product_tag?post=26758"}],"curies":[{"name":"wp","href":"https:\/\/api.w.org\/{rel}","templated":true}]}}