{"id":26739,"date":"2025-03-30T11:54:42","date_gmt":"2025-03-30T09:54:42","guid":{"rendered":"https:\/\/dupescents.co\/products\/huele-a-mi-camino\/"},"modified":"2025-11-05T19:24:35","modified_gmt":"2025-11-05T18:24:35","slug":"huele-a-mi-camino","status":"publish","type":"product","link":"https:\/\/dupescents.co\/es\/productos\/huele-a-mi-camino\/","title":{"rendered":"Huele a&#8230; MI CAMINO"},"content":{"rendered":"<p>140W - Ersatz f\u00fcr Giorgio Armani MY WAY<br \/>\nPERFUMED Eau de Parfum No 140W - Ersatz f\u00fcr Giorgio Armani MY WAY<\/p>\n<p>DUFTNOTEN VON UNSEREM ERSATZ:<\/p>\n<p>ORANGE BLOSSOM<br \/>\nBERGAMOT<br \/>\nTUBEROSE<br \/>\nINDIANISCHER JASMIN<br \/>\nWEISSER PIZMER<br \/>\nMADAGASKAR VANILLE<br \/>\nVIRGINIA CEDR<br \/>\nBESCHREIBUNG DES DUFTS VON FRENCH PERFUME MY WAY<br \/>\nEine fr\u00f6hliche und anregende Komposition ist die perfekte Wahl f\u00fcr Frauen, die bereit sind, jeden Tag die Welt zu entdecken. Wenn Sie st\u00e4ndig auf der Suche nach Inspiration und wertvollen Erfahrungen sind - dieser Duft wurde speziell f\u00fcr Sie kreiert. Anziehen, begeistern, Begeisterung ausstrahlen! Probieren Sie die erstaunliche Kombination aus Orangenbl\u00fcte, indischem Jasmin und wei\u00dfem Moschus.<\/p>\n<p>Eau de Parfum 140W ist ein Ersatz f\u00fcr den Duft Giorgio Armani My Way, der 2020 den Markt erobert hat. Es eignet sich sowohl als Alltagsparf\u00fcm als auch f\u00fcr besondere Anl\u00e4sse. Das blumige und zitrische Aroma ist perfekt erfrischend im Sommer, w\u00e4hrend die Vanille- und Zedernnoten Sie an kalten Wintertagen einh\u00fcllen werden. Es ist der perfekte, anspruchsvolle Duft f\u00fcr Frauen, die wissen, was sie wollen.<\/p>\n<p>MERKMALE DES PARF\u00dcMGEGENST\u00dcCKS MY WAY<br \/>\nArt des Duftes: blumig-zitrisch<br \/>\nF\u00fcr wen: Frauen<br \/>\nInhalt: 10 ml \/ 30 ml \/ 50 ml \/ 100 ml<br \/>\nProdukt-Code: 140W<br \/>\nDer Preis f\u00fcr dieses Parf\u00fcm h\u00e4ngt von der angegebenen Menge ab.<br \/>\nBitte geben Sie uns Ihr Feedback nach dem Kauf!<\/p>\n<p>Sehen Sie auch andere Giorgio Armani Parfums und ihre Ersatzprodukte.<\/p>\n<p>Wie riecht das \u00c4quivalent des Parfums My Way?<br \/>\nDieser wunderbare Damenduft wird sowohl als zitrisch als auch als blumig beschrieben. Er kombiniert unter anderem Duftnoten von Orangen- und Jasminbl\u00fcten, Vanille und Tuberose.<\/p>\n<p>F\u00fcr wen ist der Armani My Way Parf\u00fcmersatz am besten geeignet?<br \/>\nEs ist eine sehr gute Wahl f\u00fcr Frauen, die auf der Suche nach einem Parf\u00fcm sind, das f\u00fcr jede Jahreszeit geeignet ist und mit seinem Duft sowohl in die Fr\u00fchjahr-Sommer-Saison als auch in die Herbst-Winter-Saison passt. Und das alles dank der Tatsache, dass die Noten so gew\u00e4hlt wurden, dass die gesamte Komposition sowohl erfrischen als auch einh\u00fcllen kann.<\/p>\n<p>My Way Parf\u00fcm<br \/>\nIn unserem Shop k\u00f6nnen Sie den Flakon des Parfums My Way von Giorgio Armani in 10 ml oder 30 ml kaufen. Warum eine Parf\u00fcmflasche kaufen? Dank des kleinen Fassungsverm\u00f6gens k\u00f6nnen Sie es \u00fcberall hin mitnehmen, auch in eine kleine Handtasche. Au\u00dferdem k\u00f6nnen Sie dank des niedrigen Preises der in unserem Shop erh\u00e4ltlichen Parf\u00fcmflaschen mehr D\u00fcfte ausprobieren!<\/p>\n<p>Franz\u00f6sisches Parf\u00fcm My Way<br \/>\nSind Sie auf der Suche nach einem lang anhaltenden franz\u00f6sischen Parf\u00fcm? Probieren Sie unser My Way inspiriertes Parf\u00fcm von Giorgio Armani! GMP-konforme Produktion, Sicherheitsbericht und Zertifizierung - das ist der Standard f\u00fcr unsere Parfums! Bestellen Sie online!<\/p>\n<p>Bewertungen des Gegenst\u00fccks My Way<br \/>\nMy Way von Giorgio Armani ist ein sch\u00f6ner blumiger Duft mit frischen Zitrusnoten. Unser My Way-Parf\u00fcm\u00e4quivalent repliziert perfekt den Duft des Originals und f\u00e4ngt die Tiefe der Komposition ein! Sie k\u00f6nnen es nicht glauben? Sehen Sie sich unsere Kundenrezensionen unten an!<\/p>\n","protected":false},"excerpt":{"rendered":"<p class=\"product__text inline-richtext\">Inspiraci\u00f3n: Giorgio Armani MY WAY EDP 50ML<\/p>\n<p class=\"product__text inline-richtext\"><strong>\u2705 Eau de Toilette 19-21% Perfume<\/strong><\/p>\n<p class=\"product__text inline-richtext\"><strong>\u2705 La fragancia dura un segundo d\u00eda<\/strong><\/p>\n<p class=\"product__text inline-richtext\"><strong>Compra la fragancia, no la marca: ahorra dinero<\/strong><\/p>\n","protected":false},"featured_media":36270,"comment_status":"open","ping_status":"closed","template":"","meta":{"_acf_changed":false},"product_brand":[],"product_cat":[204],"product_tag":[],"class_list":{"0":"post-26739","1":"product","2":"type-product","3":"status-publish","4":"has-post-thumbnail","6":"product_cat-para-mujeres","8":"first","9":"instock","10":"shipping-taxable","11":"purchasable","12":"product-type-variable"},"acf":[],"aioseo_notices":[],"jetpack_sharing_enabled":true,"_links":{"self":[{"href":"https:\/\/dupescents.co\/es\/wp-json\/wp\/v2\/product\/26739","targetHints":{"allow":["GET"]}}],"collection":[{"href":"https:\/\/dupescents.co\/es\/wp-json\/wp\/v2\/product"}],"about":[{"href":"https:\/\/dupescents.co\/es\/wp-json\/wp\/v2\/types\/product"}],"replies":[{"embeddable":true,"href":"https:\/\/dupescents.co\/es\/wp-json\/wp\/v2\/comments?post=26739"}],"wp:featuredmedia":[{"embeddable":true,"href":"https:\/\/dupescents.co\/es\/wp-json\/wp\/v2\/media\/36270"}],"wp:attachment":[{"href":"https:\/\/dupescents.co\/es\/wp-json\/wp\/v2\/media?parent=26739"}],"wp:term":[{"taxonomy":"product_brand","embeddable":true,"href":"https:\/\/dupescents.co\/es\/wp-json\/wp\/v2\/product_brand?post=26739"},{"taxonomy":"product_cat","embeddable":true,"href":"https:\/\/dupescents.co\/es\/wp-json\/wp\/v2\/product_cat?post=26739"},{"taxonomy":"product_tag","embeddable":true,"href":"https:\/\/dupescents.co\/es\/wp-json\/wp\/v2\/product_tag?post=26739"}],"curies":[{"name":"wp","href":"https:\/\/api.w.org\/{rel}","templated":true}]}}