{"id":26726,"date":"2025-03-30T12:09:10","date_gmt":"2025-03-30T10:09:10","guid":{"rendered":"https:\/\/dupescents.co\/products\/huele-a-chance-eau-fraiche\/"},"modified":"2026-02-21T20:41:37","modified_gmt":"2026-02-21T19:41:37","slug":"huele-a-chance-eau-fraiche","status":"publish","type":"product","link":"https:\/\/dupescents.co\/es\/productos\/huele-a-chance-eau-fraiche\/","title":{"rendered":"Huele a&#8230; Chance Eau Fraiche"},"content":{"rendered":"<p>422W - REPUESTO PARA CHANEL CHANCE EAU FRAICHE<br \/>\nPARF\u00dcM NR. 422W - REPUESTO PARA CHANEL CHANCE EAU FRAICHE<\/p>\n<p>NOTAS DE FRAGANCIA DE NUESTRO SUSTITUTO:<\/p>\n<p>LIM\u00d3N<br \/>\nCEDR<br \/>\nLIM\u00d3N<br \/>\nAGUA HIACITA<br \/>\nPIMIENTA ROSA<br \/>\nJAZM\u00cdN<br \/>\nPACULA<br \/>\nPIMIENTA BLANCA<br \/>\nVETIVER<br \/>\nTEK-TREE<br \/>\nIRYS<br \/>\nBURSHINE<br \/>\nDESCRIPCI\u00d3N DE LA FRAGANCIA:<\/p>\n<p>Con el equivalente de la fragancia Chance Eau Fraiche, te embarcar\u00e1s en un viaje a una tierra llena de energ\u00eda y frescura. Esta fragancia se cre\u00f3 para mujeres realmente excepcionales. \u00a1As\u00ed que es la fragancia perfecta para ti si te gustan los sabores refrescantes sobre un almizcle sensual! Adem\u00e1s, el frasco contiene lim\u00f3n, jacinto, jazm\u00edn y \u00e1mbar. La mezcla es perfecta para los c\u00e1lidos d\u00edas de verano.    <\/p>\n<p>CARACTER\u00cdSTICAS DEL EQUIVALENTE DE FRAGANCIA CHANEL CHANCE EAU FRAICHE:<br \/>\nTipo de fragancia: Chipre, floral<br \/>\nIndicado para: Mujeres<br \/>\nVolumen: 10 ml \/ 30 ml \/ 50 ml \/ 100 ml<br \/>\nC\u00f3digo de producto: 422W<br \/>\nEl precio de este perfume depende de la cantidad indicada.<br \/>\n\u00a1Por favor, danos tu opini\u00f3n despu\u00e9s de la compra!<\/p>\n<p>\u00a1Echa un vistazo a otros perfumes Chanel y a sus sustitutos!<\/p>\n","protected":false},"excerpt":{"rendered":"<p class=\"product__text inline-richtext\">Inspiraci\u00f3n: Chanel Chance Eau Fraiche EDT 35ML<\/p>\n<p class=\"product__text inline-richtext\"><strong>\u2705 Eau de Toilette 19-21% Perfume<\/strong><\/p>\n<p class=\"product__text inline-richtext\"><strong>\u2705 La fragancia dura un segundo d\u00eda<\/strong><\/p>\n<p class=\"product__text inline-richtext\"><strong>Compra la fragancia, no la marca: ahorra dinero<\/strong><\/p>\n","protected":false},"featured_media":35830,"comment_status":"open","ping_status":"closed","template":"","meta":{"_acf_changed":false},"product_brand":[],"product_cat":[204],"product_tag":[],"class_list":{"0":"post-26726","1":"product","2":"type-product","3":"status-publish","4":"has-post-thumbnail","6":"product_cat-para-mujeres","8":"first","9":"instock","10":"shipping-taxable","11":"purchasable","12":"product-type-variable"},"acf":[],"aioseo_notices":[],"jetpack_sharing_enabled":true,"_links":{"self":[{"href":"https:\/\/dupescents.co\/es\/wp-json\/wp\/v2\/product\/26726","targetHints":{"allow":["GET"]}}],"collection":[{"href":"https:\/\/dupescents.co\/es\/wp-json\/wp\/v2\/product"}],"about":[{"href":"https:\/\/dupescents.co\/es\/wp-json\/wp\/v2\/types\/product"}],"replies":[{"embeddable":true,"href":"https:\/\/dupescents.co\/es\/wp-json\/wp\/v2\/comments?post=26726"}],"wp:featuredmedia":[{"embeddable":true,"href":"https:\/\/dupescents.co\/es\/wp-json\/wp\/v2\/media\/35830"}],"wp:attachment":[{"href":"https:\/\/dupescents.co\/es\/wp-json\/wp\/v2\/media?parent=26726"}],"wp:term":[{"taxonomy":"product_brand","embeddable":true,"href":"https:\/\/dupescents.co\/es\/wp-json\/wp\/v2\/product_brand?post=26726"},{"taxonomy":"product_cat","embeddable":true,"href":"https:\/\/dupescents.co\/es\/wp-json\/wp\/v2\/product_cat?post=26726"},{"taxonomy":"product_tag","embeddable":true,"href":"https:\/\/dupescents.co\/es\/wp-json\/wp\/v2\/product_tag?post=26726"}],"curies":[{"name":"wp","href":"https:\/\/api.w.org\/{rel}","templated":true}]}}