{"id":26674,"date":"2025-03-30T12:20:08","date_gmt":"2025-03-30T10:20:08","guid":{"rendered":"https:\/\/dupescents.co\/products\/huele-a-mademoiselle-leau-prive\/"},"modified":"2025-11-05T19:23:40","modified_gmt":"2025-11-05T18:23:40","slug":"huele-a-mademoiselle-leau-prive","status":"publish","type":"product","link":"https:\/\/dupescents.co\/es\/productos\/huele-a-mademoiselle-leau-prive\/","title":{"rendered":"Huele a&#8230; Mademoiselle L&#8217;EAU PRIVE"},"content":{"rendered":"<p>190W - Ersatz f\u00fcr Chanel Coco Mademoiselle L&#8217;EAU PRIV\u00c9E<br \/>\nEAU DE PARFUM NO 190W - ERSATZ F\u00dcR CHANEL COCO MADEMOISELLE L&#8217;EAU PRIV\u00c9E<\/p>\n<p>DUFTNOTEN UNSERES ERSATZES:<\/p>\n<p>MANDARINE<br \/>\nJASMINE<br \/>\nROSE<br \/>\nWEISSE PIZZE<br \/>\nDUFTBESCHREIBUNG:<\/p>\n<p>Nach dem eleganten Mademoiselle ist die Zeit reif f\u00fcr einen Duft, der seine besondere Kraft im Schutz der Nacht entfaltet. Die \u00e4u\u00dferst sinnliche Kombination aus Mandarine, Jasmin und Rose wird von wei\u00dfem Moschus akzentuiert und spiegelt das Wesen einer k\u00fchnen, sorglosen und wahrhaft freien Frau wider.<\/p>\n<p>Testen Sie 190W, die Inspiration f\u00fcr den Chanel-Bestseller Coco Mademoiselle L&#8217;EAU PRIV\u00c9E, entworfen von Olivier Polge, und h\u00fcllen Sie sich in den sinnlichen Schleier eines luxuri\u00f6sen Duftes.<\/p>\n<p>EIGENSCHAFTEN DES GEGENST\u00dcCKS:<br \/>\nDufttyp: orientalisch, blumig<br \/>\nF\u00fcr wen: Frauen<br \/>\nVolumen: 10 ml \/ 30 ml \/ 50 ml \/ 100 ml<br \/>\nProdukt-Code: 190W<br \/>\nDer Preis f\u00fcr dieses Parf\u00fcm h\u00e4ngt von der angegebenen Menge ab.<br \/>\nBitte geben Sie uns nach dem Kauf Ihr Feedback!<\/p>\n<p>Siehe auch andere Chanel-Parf\u00fcms und ihre Ersatzprodukte.<\/p>\n","protected":false},"excerpt":{"rendered":"<p class=\"product__text inline-richtext\">Inspiraci\u00f3n: Chanel Coco Mademoiselle L&#8217;EAU PRIV\u00c9E EDT 50ML<\/p>\n<p class=\"product__text inline-richtext\"><strong>\u2705 Eau de Toilette 19-21% Perfume<\/strong><\/p>\n<p class=\"product__text inline-richtext\"><strong>\u2705 La fragancia dura un segundo d\u00eda<\/strong><\/p>\n<p class=\"product__text inline-richtext\"><strong>Compra la fragancia, no la marca: ahorra dinero<\/strong><\/p>\n","protected":false},"featured_media":36259,"comment_status":"open","ping_status":"closed","template":"","meta":{"_acf_changed":false},"product_brand":[],"product_cat":[204],"product_tag":[],"class_list":{"0":"post-26674","1":"product","2":"type-product","3":"status-publish","4":"has-post-thumbnail","6":"product_cat-para-mujeres","8":"first","9":"instock","10":"shipping-taxable","11":"purchasable","12":"product-type-variable"},"acf":[],"aioseo_notices":[],"jetpack_sharing_enabled":true,"_links":{"self":[{"href":"https:\/\/dupescents.co\/es\/wp-json\/wp\/v2\/product\/26674","targetHints":{"allow":["GET"]}}],"collection":[{"href":"https:\/\/dupescents.co\/es\/wp-json\/wp\/v2\/product"}],"about":[{"href":"https:\/\/dupescents.co\/es\/wp-json\/wp\/v2\/types\/product"}],"replies":[{"embeddable":true,"href":"https:\/\/dupescents.co\/es\/wp-json\/wp\/v2\/comments?post=26674"}],"wp:featuredmedia":[{"embeddable":true,"href":"https:\/\/dupescents.co\/es\/wp-json\/wp\/v2\/media\/36259"}],"wp:attachment":[{"href":"https:\/\/dupescents.co\/es\/wp-json\/wp\/v2\/media?parent=26674"}],"wp:term":[{"taxonomy":"product_brand","embeddable":true,"href":"https:\/\/dupescents.co\/es\/wp-json\/wp\/v2\/product_brand?post=26674"},{"taxonomy":"product_cat","embeddable":true,"href":"https:\/\/dupescents.co\/es\/wp-json\/wp\/v2\/product_cat?post=26674"},{"taxonomy":"product_tag","embeddable":true,"href":"https:\/\/dupescents.co\/es\/wp-json\/wp\/v2\/product_tag?post=26674"}],"curies":[{"name":"wp","href":"https:\/\/api.w.org\/{rel}","templated":true}]}}