{"id":26658,"date":"2025-03-30T12:20:55","date_gmt":"2025-03-30T10:20:55","guid":{"rendered":"https:\/\/dupescents.co\/products\/huele-a-vivo\/"},"modified":"2026-02-22T00:16:15","modified_gmt":"2026-02-21T23:16:15","slug":"huele-a-vivo","status":"publish","type":"product","link":"https:\/\/dupescents.co\/es\/productos\/huele-a-vivo\/","title":{"rendered":"Huele a&#8230; VIVO"},"content":{"rendered":"<p>EAU DE PARFUM NO 098W - CORRESPONDE A HUGO BOSS ALIVE<\/p>\n<p>NOTAS DE FRAGANCIA DE NUESTRO SUSTITUTO:<\/p>\n<p>VAINILLA DE MADAGASCAR<br \/>\nCIRUELA<br \/>\nJABEL<br \/>\nCANELA<br \/>\nGROSELLERO NEGRO<br \/>\nJAZM\u00cdN DE HOJA GRANDE<br \/>\nTOMILLO<br \/>\nCEDRO<br \/>\n\u00c1RBOL DEL ACEITE<br \/>\nS\u00c1NDALO<br \/>\nDESCRIPCI\u00d3N DE LA FRAGANCIA:<\/p>\n<p>\u00bfSabes ad\u00f3nde vas y, sin embargo, celebras cada momento? Prueba esta fragancia cautivadora para mujeres apasionadas y espont\u00e1neas que asumen retos con audacia. La composici\u00f3n afrutada y amaderada te da energ\u00eda y te envuelve en un aura inconfundible y estimulante. Las notas especiadas aportan un aroma misterioso que te inspira a seguir tu propio camino, en tus propios t\u00e9rminos.   <\/p>\n<p>Eau de Parfum 098W es la continuaci\u00f3n del bestseller Hugo Boss Alive. Es una fragancia que te lleva de viaje alrededor del mundo sin tener que salir de casa. La vainilla de Madagascar, la canela y el s\u00e1ndalo anuncian el comienzo de una aventura ex\u00f3tica en la que t\u00fa eres el primero.  <\/p>\n<p>CARACTER\u00cdSTICAS DE LA FRAGANCIA VIVA INGREDIENTE:<br \/>\nTipo de fragancia: afrutada, amaderada, especiada<br \/>\nPara qui\u00e9n: femenino<br \/>\nVolumen: 30 ml \/ 50 ml \/ 100 ml<br \/>\nC\u00f3digo del producto: 098W<\/p>\n<p>\u00bfA qu\u00e9 huele el equivalente del perfume Hugo Boss Alive?<br \/>\nEs una fragancia llamativa, muy femenina y hermosa, que puede clasificarse como especiada, amaderada, pero tambi\u00e9n afrutada. Entre sus notas de fragancia, se perciben acentos de canela c\u00e1lida, s\u00e1ndalo, olivo, pero tambi\u00e9n flor de jazm\u00edn y vainilla. La fragancia de esta composici\u00f3n hace sonre\u00edr, es refinada y tiene algo de seductora.  <\/p>\n","protected":false},"excerpt":{"rendered":"<p class=\"product__text inline-richtext\">Inspiraci\u00f3n: Hugo Boss ALIVE EDP 80ML<\/p>\n<p class=\"product__text inline-richtext\"><strong>\u2705 Eau de Toilette 19-21% Perfume<\/strong><\/p>\n<p class=\"product__text inline-richtext\"><strong>\u2705 La fragancia dura un segundo d\u00eda<\/strong><\/p>\n<p class=\"product__text inline-richtext\"><strong>Compra la fragancia, no la marca: ahorra dinero<\/strong><\/p>\n","protected":false},"featured_media":35897,"comment_status":"open","ping_status":"closed","template":"","meta":{"_acf_changed":false},"product_brand":[],"product_cat":[204],"product_tag":[],"class_list":{"0":"post-26658","1":"product","2":"type-product","3":"status-publish","4":"has-post-thumbnail","6":"product_cat-para-mujeres","8":"first","9":"instock","10":"shipping-taxable","11":"purchasable","12":"product-type-variable"},"acf":[],"aioseo_notices":[],"jetpack_sharing_enabled":true,"_links":{"self":[{"href":"https:\/\/dupescents.co\/es\/wp-json\/wp\/v2\/product\/26658","targetHints":{"allow":["GET"]}}],"collection":[{"href":"https:\/\/dupescents.co\/es\/wp-json\/wp\/v2\/product"}],"about":[{"href":"https:\/\/dupescents.co\/es\/wp-json\/wp\/v2\/types\/product"}],"replies":[{"embeddable":true,"href":"https:\/\/dupescents.co\/es\/wp-json\/wp\/v2\/comments?post=26658"}],"wp:featuredmedia":[{"embeddable":true,"href":"https:\/\/dupescents.co\/es\/wp-json\/wp\/v2\/media\/35897"}],"wp:attachment":[{"href":"https:\/\/dupescents.co\/es\/wp-json\/wp\/v2\/media?parent=26658"}],"wp:term":[{"taxonomy":"product_brand","embeddable":true,"href":"https:\/\/dupescents.co\/es\/wp-json\/wp\/v2\/product_brand?post=26658"},{"taxonomy":"product_cat","embeddable":true,"href":"https:\/\/dupescents.co\/es\/wp-json\/wp\/v2\/product_cat?post=26658"},{"taxonomy":"product_tag","embeddable":true,"href":"https:\/\/dupescents.co\/es\/wp-json\/wp\/v2\/product_tag?post=26658"}],"curies":[{"name":"wp","href":"https:\/\/api.w.org\/{rel}","templated":true}]}}