{"id":26649,"date":"2025-03-30T12:19:02","date_gmt":"2025-03-30T10:19:02","guid":{"rendered":"https:\/\/dupescents.co\/products\/huele-a-codigo-de-mujer\/"},"modified":"2026-02-22T00:17:23","modified_gmt":"2026-02-21T23:17:23","slug":"huele-a-codigo-de-mujer","status":"publish","type":"product","link":"https:\/\/dupescents.co\/es\/productos\/huele-a-codigo-de-mujer\/","title":{"rendered":"Huele a&#8230; C\u00f3digo de mujer"},"content":{"rendered":"<p>146W - Recambio para Giorgio Armani Acqua di Gioia<br \/>\nRECAMBIO DE PARF\u00dcMWASSER GIORGIO ARMANI ACQUA DI GIOIA NO. 146W<\/p>\n<p>NOTAS DE FRAGANCIA DE NUESTRO SUSTITUTO:<\/p>\n<p>LIM\u00d3N DE AMALFI<br \/>\nMONEDA<br \/>\nJAZM\u00cdN<br \/>\nPIWONIA<br \/>\nCEDRO DE VIRGINIA<br \/>\nPIMIENTA ROSA<br \/>\nL\u00c1DANO FRANC\u00c9S<br \/>\nAZ\u00daCAR MORENO<br \/>\nDESCRIPCI\u00d3N DE LA FRAGANCIA:<\/p>\n<p>Una fragancia refrescante y acu\u00e1tica para mujeres optimistas e independientes. Nuestro perfume Lane n.\u00ba 146W es una contrapartida de la composici\u00f3n Acqua di Gioia de Giorgio Armani. La alegre y ligera combinaci\u00f3n de notas florales y acu\u00e1ticas recuerda al Mediterr\u00e1neo, que encanta y seduce. Esta fragancia es perfecta para llevar a diario, especialmente en el caluroso verano.   <\/p>\n<p>CARACTER\u00cdSTICAS DEL PERFUME EQUIVALENTE AL ACQUA DI GIOIA:<\/p>\n<p>Tipo de fragancia: floral, acu\u00e1tica<br \/>\nIndicado para: Mujeres<br \/>\nVolumen: 30 ml \/ 50 ml \/ 100 ml<br \/>\nC\u00f3digo del producto: 146W<br \/>\nEl precio de este perfume depende de la cantidad indicada.<br \/>\n\u00a1Por favor, danos tu opini\u00f3n despu\u00e9s de la compra!<\/p>\n<p>&nbsp;<\/p>\n<p>\u00bfA qu\u00e9 huele el equivalente del perfume Acqua di Gioia?<br \/>\nEs una hermosa fragancia que puede clasificarse como acu\u00e1tica pero tambi\u00e9n floral. Es muy refrescante e incluso irradia alegr\u00eda. El perfume se caracteriza por notas frescas de lim\u00f3n y acordes de pimienta rosa, pero tambi\u00e9n por notas de menta, cedro y peon\u00eda, por nombrar s\u00f3lo algunas.  <\/p>\n<p>\u00bfPara qu\u00e9 ocasiones es adecuado el sustituto del perfume Acqua di Gioia?<br \/>\nEs una fragancia ideal para llevar a diario, perfecta para las mujeres que aprecian los perfumes femeninos modernos. Su ligereza funciona de d\u00eda y de noche, sobre todo en verano, pero tambi\u00e9n desprende encanto en oto\u00f1o e invierno. <\/p>\n","protected":false},"excerpt":{"rendered":"<p class=\"product__text inline-richtext\">Inspiraci\u00f3n: Giorgio Armani Code for Woman EDP 30ML<\/p>\n<p class=\"product__text inline-richtext\"><strong>\u2705 Eau de Toilette 19-21% Perfume<\/strong><\/p>\n<p class=\"product__text inline-richtext\"><strong>\u2705 La fragancia dura un segundo d\u00eda<\/strong><\/p>\n<p class=\"product__text inline-richtext\"><strong>Compra la fragancia, no la marca: ahorra dinero<\/strong><\/p>\n","protected":false},"featured_media":35900,"comment_status":"open","ping_status":"closed","template":"","meta":{"_acf_changed":false},"product_brand":[],"product_cat":[204],"product_tag":[],"class_list":{"0":"post-26649","1":"product","2":"type-product","3":"status-publish","4":"has-post-thumbnail","6":"product_cat-para-mujeres","8":"first","9":"instock","10":"shipping-taxable","11":"purchasable","12":"product-type-variable"},"acf":[],"aioseo_notices":[],"jetpack_sharing_enabled":true,"_links":{"self":[{"href":"https:\/\/dupescents.co\/es\/wp-json\/wp\/v2\/product\/26649","targetHints":{"allow":["GET"]}}],"collection":[{"href":"https:\/\/dupescents.co\/es\/wp-json\/wp\/v2\/product"}],"about":[{"href":"https:\/\/dupescents.co\/es\/wp-json\/wp\/v2\/types\/product"}],"replies":[{"embeddable":true,"href":"https:\/\/dupescents.co\/es\/wp-json\/wp\/v2\/comments?post=26649"}],"wp:featuredmedia":[{"embeddable":true,"href":"https:\/\/dupescents.co\/es\/wp-json\/wp\/v2\/media\/35900"}],"wp:attachment":[{"href":"https:\/\/dupescents.co\/es\/wp-json\/wp\/v2\/media?parent=26649"}],"wp:term":[{"taxonomy":"product_brand","embeddable":true,"href":"https:\/\/dupescents.co\/es\/wp-json\/wp\/v2\/product_brand?post=26649"},{"taxonomy":"product_cat","embeddable":true,"href":"https:\/\/dupescents.co\/es\/wp-json\/wp\/v2\/product_cat?post=26649"},{"taxonomy":"product_tag","embeddable":true,"href":"https:\/\/dupescents.co\/es\/wp-json\/wp\/v2\/product_tag?post=26649"}],"curies":[{"name":"wp","href":"https:\/\/api.w.org\/{rel}","templated":true}]}}