{"id":26639,"date":"2025-03-30T12:23:31","date_gmt":"2025-03-30T10:23:31","guid":{"rendered":"https:\/\/dupescents.co\/products\/huele-a-oceano-di-gioia\/"},"modified":"2025-11-05T19:23:34","modified_gmt":"2025-11-05T18:23:34","slug":"huele-a-oceano-di-gioia","status":"publish","type":"product","link":"https:\/\/dupescents.co\/es\/productos\/huele-a-oceano-di-gioia\/","title":{"rendered":"Huele a&#8230; Oc\u00e9ano Di Gioia"},"content":{"rendered":"<p>191W - Ersatz f\u00fcr Giorgio Armani OCEAN DI GIOIA<br \/>\nEAU DE PARFUM NO 191W - ERSATZ F\u00dcR GIORGIO ARMANI OCEAN DI GIOIA<\/p>\n<p>DUFTNOTEN UNSERES ERSATZES:<\/p>\n<p>GRUSH<br \/>\nZITRUS<br \/>\nGR\u00dcNE N\u00dcSSE<br \/>\nWASSER JASMIN<br \/>\nSALZ<br \/>\nCONVALIA<br \/>\nROSE<br \/>\nPIZMERE<br \/>\nSANDELHOLZ<br \/>\nDUFTBESCHREIBUNG:<\/p>\n<p>Die unglaubliche Frische des grenzenlosen Ozeans, eine erfrischende Brise, saftige Zitrone und duftende Blumen - sp\u00fcren Sie sie auf Ihrer eigenen Haut, indem Sie sich mit der Inspiration des Bestsellers Giorgio Armani Ocean Di Gioia bespr\u00fchen.<\/p>\n<p>191W ist f\u00fcr elegante Frauen voller positiver Energie und einem unb\u00e4ndigen Temperament!<\/p>\n<p>EIGENSCHAFTEN DES \u00c4QUIVALENTS VON OCEAN DI GIOIA PARF\u00dcM:<br \/>\nDufttyp: blumig, fruchtig<br \/>\nF\u00fcr wen: Frauen<br \/>\nInhalt 10 ml \/ 30 ml \/ 50 ml \/ 100 ml<br \/>\nProdukt-Code: 191W<br \/>\nDer Preis f\u00fcr dieses Parf\u00fcm h\u00e4ngt von der angegebenen Menge ab.<br \/>\nBitte geben Sie uns Ihr Feedback nach dem Kauf!<\/p>\n<p>Sehen Sie auch andere Giorgio Armani Parfums und ihre Ersatzprodukte.<\/p>\n<p>Wie riecht das entsprechende Parf\u00fcm Giorgio Armani Ocean Di Gioia?<br \/>\nEs ist ein sehr angenehmer, leichter Sommerduft, der in die Kategorie der fruchtigen, aber auch blumigen D\u00fcfte f\u00e4llt. Unter den vorhandenen Aromen kann man Akkorde von Rosenbl\u00fcten, Maigl\u00f6ckchen und Wasserjasmin, Birne oder gr\u00fcne Noten wahrnehmen. Diese Komposition vermittelt ein Gef\u00fchl von Frische und Saftigkeit und ist daher sehr angenehm zu tragen.<\/p>\n","protected":false},"excerpt":{"rendered":"<p class=\"product__text inline-richtext\">Inspiraci\u00f3n: Giorgio Armani Ocean Di Gioia EDP 50ML<\/p>\n<p class=\"product__text inline-richtext\"><strong>\u2705 Eau de Toilette 19-21% Perfume<\/strong><\/p>\n<p class=\"product__text inline-richtext\"><strong>\u2705 La fragancia dura un segundo d\u00eda<\/strong><\/p>\n<p class=\"product__text inline-richtext\"><strong>Compra la fragancia, no la marca: ahorra dinero<\/strong><\/p>\n","protected":false},"featured_media":36256,"comment_status":"open","ping_status":"closed","template":"","meta":{"_acf_changed":false},"product_brand":[],"product_cat":[204],"product_tag":[],"class_list":{"0":"post-26639","1":"product","2":"type-product","3":"status-publish","4":"has-post-thumbnail","6":"product_cat-para-mujeres","8":"first","9":"instock","10":"shipping-taxable","11":"purchasable","12":"product-type-variable"},"acf":[],"aioseo_notices":[],"jetpack_sharing_enabled":true,"_links":{"self":[{"href":"https:\/\/dupescents.co\/es\/wp-json\/wp\/v2\/product\/26639","targetHints":{"allow":["GET"]}}],"collection":[{"href":"https:\/\/dupescents.co\/es\/wp-json\/wp\/v2\/product"}],"about":[{"href":"https:\/\/dupescents.co\/es\/wp-json\/wp\/v2\/types\/product"}],"replies":[{"embeddable":true,"href":"https:\/\/dupescents.co\/es\/wp-json\/wp\/v2\/comments?post=26639"}],"wp:featuredmedia":[{"embeddable":true,"href":"https:\/\/dupescents.co\/es\/wp-json\/wp\/v2\/media\/36256"}],"wp:attachment":[{"href":"https:\/\/dupescents.co\/es\/wp-json\/wp\/v2\/media?parent=26639"}],"wp:term":[{"taxonomy":"product_brand","embeddable":true,"href":"https:\/\/dupescents.co\/es\/wp-json\/wp\/v2\/product_brand?post=26639"},{"taxonomy":"product_cat","embeddable":true,"href":"https:\/\/dupescents.co\/es\/wp-json\/wp\/v2\/product_cat?post=26639"},{"taxonomy":"product_tag","embeddable":true,"href":"https:\/\/dupescents.co\/es\/wp-json\/wp\/v2\/product_tag?post=26639"}],"curies":[{"name":"wp","href":"https:\/\/api.w.org\/{rel}","templated":true}]}}