{"id":26631,"date":"2025-03-30T12:28:49","date_gmt":"2025-03-30T10:28:49","guid":{"rendered":"https:\/\/dupescents.co\/products\/perfume-magico-no-466w\/"},"modified":"2025-11-05T19:23:33","modified_gmt":"2025-11-05T18:23:33","slug":"perfume-magico-no-466w","status":"publish","type":"product","link":"https:\/\/dupescents.co\/es\/productos\/perfume-magico-no-466w\/","title":{"rendered":"PERFUME M\u00c1GICO n\u00ba 466W"},"content":{"rendered":"<p>466W - ERSATZ VON Maison Francis Kurkdjian Baccarat Rouge 540 Parf\u00fcm<br \/>\nPERFUMED WATER NO 466W - ERSATZ VON Maison Francis Kurkdjian Baccarat Rouge 540 Parf\u00fcm<\/p>\n<p>Beschreibung des franz\u00f6sischen Parfums Maison Francis Baccarat Rouge<br \/>\nDieses Jasminparf\u00fcm ist inspiriert von dem Parf\u00fcm Maison Francis Kurkdjian Baccarat Rouge 540, das seinen Namen nicht umsonst als elegant, unauff\u00e4llig und sehr exklusiv verdient hat. Es ist eine \u00e4u\u00dferst faszinierende, sogar k\u00f6nigliche Mischung. Auf der einen Seite flirten blumige Noten von Jasmin mit uns, w\u00e4hrend uns auf der anderen Seite orientalische Akkorde von Amberholz, Ambra und Safran angenehm umh\u00fcllen. Ein raffinierter Duft des Erfolgs, der Ihnen das Gef\u00fchl gibt, Ihr Leben unter Kontrolle zu haben und sich mit Ihren Tr\u00e4umen zu vereinen. Fesselnd w\u00fcrzig, hypnotisch fruchtig. Ein Ersatz f\u00fcr M. F. Kukdjian Bacarat Rouge, den Sie in Ihrer Sammlung haben m\u00fcssen!<\/p>\n<p>Eigenschaften des \u00c4quivalents von Maison Francis Baccarat Rouge 540:<br \/>\nDufttyp: orientalisch, blumig, Chypre<br \/>\nF\u00fcr wen: Unisex<br \/>\nVolumen: 10 ml \/ 30 ml \/ 50 ml \/ 100 ml<br \/>\nProdukt-Code: 466W<br \/>\nDer Preis f\u00fcr dieses Parf\u00fcm h\u00e4ngt von der angegebenen Menge ab.<br \/>\nBitte geben Sie uns nach dem Kauf Ihr Feedback!<\/p>\n","protected":false},"excerpt":{"rendered":"<p>Inspiraci\u00f3n: Maison Francis Kurkdjian Baccarat Rouge 540 EDP 70ML<\/p>\n<p class=\"product__text inline-richtext\"><strong>\u2705 Eau de Toilette 19-21% Perfume<\/strong><\/p>\n<p class=\"product__text inline-richtext\"><strong>\u2705 La fragancia dura un segundo d\u00eda<\/strong><\/p>\n<p class=\"product__text inline-richtext\"><strong>Compra la fragancia, no la marca: ahorra dinero<\/strong><\/p>\n","protected":false},"featured_media":0,"comment_status":"open","ping_status":"closed","template":"","meta":{"_acf_changed":false},"product_brand":[],"product_cat":[204],"product_tag":[],"class_list":{"0":"post-26631","1":"product","2":"type-product","3":"status-publish","5":"product_cat-para-mujeres","7":"first","8":"instock","9":"shipping-taxable","10":"purchasable","11":"product-type-variable"},"acf":[],"aioseo_notices":[],"jetpack_sharing_enabled":true,"_links":{"self":[{"href":"https:\/\/dupescents.co\/es\/wp-json\/wp\/v2\/product\/26631","targetHints":{"allow":["GET"]}}],"collection":[{"href":"https:\/\/dupescents.co\/es\/wp-json\/wp\/v2\/product"}],"about":[{"href":"https:\/\/dupescents.co\/es\/wp-json\/wp\/v2\/types\/product"}],"replies":[{"embeddable":true,"href":"https:\/\/dupescents.co\/es\/wp-json\/wp\/v2\/comments?post=26631"}],"wp:attachment":[{"href":"https:\/\/dupescents.co\/es\/wp-json\/wp\/v2\/media?parent=26631"}],"wp:term":[{"taxonomy":"product_brand","embeddable":true,"href":"https:\/\/dupescents.co\/es\/wp-json\/wp\/v2\/product_brand?post=26631"},{"taxonomy":"product_cat","embeddable":true,"href":"https:\/\/dupescents.co\/es\/wp-json\/wp\/v2\/product_cat?post=26631"},{"taxonomy":"product_tag","embeddable":true,"href":"https:\/\/dupescents.co\/es\/wp-json\/wp\/v2\/product_tag?post=26631"}],"curies":[{"name":"wp","href":"https:\/\/api.w.org\/{rel}","templated":true}]}}