{"id":26620,"date":"2025-03-30T12:24:30","date_gmt":"2025-03-30T10:24:30","guid":{"rendered":"https:\/\/dupescents.co\/products\/huele-a-flor\/"},"modified":"2026-02-21T23:40:34","modified_gmt":"2026-02-21T22:40:34","slug":"huele-a-flor","status":"publish","type":"product","link":"https:\/\/dupescents.co\/es\/productos\/huele-a-flor\/","title":{"rendered":"Huele a&#8230; Flor"},"content":{"rendered":"<p>FRAGANCIAS DE NUESTRO SUSTITUTO:<\/p>\n<p>VIOLETA DE PARMA<br \/>\nROSA DE BULGARIA<br \/>\nVAINILLA<br \/>\nPIZMO BLANCO<br \/>\nMIEL<br \/>\nOPONACA<br \/>\nCIELO<br \/>\nJAZM\u00cdN<br \/>\nGROSELLERO NEGRO<br \/>\nMANDARINA<br \/>\nDESCRIPCI\u00d3N DE LA FRAGANCIA:<\/p>\n<p>Una rom\u00e1ntica fragancia femenina que recuerda a un prado exuberante y florido. Como contrapartida al perfume Kenzo Flower, esta composici\u00f3n sin precedentes combina la dimensi\u00f3n oriental del incienso y el almizcle blanco con bellos acordes florales y dulce vainilla. Creado para un uso cotidiano, este perfume seducir\u00e1 a las usuarias en busca de originalidad olfativa.  <\/p>\n<p>CARACTER\u00cdSTICAS DE LA FRAGANCIA FLORAL KENZO Art\u00edculo:<br \/>\nTipo de fragancia: oriental, floral<br \/>\nIndicado para: Mujeres<br \/>\nContenido: 30 ml \/ 50 ml \/ 100 ml<br \/>\nC\u00f3digo de producto: 074W<\/p>\n<p>\u00bfA qu\u00e9 huele el equivalente del perfume Kenzo Flower?<br \/>\nEs una fragancia hermosa y femenina que se describe como oriental y floral. Contiene notas de rosa, mandarina, pero tambi\u00e9n vainilla, grosella negra y un poco del hermoso aroma de la flor de jazm\u00edn, as\u00ed como un toque de incienso. Una mezcla tan maravillosa como \u00fatil para las mujeres que buscan algo original.  <\/p>\n<p>\u00bfPor qu\u00e9 merece la pena considerar el sustituto del perfume Kenzo Flower?<br \/>\nEs una composici\u00f3n de fragancia distintiva y al mismo tiempo inusual, cuyas notas olfativas se asocian en \u00faltima instancia tanto con la naturaleza como con la ciudad. Toda la fragancia es adecuada para el uso diario. <\/p>\n","protected":false},"excerpt":{"rendered":"<p>Inspiraci\u00f3n: Kenzo Flower EDP 50ML<\/p>\n<p class=\"product__text inline-richtext\"><strong>\u2705 Eau de Toilette 19-21% Perfume<\/strong><\/p>\n<p class=\"product__text inline-richtext\"><strong>\u2705 La fragancia dura un segundo d\u00eda<\/strong><\/p>\n<p class=\"product__text inline-richtext\"><strong>Compra la fragancia, no la marca: ahorra dinero<\/strong><\/p>\n","protected":false},"featured_media":35875,"comment_status":"open","ping_status":"closed","template":"","meta":{"_acf_changed":false},"product_brand":[],"product_cat":[204],"product_tag":[],"class_list":{"0":"post-26620","1":"product","2":"type-product","3":"status-publish","4":"has-post-thumbnail","6":"product_cat-para-mujeres","8":"first","9":"instock","10":"shipping-taxable","11":"purchasable","12":"product-type-variable"},"acf":[],"aioseo_notices":[],"jetpack_sharing_enabled":true,"_links":{"self":[{"href":"https:\/\/dupescents.co\/es\/wp-json\/wp\/v2\/product\/26620","targetHints":{"allow":["GET"]}}],"collection":[{"href":"https:\/\/dupescents.co\/es\/wp-json\/wp\/v2\/product"}],"about":[{"href":"https:\/\/dupescents.co\/es\/wp-json\/wp\/v2\/types\/product"}],"replies":[{"embeddable":true,"href":"https:\/\/dupescents.co\/es\/wp-json\/wp\/v2\/comments?post=26620"}],"wp:featuredmedia":[{"embeddable":true,"href":"https:\/\/dupescents.co\/es\/wp-json\/wp\/v2\/media\/35875"}],"wp:attachment":[{"href":"https:\/\/dupescents.co\/es\/wp-json\/wp\/v2\/media?parent=26620"}],"wp:term":[{"taxonomy":"product_brand","embeddable":true,"href":"https:\/\/dupescents.co\/es\/wp-json\/wp\/v2\/product_brand?post=26620"},{"taxonomy":"product_cat","embeddable":true,"href":"https:\/\/dupescents.co\/es\/wp-json\/wp\/v2\/product_cat?post=26620"},{"taxonomy":"product_tag","embeddable":true,"href":"https:\/\/dupescents.co\/es\/wp-json\/wp\/v2\/product_tag?post=26620"}],"curies":[{"name":"wp","href":"https:\/\/api.w.org\/{rel}","templated":true}]}}