{"id":26612,"date":"2025-03-30T12:31:01","date_gmt":"2025-03-30T10:31:01","guid":{"rendered":"https:\/\/dupescents.co\/products\/huele-a-caramelo\/"},"modified":"2026-02-22T00:22:55","modified_gmt":"2026-02-21T23:22:55","slug":"huele-a-caramelo","status":"publish","type":"product","link":"https:\/\/dupescents.co\/es\/productos\/huele-a-caramelo\/","title":{"rendered":"Huele a&#8230; Caramelo"},"content":{"rendered":"<p>182W - Sustituci\u00f3n de Prada Candy<br \/>\nEAU DE PARFUM NO 182W - SUSTITUCI\u00d3N DE PRADA CANDY<\/p>\n<p>NOTAS DE FRAGANCIA DE NUESTRO SUSTITUTO:<\/p>\n<p>CARAMELO<br \/>\nBENZOES<br \/>\nPI\u017bMO<br \/>\nNOTAS EMPOLVADAS<br \/>\nVAINILLA<br \/>\nDESCRIPCI\u00d3N DE LA FRAGANCIA:<\/p>\n<p>Un eau de toilette para mujeres atrevidas que seduce con su dulzura. Nuestro hom\u00f3logo de Prada Candy te har\u00e1 destacar entre la multitud y te seducir\u00e1 con sus inconfundibles acordes. La sensual combinaci\u00f3n de caramelo con almizcle y dulce vainilla har\u00e1 las delicias de las mujeres de tu entorno que saben lo que quieren de la vida y adoran las nuevas sensaciones.  <\/p>\n<p>CARACTER\u00cdSTICAS DEL EQUIVALENTE DE PERFUME PRADA CANDY:<br \/>\nTipo de fragancia: oriental<br \/>\nPara qui\u00e9n: mujeres<br \/>\nContenido: 10 ml \/ 30 ml \/ 50 ml \/ 100 ml<br \/>\nC\u00f3digo de producto: 182W<br \/>\nEl precio de este perfume depende de la cantidad indicada.<br \/>\n\u00a1D\u00e9janos tu opini\u00f3n tras la compra!<\/p>\n<p>Mira tambi\u00e9n otros perfumes Prada y sus sustitutos.<\/p>\n<p>\u00bfA qu\u00e9 huele el perfume correspondiente Prada Candy?<br \/>\nEs una fragancia claramente femenina que se reconoce como un aroma oriental. Si intentas olerlo, podr\u00e1s detectar aromas de vainilla, caramelo dulce y un toque de notas empolvadas, entre otros. <\/p>\n","protected":false},"excerpt":{"rendered":"<p class=\"product__text inline-richtext\">Inspiraci\u00f3n: Prada Candy EDP 30ML<\/p>\n<p class=\"product__text inline-richtext\"><strong>\u2705 Eau de Toilette 19-21% Perfume<\/strong><\/p>\n<p class=\"product__text inline-richtext\"><strong>\u2705 La fragancia dura un segundo d\u00eda<\/strong><\/p>\n<p class=\"product__text inline-richtext\"><strong>Compra la fragancia, no la marca: ahorra dinero<\/strong><\/p>\n","protected":false},"featured_media":35909,"comment_status":"open","ping_status":"closed","template":"","meta":{"_acf_changed":false},"product_brand":[],"product_cat":[204],"product_tag":[],"class_list":{"0":"post-26612","1":"product","2":"type-product","3":"status-publish","4":"has-post-thumbnail","6":"product_cat-para-mujeres","8":"first","9":"instock","10":"shipping-taxable","11":"purchasable","12":"product-type-variable"},"acf":[],"aioseo_notices":[],"jetpack_sharing_enabled":true,"_links":{"self":[{"href":"https:\/\/dupescents.co\/es\/wp-json\/wp\/v2\/product\/26612","targetHints":{"allow":["GET"]}}],"collection":[{"href":"https:\/\/dupescents.co\/es\/wp-json\/wp\/v2\/product"}],"about":[{"href":"https:\/\/dupescents.co\/es\/wp-json\/wp\/v2\/types\/product"}],"replies":[{"embeddable":true,"href":"https:\/\/dupescents.co\/es\/wp-json\/wp\/v2\/comments?post=26612"}],"wp:featuredmedia":[{"embeddable":true,"href":"https:\/\/dupescents.co\/es\/wp-json\/wp\/v2\/media\/35909"}],"wp:attachment":[{"href":"https:\/\/dupescents.co\/es\/wp-json\/wp\/v2\/media?parent=26612"}],"wp:term":[{"taxonomy":"product_brand","embeddable":true,"href":"https:\/\/dupescents.co\/es\/wp-json\/wp\/v2\/product_brand?post=26612"},{"taxonomy":"product_cat","embeddable":true,"href":"https:\/\/dupescents.co\/es\/wp-json\/wp\/v2\/product_cat?post=26612"},{"taxonomy":"product_tag","embeddable":true,"href":"https:\/\/dupescents.co\/es\/wp-json\/wp\/v2\/product_tag?post=26612"}],"curies":[{"name":"wp","href":"https:\/\/api.w.org\/{rel}","templated":true}]}}