{"id":26584,"date":"2025-03-30T13:29:57","date_gmt":"2025-03-30T11:29:57","guid":{"rendered":"https:\/\/dupescents.co\/products\/huele-a-margarita\/"},"modified":"2025-11-05T19:23:27","modified_gmt":"2025-11-05T18:23:27","slug":"huele-a-margarita","status":"publish","type":"product","link":"https:\/\/dupescents.co\/es\/productos\/huele-a-margarita\/","title":{"rendered":"Huele a&#8230; Margarita"},"content":{"rendered":"<p>001W - Ersatz f\u00fcr Marc Jacobs Daisy<br \/>\nEau de Parfum Nr. 001W - Ersatz f\u00fcr Marc Jacobs Daisy<\/p>\n<p>DUFTNOTEN VON UNSEREM ERSATZ:<\/p>\n<p>Wei\u00dfe H\u00f6lzer<br \/>\nRote Grapefruit<br \/>\nVeilchen, Gardenie<br \/>\nJasmin<br \/>\nVeilchenblatt<br \/>\nMoschus<br \/>\nErdbeere<br \/>\nVanille<br \/>\nDUFTBESCHREIBUNG:<\/p>\n<p>Ein strahlender blumiger und holziger Duft, der durch seine Romantik verf\u00fchrt. Dieses Eau de Parfum wurde von uns auf der Basis des Originalduftes Marc Jacobs Daisy so hergestellt, dass die Duftnoten perfekt wiedergegeben werden. Unser Pendant wird Ihnen mit seinen leichten, zarten Akkorden viel Freude bereiten - es eignet sich perfekt als Alltagsparf\u00fcm und sein Duft bleibt in jedem Fall im Ged\u00e4chtnis.<\/p>\n<p>EIGENSCHAFTEN VON MARC JACOBS DAISY PARFUM COUNTERPART:<\/p>\n<p>Dufttyp: blumig, holzig<br \/>\nF\u00fcr wen: Frauen<br \/>\nInhalt: 10ml \/ 30ml \/ 50ml \/ 100ml<br \/>\nProdukt-Code: 001W<br \/>\nDer Preis f\u00fcr dieses Parf\u00fcm h\u00e4ngt von der angegebenen Menge ab.<br \/>\nBitte geben Sie uns nach dem Kauf Ihr Feedback!<\/p>\n<p>&nbsp;<\/p>\n<p>Siehe auch andere Marc Jacobs Parfums und deren Ersatzprodukte.<\/p>\n<p>&nbsp;<\/p>\n<p>Wie riecht der Ersatz f\u00fcr das Parf\u00fcm Marc Jacobs Daisy?<br \/>\nEs ist ein verf\u00fchrerischer und reizvoller Duft mit holzigen und blumigen Noten. Man kann unter anderem Akzente wie Erdbeerfrucht, Veilchen, Vanille und Jasminbl\u00fcte wahrnehmen. Bemerkenswerterweise betonen viele Menschen, dass dieser sch\u00f6ne Duft sehr einpr\u00e4gsam ist.<\/p>\n<p>Ist das \u00c4quivalent von Daisy Parfum lang anhaltend?<br \/>\nEs handelt sich um ein Eau de Parfum, bei dessen Herstellung darauf geachtet wurde, dass der Duft so lange wie m\u00f6glich anh\u00e4lt und dass seine Langlebigkeit viel Freude bereitet.<\/p>\n","protected":false},"excerpt":{"rendered":"<p>Inspiraci\u00f3n: Marc Jacobs Daisy EDT 50ML<\/p>\n<p class=\"product__text inline-richtext\"><strong>\u2705 Eau de Toilette 19-21% Perfume<\/strong><\/p>\n<p class=\"product__text inline-richtext\"><strong>\u2705 La fragancia dura un segundo d\u00eda<\/strong><\/p>\n<p class=\"product__text inline-richtext\"><strong>Compra la fragancia, no la marca: ahorra dinero<\/strong><\/p>\n","protected":false},"featured_media":0,"comment_status":"open","ping_status":"closed","template":"","meta":{"_acf_changed":false},"product_brand":[],"product_cat":[204],"product_tag":[],"class_list":{"0":"post-26584","1":"product","2":"type-product","3":"status-publish","5":"product_cat-para-mujeres","7":"first","8":"instock","9":"shipping-taxable","10":"purchasable","11":"product-type-variable"},"acf":[],"aioseo_notices":[],"jetpack_sharing_enabled":true,"_links":{"self":[{"href":"https:\/\/dupescents.co\/es\/wp-json\/wp\/v2\/product\/26584","targetHints":{"allow":["GET"]}}],"collection":[{"href":"https:\/\/dupescents.co\/es\/wp-json\/wp\/v2\/product"}],"about":[{"href":"https:\/\/dupescents.co\/es\/wp-json\/wp\/v2\/types\/product"}],"replies":[{"embeddable":true,"href":"https:\/\/dupescents.co\/es\/wp-json\/wp\/v2\/comments?post=26584"}],"wp:attachment":[{"href":"https:\/\/dupescents.co\/es\/wp-json\/wp\/v2\/media?parent=26584"}],"wp:term":[{"taxonomy":"product_brand","embeddable":true,"href":"https:\/\/dupescents.co\/es\/wp-json\/wp\/v2\/product_brand?post=26584"},{"taxonomy":"product_cat","embeddable":true,"href":"https:\/\/dupescents.co\/es\/wp-json\/wp\/v2\/product_cat?post=26584"},{"taxonomy":"product_tag","embeddable":true,"href":"https:\/\/dupescents.co\/es\/wp-json\/wp\/v2\/product_tag?post=26584"}],"curies":[{"name":"wp","href":"https:\/\/api.w.org\/{rel}","templated":true}]}}