{"id":26557,"date":"2025-03-30T12:35:15","date_gmt":"2025-03-30T10:35:15","guid":{"rendered":"https:\/\/dupescents.co\/products\/huele-a-muy-buena-chica\/"},"modified":"2026-02-21T19:58:36","modified_gmt":"2026-02-21T18:58:36","slug":"huele-a-muy-buena-chica","status":"publish","type":"product","link":"https:\/\/dupescents.co\/es\/productos\/huele-a-muy-buena-chica\/","title":{"rendered":"Huele a&#8230; Muy buena chica"},"content":{"rendered":"<p>419W - Eau de Parfum equivalente a Carolina Herrera 212 VIP Ros\u00e9<br \/>\nEAU DE PARFUM NR. 419W - EQUIVALENTE AL PARFUM CAROLINA HERRERA 212 VIP ROS\u00c9<\/p>\n<p>404W - REEMPLAZO PARA CAROLINA HERRERA VERY GOOD GIRL<br \/>\nEAU DE PARFUM NO 404W - REEMPLAZO PARA CAROLINA HERRERA VERY GOOD GIRL<\/p>\n<p>NOTAS DE FRAGANCIA DE NUESTRO SUSTITUTO:<\/p>\n<p>GROSELLA ROJA<br \/>\nAGRADABLE<br \/>\nROSA<br \/>\nVAINILLA<br \/>\nVETIVER<br \/>\nDESCRIPCI\u00d3N DE LA FRAGANCIA:<\/p>\n<p>Esta chica tan educada no es en absoluto as\u00ed&#8230; \u00a1porque seduce, seduce y seduce! Un perfume dulce para mujeres atrevidas y seguras de s\u00ed mismas que desean acentuar su atractivo sexual. Las ex\u00f3ticas notas de lichi cautivan los sentidos, mientras que la grosella roja a\u00f1ade un toque interesante y fresco. La rosa conquista la fragancia con un aroma elegante, mientras que la vainilla y el vetiver suavizan toda la composici\u00f3n y llevan el conjunto a un final maravilloso.   <\/p>\n<p>Prueba 404W, la inspiraci\u00f3n del perfume Carolina Herrera Very Good Girl, \u00a1y demuestra al mundo de lo que eres capaz! Su composici\u00f3n elegante y depredadora seducir\u00e1 a muchos&#8230; <\/p>\n<p>CARACTER\u00cdSTICAS DEL EQUIVALENTE DEL PERFUME CAROLINA HERRERA VERY GOOD GIRL:<\/p>\n<p>Tipo de fragancia: afrutada, floral<br \/>\nPara qui\u00e9n: mujeres<br \/>\nContenido: 10 ml \/ 30 ml \/ 50 ml \/ 100 ml<br \/>\nC\u00f3digo de producto: 404W<br \/>\nEl precio de este perfume depende de la cantidad indicada.<br \/>\n\u00a1Por favor, danos tu opini\u00f3n despu\u00e9s de la compra!<\/p>\n<p>Mira tambi\u00e9n otros perfumes Carolina Herrera y sus sustitutos.<\/p>\n","protected":false},"excerpt":{"rendered":"<p>Inspiraci\u00f3n: Carolina Herrera Very Good Girl EDP 30ML<\/p>\n<p class=\"product__text inline-richtext\"><strong>\u2705 Eau de Toilette 19-21% Perfume<\/strong><\/p>\n<p class=\"product__text inline-richtext\"><strong>\u2705 La fragancia dura un segundo d\u00eda<\/strong><\/p>\n<p class=\"product__text inline-richtext\"><strong>Compra la fragancia, no la marca: ahorra dinero<\/strong><\/p>\n","protected":false},"featured_media":35808,"comment_status":"open","ping_status":"closed","template":"","meta":{"_acf_changed":false},"product_brand":[],"product_cat":[204],"product_tag":[],"class_list":{"0":"post-26557","1":"product","2":"type-product","3":"status-publish","4":"has-post-thumbnail","6":"product_cat-para-mujeres","8":"first","9":"instock","10":"shipping-taxable","11":"purchasable","12":"product-type-variable"},"acf":[],"aioseo_notices":[],"jetpack_sharing_enabled":true,"_links":{"self":[{"href":"https:\/\/dupescents.co\/es\/wp-json\/wp\/v2\/product\/26557","targetHints":{"allow":["GET"]}}],"collection":[{"href":"https:\/\/dupescents.co\/es\/wp-json\/wp\/v2\/product"}],"about":[{"href":"https:\/\/dupescents.co\/es\/wp-json\/wp\/v2\/types\/product"}],"replies":[{"embeddable":true,"href":"https:\/\/dupescents.co\/es\/wp-json\/wp\/v2\/comments?post=26557"}],"wp:featuredmedia":[{"embeddable":true,"href":"https:\/\/dupescents.co\/es\/wp-json\/wp\/v2\/media\/35808"}],"wp:attachment":[{"href":"https:\/\/dupescents.co\/es\/wp-json\/wp\/v2\/media?parent=26557"}],"wp:term":[{"taxonomy":"product_brand","embeddable":true,"href":"https:\/\/dupescents.co\/es\/wp-json\/wp\/v2\/product_brand?post=26557"},{"taxonomy":"product_cat","embeddable":true,"href":"https:\/\/dupescents.co\/es\/wp-json\/wp\/v2\/product_cat?post=26557"},{"taxonomy":"product_tag","embeddable":true,"href":"https:\/\/dupescents.co\/es\/wp-json\/wp\/v2\/product_tag?post=26557"}],"curies":[{"name":"wp","href":"https:\/\/api.w.org\/{rel}","templated":true}]}}