{"id":26548,"date":"2025-03-30T13:35:02","date_gmt":"2025-03-30T11:35:02","guid":{"rendered":"https:\/\/dupescents.co\/products\/huele-a-si-passione-intense\/"},"modified":"2025-11-05T19:23:21","modified_gmt":"2025-11-05T18:23:21","slug":"huele-a-si-passione-intense","status":"publish","type":"product","link":"https:\/\/dupescents.co\/es\/productos\/huele-a-si-passione-intense\/","title":{"rendered":"Huele a&#8230; Si Passione INTENSE"},"content":{"rendered":"<p>105W - ERSATZ VON Giorgio Armani Si Passione INTENSE<br \/>\nPERFUMED WATER Nr. 105W - ERSATZ VON Giorgio Armani Si PASSIONE INTENSE<\/p>\n<p>DUFTNOTEN UNSERES ERSATZES:<\/p>\n<p>BLACKCURRANT<br \/>\nJASMINE<br \/>\nWEISSE PIZZE<br \/>\nPACULA<br \/>\nZEDER<br \/>\nVANILLA<br \/>\nDUFTBESCHREIBUNG:<\/p>\n<p>Lebe das Leben, das du willst, und tue das, was du im Leben liebst! Lassen Sie sich von der Leidenschaft mitrei\u00dfen. Handle mit Mut. Lassen Sie sich von niemandem aufhalten.<\/p>\n<p>Probieren Sie einen Duft aus, der die Eigenschaften Ihrer unb\u00e4ndigen Natur widerspiegelt. Die markante Note der schwarzen Johannisbeere setzt Energie frei, die durch den sinnlichen Jasmin unterst\u00fctzt wird - der leidenschaftlichste Duft der Welt.<\/p>\n<p>Eau de Parfum 105W ist das Gegenst\u00fcck zu Giorgio Armani Si PASSIONE INTENSE. Es bezieht sich auf das meistverkaufte Parf\u00fcm Armani Si Passione, das seit seiner Einf\u00fchrung ein unschlagbarer Bestseller ist.<\/p>\n<p>MERKMALE DES ENTSPRECHENDEN PARFUMS SI PASSIONE INTENSIVE:<\/p>\n<p>Dufttyp: fruchtig und holzig<br \/>\nF\u00fcr wen: Frauen<br \/>\nInhalt 10 ml \/ 30 ml \/ 50 ml \/ 100 ml<br \/>\nProdukt-Code: 105W<br \/>\nDer Preis f\u00fcr dieses Parf\u00fcm h\u00e4ngt von der angegebenen Menge ab.<br \/>\nBitte geben Sie uns nach dem Kauf Ihr Feedback!<\/p>\n<p>&nbsp;<\/p>\n<p>Sehen Sie auch andere Giorgio Armani Parfums und ihre Ersatzprodukte.<\/p>\n","protected":false},"excerpt":{"rendered":"<p class=\"product__text inline-richtext\">Inspiraci\u00f3n: Giorgio Armani Si Passione INTENSE EDP 30ML<\/p>\n<p class=\"product__text inline-richtext\"><strong>\u2705 Eau de Toilette 19-21% Perfume<\/strong><\/p>\n<p class=\"product__text inline-richtext\"><strong>\u2705 La fragancia dura un segundo d\u00eda<\/strong><\/p>\n<p class=\"product__text inline-richtext\"><strong>Compra la fragancia, no la marca: ahorra dinero<\/strong><\/p>\n","protected":false},"featured_media":0,"comment_status":"open","ping_status":"closed","template":"","meta":{"_acf_changed":false},"product_brand":[],"product_cat":[204],"product_tag":[],"class_list":{"0":"post-26548","1":"product","2":"type-product","3":"status-publish","5":"product_cat-para-mujeres","7":"first","8":"instock","9":"shipping-taxable","10":"purchasable","11":"product-type-variable"},"acf":[],"aioseo_notices":[],"jetpack_sharing_enabled":true,"_links":{"self":[{"href":"https:\/\/dupescents.co\/es\/wp-json\/wp\/v2\/product\/26548","targetHints":{"allow":["GET"]}}],"collection":[{"href":"https:\/\/dupescents.co\/es\/wp-json\/wp\/v2\/product"}],"about":[{"href":"https:\/\/dupescents.co\/es\/wp-json\/wp\/v2\/types\/product"}],"replies":[{"embeddable":true,"href":"https:\/\/dupescents.co\/es\/wp-json\/wp\/v2\/comments?post=26548"}],"wp:attachment":[{"href":"https:\/\/dupescents.co\/es\/wp-json\/wp\/v2\/media?parent=26548"}],"wp:term":[{"taxonomy":"product_brand","embeddable":true,"href":"https:\/\/dupescents.co\/es\/wp-json\/wp\/v2\/product_brand?post=26548"},{"taxonomy":"product_cat","embeddable":true,"href":"https:\/\/dupescents.co\/es\/wp-json\/wp\/v2\/product_cat?post=26548"},{"taxonomy":"product_tag","embeddable":true,"href":"https:\/\/dupescents.co\/es\/wp-json\/wp\/v2\/product_tag?post=26548"}],"curies":[{"name":"wp","href":"https:\/\/api.w.org\/{rel}","templated":true}]}}