{"id":26530,"date":"2025-03-30T13:36:46","date_gmt":"2025-03-30T11:36:46","guid":{"rendered":"https:\/\/dupescents.co\/products\/huele-a-ck-euforia\/"},"modified":"2026-02-21T23:50:20","modified_gmt":"2026-02-21T22:50:20","slug":"huele-a-ck-euforia","status":"publish","type":"product","link":"https:\/\/dupescents.co\/es\/productos\/huele-a-ck-euforia\/","title":{"rendered":"Huele a&#8230; CK Euforia"},"content":{"rendered":"<p>130W - Calvin Klein Euforia Recambio<br \/>\nEAU DE PARFUM NR. 130W - CALVIN KLEIN EUPHORIA ERSATZ<\/p>\n<p>NOTAS DE FRAGANCIA DE NUESTRO SUSTITUTO:<\/p>\n<p>GRANADA<br \/>\nORCHIDEA<br \/>\nMAHOAN<br \/>\nBURSHINE<br \/>\nPI\u017bMO<br \/>\nSIOOL<br \/>\nLOTOS<br \/>\nPACULA<br \/>\nVAINILLA<br \/>\nFRAMBUESA<br \/>\nFRUTA DE LA PASI\u00d3N<br \/>\nHURMA<br \/>\nBROSCOSE<br \/>\nMAGNOLIA CHAMPACA<br \/>\nNUECES VERDES<br \/>\nDESCRIPCI\u00d3N DE LA FRAGANCIA:<\/p>\n<p>Una verdadera euforia de sensualidad y romanticismo. Nuestro Eau de Parfum n.\u00ba 130W es la contrapartida de la fragancia del Calvin Klein Euforia original y confiere a su portadora atractivo y confianza en s\u00ed misma. La maravillosa combinaci\u00f3n de notas orientales y florales a\u00f1ade energ\u00eda y un toque de misterio. Una fragancia perfecta para llevar a diario y en ocasiones especiales.   <\/p>\n<p>La contrapartida del perfume Euforia combina fantas\u00eda y estilo glamuroso. Es una fragancia cautivadora con frutas ex\u00f3ticas y flores seductoras, redondeada con orqu\u00eddea negra. <\/p>\n<p>CARACTER\u00cdSTICAS DE LA FRAGANCIA CALVIN KLEIN EUPHORIA Art\u00edculo:<br \/>\nTipo de fragancia: oriental, floral<br \/>\nIndicado para: Mujeres<br \/>\nContenido: 10 ml \/ 30 ml \/ 50 ml \/ 100 ml<br \/>\nC\u00f3digo de producto: 130W<br \/>\nEl precio de este perfume depende de la cantidad indicada.<br \/>\n\u00a1Por favor, danos tu opini\u00f3n despu\u00e9s de la compra!<\/p>\n<p>Perfume similar a Euforia - hom\u00f3logo<br \/>\nEau de Parfum n\u00ba 130W es un perfume equivalente inspirado en la fragancia Euforia de Calvin Klein. Sus ingredientes perfectamente seleccionados y de alta calidad garantizan su longevidad y similitud con el original. Esta fragancia oriental-floral y seductora es una combinaci\u00f3n de estilo y misterio. \u00a1Echa un vistazo a fragancias similares a Euforia en Fragrance Factory!   <\/p>\n<p>Perfume Calvin Klein Euforia<br \/>\n\u00a1El perfume inspirado en Euforia de Calvin Klein es la elecci\u00f3n perfecta para las mujeres que siempre est\u00e1n en movimiento! Con una capacidad de 10 ml o 30 ml, el frasco de perfume se puede llevar siempre contigo: al trabajo, a una cita o de viaje. \u00a1Pru\u00e9balo y p\u00eddelo con env\u00edo a domicilio en la Tienda Fragrance Factory!  <\/p>\n<p>Consulta tambi\u00e9n otros perfumes Calvin Klein y sus sustitutos.<\/p>\n<p>\u00bfA qu\u00e9 huele el suced\u00e1neo de perfume Calvin Klein Euforia?<br \/>\nEs una hermosa fragancia para mujer que combina aromas como fruta granada, vainilla, frambuesa, \u00e1mbar, almizcle o flor de orqu\u00eddea y violeta, entre otros. La fragancia en general puede clasificarse como oriental y floral al mismo tiempo. <\/p>\n<p>\u00bfPara qui\u00e9n es adecuado el perfume Euforia?<br \/>\nEs el eau de parfum ideal para las mujeres que buscan una fragancia sensual y sexy, pero que tambi\u00e9n esconda un poco de misterio y contenga notas oscuras de orqu\u00eddea negra.<\/p>\n<p>\u00bfEs duradero el sustituto del perfume CK Euforia?<br \/>\nLa contrapartida se compuso pensando en la mejor longevidad posible. Se puede afirmar con seguridad que esta maravillosa fragancia dura mucho tiempo y funciona bien en diversas situaciones. <\/p>\n<p>\u00bfExisten otras versiones del perfume Euforia?<br \/>\nS\u00ed, adem\u00e1s del hom\u00f3logo mencionado anteriormente, tambi\u00e9n hay sucesores de CK Euphoria Blossom, Deep Euphoria, as\u00ed como una versi\u00f3n masculina de esta incre\u00edble fragancia, Euphoria Men. Merece la pena probarlos y formarse una opini\u00f3n. <\/p>\n","protected":false},"excerpt":{"rendered":"<p class=\"product__text inline-richtext\">Inspiraci\u00f3n: Calvin Klein Euforia EDP 50ML<\/p>\n<p class=\"product__text inline-richtext\"><strong>\u2705 Eau de Toilette 19-21% Perfume<\/strong><\/p>\n<p class=\"product__text inline-richtext\"><strong>\u2705 La fragancia dura un segundo d\u00eda<\/strong><\/p>\n<p class=\"product__text inline-richtext\"><strong>Compra la fragancia, no la marca: ahorra dinero<\/strong><\/p>\n","protected":false},"featured_media":35893,"comment_status":"open","ping_status":"closed","template":"","meta":{"_acf_changed":false},"product_brand":[],"product_cat":[204],"product_tag":[],"class_list":{"0":"post-26530","1":"product","2":"type-product","3":"status-publish","4":"has-post-thumbnail","6":"product_cat-para-mujeres","8":"first","9":"instock","10":"shipping-taxable","11":"purchasable","12":"product-type-variable"},"acf":[],"aioseo_notices":[],"jetpack_sharing_enabled":true,"_links":{"self":[{"href":"https:\/\/dupescents.co\/es\/wp-json\/wp\/v2\/product\/26530","targetHints":{"allow":["GET"]}}],"collection":[{"href":"https:\/\/dupescents.co\/es\/wp-json\/wp\/v2\/product"}],"about":[{"href":"https:\/\/dupescents.co\/es\/wp-json\/wp\/v2\/types\/product"}],"replies":[{"embeddable":true,"href":"https:\/\/dupescents.co\/es\/wp-json\/wp\/v2\/comments?post=26530"}],"wp:featuredmedia":[{"embeddable":true,"href":"https:\/\/dupescents.co\/es\/wp-json\/wp\/v2\/media\/35893"}],"wp:attachment":[{"href":"https:\/\/dupescents.co\/es\/wp-json\/wp\/v2\/media?parent=26530"}],"wp:term":[{"taxonomy":"product_brand","embeddable":true,"href":"https:\/\/dupescents.co\/es\/wp-json\/wp\/v2\/product_brand?post=26530"},{"taxonomy":"product_cat","embeddable":true,"href":"https:\/\/dupescents.co\/es\/wp-json\/wp\/v2\/product_cat?post=26530"},{"taxonomy":"product_tag","embeddable":true,"href":"https:\/\/dupescents.co\/es\/wp-json\/wp\/v2\/product_tag?post=26530"}],"curies":[{"name":"wp","href":"https:\/\/api.w.org\/{rel}","templated":true}]}}