{"id":26529,"date":"2025-03-31T17:12:29","date_gmt":"2025-03-31T15:12:29","guid":{"rendered":"https:\/\/dupescents.co\/products\/huele-a-veneno-de-medianoche\/"},"modified":"2025-11-05T19:23:19","modified_gmt":"2025-11-05T18:23:19","slug":"huele-a-veneno-de-medianoche","status":"publish","type":"product","link":"https:\/\/dupescents.co\/es\/productos\/huele-a-veneno-de-medianoche\/","title":{"rendered":"Huele a&#8230; Veneno de medianoche"},"content":{"rendered":"<p>044W - Ein \u00e4hnlicher Duft wie Christian Dior Midnight Poison<\/p>\n<p>DUFTNOTEN VON UNSEREM ERSATZ:<\/p>\n<p>PACULA<br \/>\nROSE<br \/>\nBURSHINE<br \/>\nBERGAMOT<br \/>\nVANILLE<br \/>\nMANDARIN<br \/>\nDUFTBESCHREIBUNG:<\/p>\n<p>Das perfekte Parf\u00fcm f\u00fcr den Abend und besondere Anl\u00e4sse? Zelebrieren Sie diese in Begleitung des wunderbaren Eau de Parfum 044W. Ein formelles Abendessen, ein Abend im Theater oder ein Tanz im Mondschein werden durch diese einzigartige Rosenkomposition perfekt unterstrichen.<\/p>\n<p>EIGENSCHAFTEN VON 044W:<br \/>\nDufttyp: orientalisch, blumig<br \/>\nF\u00fcr wen: f\u00fcr Frauen<br \/>\nInhalt: 10ml \/ 30ml \/ 50ml \/ 100ml<br \/>\nProdukt-Code: 044W<br \/>\nDer Preis f\u00fcr dieses Parf\u00fcm h\u00e4ngt von der angegebenen Menge ab.<br \/>\nBitte hinterlassen Sie eine Bewertung nach dem Kauf!<\/p>\n","protected":false},"excerpt":{"rendered":"<p class=\"product__text inline-richtext\">Inspiraci\u00f3n: Christian Dior Midnight Poison EDP 50ML<\/p>\n<p class=\"product__text inline-richtext\"><strong>\u2705 Eau de Toilette 19-21% Perfume<\/strong><\/p>\n<p class=\"product__text inline-richtext\"><strong>\u2705 La fragancia dura un segundo d\u00eda<\/strong><\/p>\n<p class=\"product__text inline-richtext\"><strong>Compra la fragancia, no la marca: ahorra dinero<\/strong><\/p>\n","protected":false},"featured_media":36221,"comment_status":"open","ping_status":"closed","template":"","meta":{"_acf_changed":false},"product_brand":[],"product_cat":[204],"product_tag":[],"class_list":{"0":"post-26529","1":"product","2":"type-product","3":"status-publish","4":"has-post-thumbnail","6":"product_cat-para-mujeres","8":"first","9":"instock","10":"shipping-taxable","11":"purchasable","12":"product-type-variable"},"acf":[],"aioseo_notices":[],"jetpack_sharing_enabled":true,"_links":{"self":[{"href":"https:\/\/dupescents.co\/es\/wp-json\/wp\/v2\/product\/26529","targetHints":{"allow":["GET"]}}],"collection":[{"href":"https:\/\/dupescents.co\/es\/wp-json\/wp\/v2\/product"}],"about":[{"href":"https:\/\/dupescents.co\/es\/wp-json\/wp\/v2\/types\/product"}],"replies":[{"embeddable":true,"href":"https:\/\/dupescents.co\/es\/wp-json\/wp\/v2\/comments?post=26529"}],"wp:featuredmedia":[{"embeddable":true,"href":"https:\/\/dupescents.co\/es\/wp-json\/wp\/v2\/media\/36221"}],"wp:attachment":[{"href":"https:\/\/dupescents.co\/es\/wp-json\/wp\/v2\/media?parent=26529"}],"wp:term":[{"taxonomy":"product_brand","embeddable":true,"href":"https:\/\/dupescents.co\/es\/wp-json\/wp\/v2\/product_brand?post=26529"},{"taxonomy":"product_cat","embeddable":true,"href":"https:\/\/dupescents.co\/es\/wp-json\/wp\/v2\/product_cat?post=26529"},{"taxonomy":"product_tag","embeddable":true,"href":"https:\/\/dupescents.co\/es\/wp-json\/wp\/v2\/product_tag?post=26529"}],"curies":[{"name":"wp","href":"https:\/\/api.w.org\/{rel}","templated":true}]}}