{"id":26487,"date":"2025-03-31T17:39:49","date_gmt":"2025-03-31T15:39:49","guid":{"rendered":"https:\/\/dupescents.co\/products\/huele-a-azul-claro\/"},"modified":"2026-02-22T00:21:48","modified_gmt":"2026-02-21T23:21:48","slug":"huele-a-azul-claro","status":"publish","type":"product","link":"https:\/\/dupescents.co\/es\/productos\/huele-a-azul-claro\/","title":{"rendered":"Huele a&#8230; Azul claro"},"content":{"rendered":"<p>017W - Agua de perfume<br \/>\nAGUA LUBRICADA N\u00ba 017W<\/p>\n<p>NOTAS DE FRAGANCIA DE NUESTRO SUSTITUTO:<\/p>\n<p>LIM\u00d3N SICILIANO<br \/>\nMANZANA<br \/>\nCEDRO<br \/>\nBAMB\u00da<br \/>\nPI\u017bMO<br \/>\nMARAVILLA<br \/>\nJAZM\u00cdN<br \/>\nROSA BLANCA<br \/>\nBURSHINE<br \/>\nDESCRIPCI\u00d3N DE LA FRAGANCIA:<\/p>\n<p>Transp\u00f3rtate directamente a una playa siciliana con la fragancia 017W. Esta maravillosa composici\u00f3n calienta el cuerpo e inspira los sentidos, que se hunden en sue\u00f1os de noches hormigueantes llenas de pasi\u00f3n. Es una propuesta ideal para mujeres liberadas que no temen los retos. La composici\u00f3n floral y afrutada se complementa con almizcle y \u00e1mbar soleado.   <\/p>\n<p>CARACTER\u00cdSTICAS DEL ART\u00cdCULO:<br \/>\nTipo de fragancia: floral, afrutada<br \/>\nPara qui\u00e9n: mujer<br \/>\nVolumen: 30 ml \/ 50 ml \/ 100 ml<br \/>\nC\u00f3digo del producto: 017W<br \/>\nEl precio de este perfume depende de la cantidad indicada.<br \/>\n\u00a1Por favor, danos tu opini\u00f3n despu\u00e9s de la compra!<\/p>\n<p>Hemos creado frascos de perfume de 10 o 30 ml \u00a1especialmente para las personas a las que les gusta oler bien! Gracias a su peque\u00f1a capacidad, \u00a1podr\u00e1s llevarlos siempre contigo y refrescarte en cualquier momento! Haz tu pedido online en fabrykzapachu.pl!<br \/>\nEau de Parfum 017W de Fragrance Factory es un perfume creado con fragancias de la m\u00e1s alta calidad.<br \/>\nEs una composici\u00f3n de fragancia que se clasifica como afrutada pero tambi\u00e9n floral. Contiene notas de fragancia de jazm\u00edn, rosa, manzana, lim\u00f3n o \u00e1mbar, entre otras, al tiempo que a\u00f1ade sensualidad. El aroma general es ligero y recuerda a los bosques mediterr\u00e1neos, a la costa y al verano.<br \/>\nLa fragancia no es ni demasiado fuerte ni demasiado d\u00e9bil. Es simplemente una fragancia desenfadada y delicada, perfecta para muchas ocasiones, un poco como una brisa de verano o primavera.     <\/p>\n","protected":false},"excerpt":{"rendered":"<p class=\"product__text inline-richtext\">Inspiraci\u00f3n: Dolce &amp; Gabbana Light Blue EDT 50ML<\/p>\n<p class=\"product__text inline-richtext\"><strong>\u2705 Eau de Toilette 19-21% Perfume<\/strong><\/p>\n<p class=\"product__text inline-richtext\"><strong>\u2705 La fragancia dura un segundo d\u00eda<\/strong><\/p>\n<p class=\"product__text inline-richtext\"><strong>Compra la fragancia, no la marca: ahorra dinero<\/strong><\/p>\n","protected":false},"featured_media":35907,"comment_status":"open","ping_status":"closed","template":"","meta":{"_acf_changed":false},"product_brand":[],"product_cat":[204],"product_tag":[],"class_list":{"0":"post-26487","1":"product","2":"type-product","3":"status-publish","4":"has-post-thumbnail","6":"product_cat-para-mujeres","8":"first","9":"instock","10":"shipping-taxable","11":"purchasable","12":"product-type-variable"},"acf":[],"aioseo_notices":[],"jetpack_sharing_enabled":true,"_links":{"self":[{"href":"https:\/\/dupescents.co\/es\/wp-json\/wp\/v2\/product\/26487","targetHints":{"allow":["GET"]}}],"collection":[{"href":"https:\/\/dupescents.co\/es\/wp-json\/wp\/v2\/product"}],"about":[{"href":"https:\/\/dupescents.co\/es\/wp-json\/wp\/v2\/types\/product"}],"replies":[{"embeddable":true,"href":"https:\/\/dupescents.co\/es\/wp-json\/wp\/v2\/comments?post=26487"}],"wp:featuredmedia":[{"embeddable":true,"href":"https:\/\/dupescents.co\/es\/wp-json\/wp\/v2\/media\/35907"}],"wp:attachment":[{"href":"https:\/\/dupescents.co\/es\/wp-json\/wp\/v2\/media?parent=26487"}],"wp:term":[{"taxonomy":"product_brand","embeddable":true,"href":"https:\/\/dupescents.co\/es\/wp-json\/wp\/v2\/product_brand?post=26487"},{"taxonomy":"product_cat","embeddable":true,"href":"https:\/\/dupescents.co\/es\/wp-json\/wp\/v2\/product_cat?post=26487"},{"taxonomy":"product_tag","embeddable":true,"href":"https:\/\/dupescents.co\/es\/wp-json\/wp\/v2\/product_tag?post=26487"}],"curies":[{"name":"wp","href":"https:\/\/api.w.org\/{rel}","templated":true}]}}