{"id":26478,"date":"2025-03-31T17:20:44","date_gmt":"2025-03-31T15:20:44","guid":{"rendered":"https:\/\/dupescents.co\/products\/huele-a-envidia-de-mi\/"},"modified":"2026-02-21T23:38:33","modified_gmt":"2026-02-21T22:38:33","slug":"huele-a-envidia-de-mi","status":"publish","type":"product","link":"https:\/\/dupescents.co\/es\/productos\/huele-a-envidia-de-mi\/","title":{"rendered":"Huele a&#8230; Envidia de m\u00ed"},"content":{"rendered":"<p>071W - Recambio para Gucci Envy Me<br \/>\nEAU DE PARFUM NO 071W - RECAMBIO PARA GUCCI GUCCI ENVY ME<\/p>\n<p>NOTAS DE FRAGANCIA DE NUESTRO SUSTITUTO:<\/p>\n<p>PIWONIA<br \/>\nNICE<br \/>\nROSA<br \/>\nROSENPFEFFER<br \/>\nANANAS<br \/>\nGRANADA<br \/>\nPI\u017bMO<br \/>\nT\u00c9 BLANCO<br \/>\nJASMINE<br \/>\nMANGO<br \/>\nTABAK<br \/>\nBRUSSWIN<br \/>\nHOJA DE GROSELLA NEGRA<br \/>\nTEK-\u00c1RBOL<br \/>\nSANDELWOOD<br \/>\nTONKA FASOL<br \/>\nDESCRIPCI\u00d3N DE LA FRAGANCIA:<\/p>\n<p>Un perfume seductor para las mujeres a las que les encanta ser el centro de atenci\u00f3n. Nuestra hom\u00f3loga de la fragancia Gucci Envy Me crea una bruma maravillosamente sexy para usuarias decididas y seguras de s\u00ed mismas. La dulzura embriagadora, combinada con el frescor, se debe a la combinaci\u00f3n de peon\u00eda, pi\u00f1a y t\u00e9 blanco con el profundo aroma del s\u00e1ndalo y el almizcle.  <\/p>\n<p>CARACTER\u00cdSTICAS DEL PERFUME ENVY ME:<br \/>\nTipo de fragancia: floral<br \/>\nPara qui\u00e9n: mujeres<br \/>\nContenido: 10ml \/ 30ml \/ 50ml \/ 100ml<br \/>\nC\u00f3digo de producto: 071W<br \/>\nEl precio de este perfume depende de la cantidad indicada.<br \/>\n\u00a1Por favor, danos tu opini\u00f3n despu\u00e9s de la compra!<\/p>\n<p>Consulta tambi\u00e9n otros perfumes Gucci y sus sustitutos.<\/p>\n<p>\u00bfA qu\u00e9 huele el perfume correspondiente Gucci Envy Me?<br \/>\nEs una fragancia tan fresca como la brisa marina y un toque primaveral lleno de flores y frutas. Tiene un aire minimalista pero moderno. Y todo ello est\u00e1 contenido en notas de fragancia como la peon\u00eda, la rosa, el jazm\u00edn, el melocot\u00f3n o la madera de teca (pero sin limitarse a ellas).  <\/p>\n","protected":false},"excerpt":{"rendered":"<p class=\"product__text inline-richtext\">Inspiraci\u00f3n: Gucci Envy Me EDT 50ML<\/p>\n<p class=\"product__text inline-richtext\"><strong>\u2705 Eau de Toilette 19-21% Perfume<\/strong><\/p>\n<p class=\"product__text inline-richtext\"><strong>\u2705 La fragancia dura un segundo d\u00eda<\/strong><\/p>\n<p class=\"product__text inline-richtext\"><strong>Compra la fragancia, no la marca: ahorra dinero<\/strong><\/p>\n","protected":false},"featured_media":35872,"comment_status":"open","ping_status":"closed","template":"","meta":{"_acf_changed":false},"product_brand":[],"product_cat":[204],"product_tag":[],"class_list":{"0":"post-26478","1":"product","2":"type-product","3":"status-publish","4":"has-post-thumbnail","6":"product_cat-para-mujeres","8":"first","9":"instock","10":"shipping-taxable","11":"purchasable","12":"product-type-variable"},"acf":[],"aioseo_notices":[],"jetpack_sharing_enabled":true,"_links":{"self":[{"href":"https:\/\/dupescents.co\/es\/wp-json\/wp\/v2\/product\/26478","targetHints":{"allow":["GET"]}}],"collection":[{"href":"https:\/\/dupescents.co\/es\/wp-json\/wp\/v2\/product"}],"about":[{"href":"https:\/\/dupescents.co\/es\/wp-json\/wp\/v2\/types\/product"}],"replies":[{"embeddable":true,"href":"https:\/\/dupescents.co\/es\/wp-json\/wp\/v2\/comments?post=26478"}],"wp:featuredmedia":[{"embeddable":true,"href":"https:\/\/dupescents.co\/es\/wp-json\/wp\/v2\/media\/35872"}],"wp:attachment":[{"href":"https:\/\/dupescents.co\/es\/wp-json\/wp\/v2\/media?parent=26478"}],"wp:term":[{"taxonomy":"product_brand","embeddable":true,"href":"https:\/\/dupescents.co\/es\/wp-json\/wp\/v2\/product_brand?post=26478"},{"taxonomy":"product_cat","embeddable":true,"href":"https:\/\/dupescents.co\/es\/wp-json\/wp\/v2\/product_cat?post=26478"},{"taxonomy":"product_tag","embeddable":true,"href":"https:\/\/dupescents.co\/es\/wp-json\/wp\/v2\/product_tag?post=26478"}],"curies":[{"name":"wp","href":"https:\/\/api.w.org\/{rel}","templated":true}]}}