{"id":26470,"date":"2025-03-31T17:40:54","date_gmt":"2025-03-31T15:40:54","guid":{"rendered":"https:\/\/dupescents.co\/products\/huele-a-nomada\/"},"modified":"2025-11-05T19:23:11","modified_gmt":"2025-11-05T18:23:11","slug":"huele-a-nomada","status":"publish","type":"product","link":"https:\/\/dupescents.co\/es\/productos\/huele-a-nomada\/","title":{"rendered":"Huele a&#8230; N\u00f3mada"},"content":{"rendered":"<p>049W - Chloe Nomade Ersatz<br \/>\nEAU DE PARFUM NO 049W - CHLOE NOMADE ERSATZ<\/p>\n<p>DUFTNOTEN UNSERES ERSATZES:<\/p>\n<p>EICHENMOSS<br \/>\nSPIEGEL<br \/>\nFRESH<br \/>\nBRUSSLEY<br \/>\nAMBER WOOD<br \/>\nBERGAMOTTE<br \/>\nPACULA<br \/>\nZITRONE<br \/>\nWHITE PIZE<br \/>\nSANDALWOOD<br \/>\nORANGE<br \/>\nJASMINE<br \/>\nROSE<br \/>\nDUFTBESCHREIBUNG:<\/p>\n<p>Begeben Sie sich mit diesem berauschenden Damenparf\u00fcm auf eine einzigartige und anspruchsvolle Reise. Dieses wundersch\u00f6ne Eau de Parfum ist das Gegenst\u00fcck zum Duft Chloe Nomade, der die Herzen aller eleganten Frauen mit einem Hauch von Geheimnis erobert. Die unverwechselbare Kombination von s\u00fc\u00dfer Mirabelle mit den Chypre-Noten des Parfums ergibt eine wunderbare, unvergessliche Kombination.<\/p>\n<p>MERKMALE DES \u00c4QUIVALENTS VON CHLOE NOMADE PARF\u00dcM:<br \/>\nDufttyp: blumig, chypre<br \/>\nF\u00fcr wen: Frauen<br \/>\nVolumen: 30 ml \/ 50 ml \/ 100 ml<br \/>\nProdukt-Code: 049W<br \/>\nDer Preis f\u00fcr dieses Parf\u00fcm h\u00e4ngt von der angegebenen Menge ab.<br \/>\nBitte geben Sie uns Ihr Feedback nach dem Kauf!<\/p>\n<p>Sehen Sie auch andere Chloe Parfums und ihre Ersatzprodukte.<\/p>\n<p>Wie riecht das \u00c4quivalent des Parfums Nomade von Chloe?<br \/>\nDiese Duftkomposition ist eine Kombination aus Chypre-Noten und Modernit\u00e4t. Dieser Duft hat Aspekte von Zitrusfr\u00fcchten und Fr\u00fcchten, Blumen, Amber, Holz und einen Hauch von Moosnoten. Die Gesamtwirkung ist feminin und sch\u00f6n.<\/p>\n","protected":false},"excerpt":{"rendered":"<p>Inspiraci\u00f3n: Chloe Nomade EDP 30ML<\/p>\n<p class=\"product__text inline-richtext\"><strong>\u2705 Eau de Toilette 19-21% Perfume<\/strong><\/p>\n<p class=\"product__text inline-richtext\"><strong>\u2705 La fragancia dura un segundo d\u00eda<\/strong><\/p>\n<p class=\"product__text inline-richtext\"><strong>Compra la fragancia, no la marca: ahorra dinero<\/strong><\/p>\n","protected":false},"featured_media":36214,"comment_status":"open","ping_status":"closed","template":"","meta":{"_acf_changed":false},"product_brand":[],"product_cat":[204],"product_tag":[],"class_list":{"0":"post-26470","1":"product","2":"type-product","3":"status-publish","4":"has-post-thumbnail","6":"product_cat-para-mujeres","8":"first","9":"instock","10":"shipping-taxable","11":"purchasable","12":"product-type-variable"},"acf":[],"aioseo_notices":[],"jetpack_sharing_enabled":true,"_links":{"self":[{"href":"https:\/\/dupescents.co\/es\/wp-json\/wp\/v2\/product\/26470","targetHints":{"allow":["GET"]}}],"collection":[{"href":"https:\/\/dupescents.co\/es\/wp-json\/wp\/v2\/product"}],"about":[{"href":"https:\/\/dupescents.co\/es\/wp-json\/wp\/v2\/types\/product"}],"replies":[{"embeddable":true,"href":"https:\/\/dupescents.co\/es\/wp-json\/wp\/v2\/comments?post=26470"}],"wp:featuredmedia":[{"embeddable":true,"href":"https:\/\/dupescents.co\/es\/wp-json\/wp\/v2\/media\/36214"}],"wp:attachment":[{"href":"https:\/\/dupescents.co\/es\/wp-json\/wp\/v2\/media?parent=26470"}],"wp:term":[{"taxonomy":"product_brand","embeddable":true,"href":"https:\/\/dupescents.co\/es\/wp-json\/wp\/v2\/product_brand?post=26470"},{"taxonomy":"product_cat","embeddable":true,"href":"https:\/\/dupescents.co\/es\/wp-json\/wp\/v2\/product_cat?post=26470"},{"taxonomy":"product_tag","embeddable":true,"href":"https:\/\/dupescents.co\/es\/wp-json\/wp\/v2\/product_tag?post=26470"}],"curies":[{"name":"wp","href":"https:\/\/api.w.org\/{rel}","templated":true}]}}