{"id":26460,"date":"2025-03-31T17:47:33","date_gmt":"2025-03-31T15:47:33","guid":{"rendered":"https:\/\/dupescents.co\/products\/huele-a-miss-dior-le-parfum\/"},"modified":"2025-11-05T19:23:08","modified_gmt":"2025-11-05T18:23:08","slug":"huele-a-miss-dior-le-parfum","status":"publish","type":"product","link":"https:\/\/dupescents.co\/es\/productos\/huele-a-miss-dior-le-parfum\/","title":{"rendered":"Huele a&#8230; Miss Dior Le Parfum"},"content":{"rendered":"<p>196W - Ein \u00e4hnlicher Duft wie Christian Dior Miss Dior Le Parfum<\/p>\n<p>DUFTNOTEN VON UNSEREM ERSATZ:<\/p>\n<p>BURSHINE<br \/>\nPACULA<br \/>\nT\u00dcRKISCHE ROSE<br \/>\nVANILLE<br \/>\nMANDARINE<br \/>\nDUFTBESCHREIBUNG:<\/p>\n<p>Sind Sie bereit f\u00fcr eine wundervoll sinnliche Lektion in Sachen Verf\u00fchrung? 196W ist ein Parf\u00fcmwasser mit einem koketten und leidenschaftlichen Charakter. Orientalische D\u00fcfte von Amber und Moschus verbinden sich mit s\u00fc\u00dfer Vanille und saftiger Mandarine. Der Flakon eignet sich perfekt als charismatisches Parf\u00fcm f\u00fcr besondere Anl\u00e4sse.<\/p>\n<p>Dufttyp: orientalisch, blumig<br \/>\nF\u00fcr wen: f\u00fcr Frauen<br \/>\nInhalt: 30 ml \/ 50 ml \/ 100 ml<br \/>\nProdukt-Code: 196W<br \/>\nDer Preis f\u00fcr dieses Parf\u00fcm h\u00e4ngt von der angegebenen Menge ab.<br \/>\nBitte hinterlassen Sie eine Bewertung nach dem Kauf!<\/p>\n","protected":false},"excerpt":{"rendered":"<p class=\"product__text inline-richtext\">Inspiraci\u00f3n: Christian Dior Miss Dior Le Parfum EDP 75ML<\/p>\n<p class=\"product__text inline-richtext\"><strong>\u2705 Eau de Toilette 19-21% Perfume<\/strong><\/p>\n<p class=\"product__text inline-richtext\"><strong>\u2705 La fragancia dura un segundo d\u00eda<\/strong><\/p>\n<p class=\"product__text inline-richtext\"><strong>Compra la fragancia, no la marca: ahorra dinero<\/strong><\/p>\n","protected":false},"featured_media":36211,"comment_status":"open","ping_status":"closed","template":"","meta":{"_acf_changed":false},"product_brand":[],"product_cat":[204],"product_tag":[],"class_list":{"0":"post-26460","1":"product","2":"type-product","3":"status-publish","4":"has-post-thumbnail","6":"product_cat-para-mujeres","8":"first","9":"instock","10":"shipping-taxable","11":"purchasable","12":"product-type-variable"},"acf":[],"aioseo_notices":[],"jetpack_sharing_enabled":true,"_links":{"self":[{"href":"https:\/\/dupescents.co\/es\/wp-json\/wp\/v2\/product\/26460","targetHints":{"allow":["GET"]}}],"collection":[{"href":"https:\/\/dupescents.co\/es\/wp-json\/wp\/v2\/product"}],"about":[{"href":"https:\/\/dupescents.co\/es\/wp-json\/wp\/v2\/types\/product"}],"replies":[{"embeddable":true,"href":"https:\/\/dupescents.co\/es\/wp-json\/wp\/v2\/comments?post=26460"}],"wp:featuredmedia":[{"embeddable":true,"href":"https:\/\/dupescents.co\/es\/wp-json\/wp\/v2\/media\/36211"}],"wp:attachment":[{"href":"https:\/\/dupescents.co\/es\/wp-json\/wp\/v2\/media?parent=26460"}],"wp:term":[{"taxonomy":"product_brand","embeddable":true,"href":"https:\/\/dupescents.co\/es\/wp-json\/wp\/v2\/product_brand?post=26460"},{"taxonomy":"product_cat","embeddable":true,"href":"https:\/\/dupescents.co\/es\/wp-json\/wp\/v2\/product_cat?post=26460"},{"taxonomy":"product_tag","embeddable":true,"href":"https:\/\/dupescents.co\/es\/wp-json\/wp\/v2\/product_tag?post=26460"}],"curies":[{"name":"wp","href":"https:\/\/api.w.org\/{rel}","templated":true}]}}