{"id":26433,"date":"2025-03-31T17:45:33","date_gmt":"2025-03-31T15:45:33","guid":{"rendered":"https:\/\/dupescents.co\/products\/huele-a-idolos\/"},"modified":"2026-02-21T19:55:59","modified_gmt":"2026-02-21T18:55:59","slug":"huele-a-idolos","status":"publish","type":"product","link":"https:\/\/dupescents.co\/es\/productos\/huele-a-idolos\/","title":{"rendered":"Huele a&#8230; \u00cddolos"},"content":{"rendered":"<p>012W - Perfume similar a Christian Dior Addict<\/p>\n<p>NOTAS DE FRAGANCIA DE NUESTRO SUSTITUTO:<\/p>\n<p>VAINILLA<br \/>\nCEREUS<br \/>\nMANDARINA<br \/>\nFLOR DE SEDA<br \/>\nTONKA FASOL<br \/>\nS\u00c1NDALO<br \/>\nFLOR DE NARANJO<br \/>\nROSA DE BULGARIA<br \/>\nDESCRIPCI\u00d3N DE LA FRAGANCIA:<\/p>\n<p>Una maravillosa fragancia oriental-floral que seduce con notas c\u00e1lidas y sensuales. Nuestro 012W sigue a la perfecci\u00f3n el modelo de la fragancia original. La seductora rosa b\u00falgara se mezcla maravillosamente con notas de azahar y vainilla intensa. Esta impresionante composici\u00f3n recuerda al lejano Oriente y calienta agradablemente los sentidos.   <\/p>\n<p>PROPIEDADES DEL 012W:<br \/>\nTipo de fragancia: oriental, floral<br \/>\nPara qui\u00e9n: mujeres<br \/>\nContenido: 10ml \/ 30ml \/ 50ml \/ 100ml<br \/>\nC\u00f3digo de producto: 012W<br \/>\nEl precio de este perfume depende de la cantidad indicada.<br \/>\n\u00a1Por favor, deja una opini\u00f3n despu\u00e9s de la compra!<\/p>\n<p>\u00bfA qu\u00e9 huele el 012W?<br \/>\nEs una fragancia femenina y hermosa que se considera floral pero tambi\u00e9n oriental. Las notas de su fragancia incluyen toques de s\u00e1ndalo, mandarina, vainilla y p\u00e9talos de rosa. Las notas florales se encuentran con otros acordes interesantes y toda la composici\u00f3n es expresiva, fresca y cautivadora.  <\/p>\n","protected":false},"excerpt":{"rendered":"<p>Inspiraci\u00f3n: Lancome Idole EDP 50ML<\/p>\n<p class=\"product__text inline-richtext\"><strong>\u2705 Eau de Toilette 19-21% Perfume<\/strong><\/p>\n<p class=\"product__text inline-richtext\"><strong>\u2705 La fragancia dura un segundo d\u00eda<\/strong><\/p>\n<p class=\"product__text inline-richtext\"><strong>Compra la fragancia, no la marca: ahorra dinero<\/strong><\/p>\n","protected":false},"featured_media":35803,"comment_status":"open","ping_status":"closed","template":"","meta":{"_acf_changed":false},"product_brand":[],"product_cat":[204],"product_tag":[],"class_list":{"0":"post-26433","1":"product","2":"type-product","3":"status-publish","4":"has-post-thumbnail","6":"product_cat-para-mujeres","8":"first","9":"instock","10":"shipping-taxable","11":"purchasable","12":"product-type-variable"},"acf":[],"aioseo_notices":[],"jetpack_sharing_enabled":true,"_links":{"self":[{"href":"https:\/\/dupescents.co\/es\/wp-json\/wp\/v2\/product\/26433","targetHints":{"allow":["GET"]}}],"collection":[{"href":"https:\/\/dupescents.co\/es\/wp-json\/wp\/v2\/product"}],"about":[{"href":"https:\/\/dupescents.co\/es\/wp-json\/wp\/v2\/types\/product"}],"replies":[{"embeddable":true,"href":"https:\/\/dupescents.co\/es\/wp-json\/wp\/v2\/comments?post=26433"}],"wp:featuredmedia":[{"embeddable":true,"href":"https:\/\/dupescents.co\/es\/wp-json\/wp\/v2\/media\/35803"}],"wp:attachment":[{"href":"https:\/\/dupescents.co\/es\/wp-json\/wp\/v2\/media?parent=26433"}],"wp:term":[{"taxonomy":"product_brand","embeddable":true,"href":"https:\/\/dupescents.co\/es\/wp-json\/wp\/v2\/product_brand?post=26433"},{"taxonomy":"product_cat","embeddable":true,"href":"https:\/\/dupescents.co\/es\/wp-json\/wp\/v2\/product_cat?post=26433"},{"taxonomy":"product_tag","embeddable":true,"href":"https:\/\/dupescents.co\/es\/wp-json\/wp\/v2\/product_tag?post=26433"}],"curies":[{"name":"wp","href":"https:\/\/api.w.org\/{rel}","templated":true}]}}