{"id":26424,"date":"2025-03-31T17:50:29","date_gmt":"2025-03-31T15:50:29","guid":{"rendered":"https:\/\/dupescents.co\/products\/huele-a-la-nuit-tresor\/"},"modified":"2025-11-05T19:23:04","modified_gmt":"2025-11-05T18:23:04","slug":"huele-a-la-nuit-tresor","status":"publish","type":"product","link":"https:\/\/dupescents.co\/es\/productos\/huele-a-la-nuit-tresor\/","title":{"rendered":"Huele a&#8230; La Nuit Tresor"},"content":{"rendered":"<p>175W - Ersatz f\u00fcr Lancome La Nuit Tresor<br \/>\nEAU DE PARFUM NO 175W - ERSATZ F\u00dcR LANCOME LA NUIT TRESOR<\/p>\n<p>DUFTNOTEN UNSERES ERSATZES:<\/p>\n<p>PRALINE<br \/>\nCARAMEL<br \/>\nLICHI<br \/>\nPACULA<br \/>\nVANILLE<br \/>\nVANILLA ORCHIDEE<br \/>\nHONIG<br \/>\nTRUSCUMBER<br \/>\nSCHWARZE ROSE<br \/>\nGRUSH<br \/>\nKAFFEE<br \/>\nMARACUJA<br \/>\nLUCRECIA<br \/>\nKUMARIN<br \/>\nTANGERIN<br \/>\nPAPIRUS<br \/>\nBERGAMOT<br \/>\nDUFTBESCHREIBUNG:<\/p>\n<p>Eine bezaubernde Komposition mit einem abendlichen, eleganten Charakter. Unser Pendant zu Lancome La Nuit Tresor ist f\u00fcr romantische Frauen, die ein amour\u00f6ses Hochgef\u00fchl suchen. Dieses Eau de Parfum erinnert an ein sinnliches Rendezvous unter dem Sternenhimmel, bei dem sich zwei Liebende ihre unsterbliche Liebe gestehen. Lancome La Nuit Tresor ist ein langanhaltender Damenduft, der sich f\u00fcr abendliche Verabredungen und besondere Anl\u00e4sse eignet!<\/p>\n<p>EIGENSCHAFTEN VON LANCOME LA NUIT PARF\u00dcM GEGENST\u00dcCK:<br \/>\nDufttyp: orientalisch<br \/>\nF\u00fcr wen: Frauen<br \/>\nInhalt: 30 ml \/ 50 ml \/ 100 ml<br \/>\nProdukt-Code: 175W<\/p>\n<p>Wie riecht das Gegenst\u00fcck des Parfums Lancome La Nuit Tresor?<br \/>\nEs ist ein sehr blumiger Duft, in dem man unter anderem Vanille, Orchidee und bezaubernde schwarze Rose findet. Aber das ist noch nicht alles - die Komposition enth\u00e4lt unter anderem auch Noten von Weihrauch, Erdbeere, Praline oder Kaffee.<\/p>\n<p>F\u00fcr wen ist der La Nuit Tresor Parf\u00fcmersatz am besten geeignet?<br \/>\nDiese Komposition ist verf\u00fchrerisch und feurig, ideal f\u00fcr Verabredungen und romantische Begegnungen. Schlie\u00dflich ist dieses Eau de Parfum ein Duft, der eindeutig mit Liebe assoziiert wird, aber auch einen Hauch von Geheimnis hat.<\/p>\n","protected":false},"excerpt":{"rendered":"<p>Inspiraci\u00f3n: Lancome La Nuit Tresor EDP 50ML<\/p>\n<p class=\"product__text inline-richtext\"><strong>\u2705 Eau de Toilette 19-21% Perfume<\/strong><\/p>\n<p class=\"product__text inline-richtext\"><strong>\u2705 La fragancia dura un segundo d\u00eda<\/strong><\/p>\n<p class=\"product__text inline-richtext\"><strong>Compra la fragancia, no la marca: ahorra dinero<\/strong><\/p>\n","protected":false},"featured_media":36205,"comment_status":"open","ping_status":"closed","template":"","meta":{"_acf_changed":false},"product_brand":[],"product_cat":[204],"product_tag":[],"class_list":{"0":"post-26424","1":"product","2":"type-product","3":"status-publish","4":"has-post-thumbnail","6":"product_cat-para-mujeres","8":"first","9":"instock","10":"shipping-taxable","11":"purchasable","12":"product-type-variable"},"acf":[],"aioseo_notices":[],"jetpack_sharing_enabled":true,"_links":{"self":[{"href":"https:\/\/dupescents.co\/es\/wp-json\/wp\/v2\/product\/26424","targetHints":{"allow":["GET"]}}],"collection":[{"href":"https:\/\/dupescents.co\/es\/wp-json\/wp\/v2\/product"}],"about":[{"href":"https:\/\/dupescents.co\/es\/wp-json\/wp\/v2\/types\/product"}],"replies":[{"embeddable":true,"href":"https:\/\/dupescents.co\/es\/wp-json\/wp\/v2\/comments?post=26424"}],"wp:featuredmedia":[{"embeddable":true,"href":"https:\/\/dupescents.co\/es\/wp-json\/wp\/v2\/media\/36205"}],"wp:attachment":[{"href":"https:\/\/dupescents.co\/es\/wp-json\/wp\/v2\/media?parent=26424"}],"wp:term":[{"taxonomy":"product_brand","embeddable":true,"href":"https:\/\/dupescents.co\/es\/wp-json\/wp\/v2\/product_brand?post=26424"},{"taxonomy":"product_cat","embeddable":true,"href":"https:\/\/dupescents.co\/es\/wp-json\/wp\/v2\/product_cat?post=26424"},{"taxonomy":"product_tag","embeddable":true,"href":"https:\/\/dupescents.co\/es\/wp-json\/wp\/v2\/product_tag?post=26424"}],"curies":[{"name":"wp","href":"https:\/\/api.w.org\/{rel}","templated":true}]}}