{"id":26381,"date":"2025-03-31T17:54:59","date_gmt":"2025-03-31T15:54:59","guid":{"rendered":"https:\/\/dupescents.co\/products\/huele-a-lady-million-prive-prive\/"},"modified":"2025-11-05T19:30:13","modified_gmt":"2025-11-05T18:30:13","slug":"huele-a-lady-million-prive-prive","status":"publish","type":"product","link":"https:\/\/dupescents.co\/es\/productos\/huele-a-lady-million-prive-prive\/","title":{"rendered":"Huele a&#8230; Lady Million Prive Prive"},"content":{"rendered":"<p>112W - Ersatz f\u00fcr Paco Rabanne Lady Million PRIVE<br \/>\nEAU DE PARFUM NO 112W - DAS \u00c4QUIVALENT ZU PACO RABANNE LADY MILLION PRIVE<\/p>\n<p>DUFTNOTEN UNSERES ERSATZES:<\/p>\n<p>COCO<br \/>\nHONIG<br \/>\nPACULA<br \/>\nVANILLA<br \/>\nHOLZIGE NOTIZEN<br \/>\nHASPERBEERE<br \/>\nORANGENBLUME<br \/>\nHELIOTROP<br \/>\nDUFTBESCHREIBUNG:<\/p>\n<p>Ein Duft von bet\u00f6render S\u00fc\u00dfe und Luxus. Unser Eau de Parfum Nr. 112W ist ein Gegenst\u00fcck zu Paco Rabanne Lady Million Prive mit \u00fcberraschender Langlebigkeit und Intensit\u00e4t. Die sch\u00f6ne Kombination von Honig und Himbeere mit Kakao wird durch holzige Noten erg\u00e4nzt, die die Komposition bereichern und noch sinnlicher machen. Diese fruchtig-blumige Kombination ist perfekt f\u00fcr fast jede Gelegenheit.<\/p>\n<p>EIGENSCHAFTEN VON LADY MILLION PRIVE \u00c4QUIVALENT PARF\u00dcM:<br \/>\nDufttyp: fruchtig, blumig<br \/>\nF\u00fcr wen: Frauen<br \/>\nInhalt: 30 ml \/ 50 ml \/ 100 ml<br \/>\nProdukt-Code: 112W<br \/>\nDer Preis f\u00fcr dieses Parf\u00fcm h\u00e4ngt von der angegebenen Menge ab.<br \/>\nBitte geben Sie uns nach dem Kauf Ihr Feedback!<\/p>\n<p>Sehen Sie auch andere Paco Rabanne Parfums und ihre Ersatzprodukte.<\/p>\n","protected":false},"excerpt":{"rendered":"<p>Inspiraci\u00f3n: Paco Rabanne Lady Million PRIVE EDP 30ML<\/p>\n<p class=\"product__text inline-richtext\"><strong>\u2705 Eau de Toilette 19-21% Perfume<\/strong><\/p>\n<p class=\"product__text inline-richtext\"><strong>\u2705 La fragancia dura un segundo d\u00eda<\/strong><\/p>\n<p class=\"product__text inline-richtext\"><strong>Compra la fragancia, no la marca: ahorra dinero<\/strong><\/p>\n","protected":false},"featured_media":0,"comment_status":"open","ping_status":"closed","template":"","meta":{"_acf_changed":false},"product_brand":[],"product_cat":[204],"product_tag":[],"class_list":{"0":"post-26381","1":"product","2":"type-product","3":"status-publish","5":"product_cat-para-mujeres","7":"first","8":"instock","9":"shipping-taxable","10":"purchasable","11":"product-type-variable"},"acf":[],"aioseo_notices":[],"jetpack_sharing_enabled":true,"_links":{"self":[{"href":"https:\/\/dupescents.co\/es\/wp-json\/wp\/v2\/product\/26381","targetHints":{"allow":["GET"]}}],"collection":[{"href":"https:\/\/dupescents.co\/es\/wp-json\/wp\/v2\/product"}],"about":[{"href":"https:\/\/dupescents.co\/es\/wp-json\/wp\/v2\/types\/product"}],"replies":[{"embeddable":true,"href":"https:\/\/dupescents.co\/es\/wp-json\/wp\/v2\/comments?post=26381"}],"wp:attachment":[{"href":"https:\/\/dupescents.co\/es\/wp-json\/wp\/v2\/media?parent=26381"}],"wp:term":[{"taxonomy":"product_brand","embeddable":true,"href":"https:\/\/dupescents.co\/es\/wp-json\/wp\/v2\/product_brand?post=26381"},{"taxonomy":"product_cat","embeddable":true,"href":"https:\/\/dupescents.co\/es\/wp-json\/wp\/v2\/product_cat?post=26381"},{"taxonomy":"product_tag","embeddable":true,"href":"https:\/\/dupescents.co\/es\/wp-json\/wp\/v2\/product_tag?post=26381"}],"curies":[{"name":"wp","href":"https:\/\/api.w.org\/{rel}","templated":true}]}}