{"id":26356,"date":"2025-04-02T17:38:56","date_gmt":"2025-04-02T15:38:56","guid":{"rendered":"https:\/\/dupescents.co\/products\/huele-a-dolce-vita\/"},"modified":"2026-02-21T23:47:50","modified_gmt":"2026-02-21T22:47:50","slug":"huele-a-dolce-vita","status":"publish","type":"product","link":"https:\/\/dupescents.co\/es\/productos\/huele-a-dolce-vita\/","title":{"rendered":"Huele a&#8230; Dolce Vita"},"content":{"rendered":"<p>116W - Una fragancia similar a Christian Dior Dolce Vita<br \/>\nNOTAS DE FRAGANCIA DE NUESTRO SUSTITUTO:<\/p>\n<p>GYNAMON<br \/>\nBRUSKIN<br \/>\nVAINILLA<br \/>\nS\u00c1NDALO<br \/>\nCARDAMOMO<br \/>\nMORELA<br \/>\nCEDRO<br \/>\nROSA DE BRASIL<br \/>\nLIRIO<br \/>\nCOOKOS<br \/>\nHELIOTROPO<br \/>\nFRUTA GRIS<br \/>\nMAGNOLIA<br \/>\nBERGAMOTA<br \/>\nROSA<br \/>\nDESCRIPCI\u00d3N DE LA FRAGANCIA:<\/p>\n<p>Una fuente de vitalidad y alegr\u00eda de vivir. Nuestro 116W es un eau de parfum radiante para mujeres que disfrutan plenamente de la vida. Sus bellos acordes orientales y amaderados destilan optimismo y alegre sensualidad. Una fragancia adecuada tanto para el d\u00eda a d\u00eda como para las ocasiones especiales.   <\/p>\n<p>PROPIEDADES 116W :<br \/>\nTipo de fragancia: oriental, amaderada<br \/>\nPara qui\u00e9n: mujeres<br \/>\nContenido: 10ml \/ 30ml \/ 50ml \/ 100ml<br \/>\nC\u00f3digo de producto: 116W<br \/>\nEl precio de este perfume depende de la cantidad indicada.<br \/>\n\u00a1Por favor, d\u00e9janos saber tu opini\u00f3n despu\u00e9s de la compra!<\/p>\n","protected":false},"excerpt":{"rendered":"<p class=\"product__text inline-richtext\">Inspiraci\u00f3n: Christian Dior Dolce Vita EDT 100ML<\/p>\n<p class=\"product__text inline-richtext\"><strong>\u2705 Eau de Toilette 19-21% Perfume<\/strong><\/p>\n<p class=\"product__text inline-richtext\"><strong>\u2705 La fragancia dura un segundo d\u00eda<\/strong><\/p>\n<p class=\"product__text inline-richtext\"><strong>Compra la fragancia, no la marca: ahorra dinero<\/strong><\/p>\n","protected":false},"featured_media":35890,"comment_status":"open","ping_status":"closed","template":"","meta":{"_acf_changed":false},"product_brand":[],"product_cat":[212,204],"product_tag":[],"class_list":{"0":"post-26356","1":"product","2":"type-product","3":"status-publish","4":"has-post-thumbnail","6":"product_cat-los-mas-vendidos","7":"product_cat-para-mujeres","9":"first","10":"instock","11":"shipping-taxable","12":"purchasable","13":"product-type-variable"},"acf":[],"aioseo_notices":[],"jetpack_sharing_enabled":true,"_links":{"self":[{"href":"https:\/\/dupescents.co\/es\/wp-json\/wp\/v2\/product\/26356","targetHints":{"allow":["GET"]}}],"collection":[{"href":"https:\/\/dupescents.co\/es\/wp-json\/wp\/v2\/product"}],"about":[{"href":"https:\/\/dupescents.co\/es\/wp-json\/wp\/v2\/types\/product"}],"replies":[{"embeddable":true,"href":"https:\/\/dupescents.co\/es\/wp-json\/wp\/v2\/comments?post=26356"}],"wp:featuredmedia":[{"embeddable":true,"href":"https:\/\/dupescents.co\/es\/wp-json\/wp\/v2\/media\/35890"}],"wp:attachment":[{"href":"https:\/\/dupescents.co\/es\/wp-json\/wp\/v2\/media?parent=26356"}],"wp:term":[{"taxonomy":"product_brand","embeddable":true,"href":"https:\/\/dupescents.co\/es\/wp-json\/wp\/v2\/product_brand?post=26356"},{"taxonomy":"product_cat","embeddable":true,"href":"https:\/\/dupescents.co\/es\/wp-json\/wp\/v2\/product_cat?post=26356"},{"taxonomy":"product_tag","embeddable":true,"href":"https:\/\/dupescents.co\/es\/wp-json\/wp\/v2\/product_tag?post=26356"}],"curies":[{"name":"wp","href":"https:\/\/api.w.org\/{rel}","templated":true}]}}