{"id":26332,"date":"2025-04-02T17:39:55","date_gmt":"2025-04-02T15:39:55","guid":{"rendered":"https:\/\/dupescents.co\/products\/huele-a-angel-nova\/"},"modified":"2026-02-21T19:38:11","modified_gmt":"2026-02-21T18:38:11","slug":"huele-a-angel-nova","status":"publish","type":"product","link":"https:\/\/dupescents.co\/es\/productos\/huele-a-angel-nova\/","title":{"rendered":"Huele a&#8230; \u00c1ngel Nova"},"content":{"rendered":"<p>166W - Recambio para Thierry Mugler Angel Nova<br \/>\nEAU DE PARFUM 166W - RECAMBIO PARA THIERRY MUGLER ANGEL NOVA<\/p>\n<p>NOTAS DE FRAGANCIA DE NUESTRO SUSTITUTO:<\/p>\n<p>MALINA<br \/>\nAGRADABLE<br \/>\nROSA DAMASCENA<br \/>\nBENZOES<br \/>\nDESCRIPCI\u00d3N DE LA FRAGANCIA:<\/p>\n<p>\u00a1Lib\u00e9rate de las restricciones y empieza a vivir la vida que tu coraz\u00f3n te dice que vivas! La combinaci\u00f3n de picard\u00eda y romanticismo de nuestra \u00faltima fragancia es ideal para mujeres seguras de s\u00ed mismas y atrevidas. Saborea el aroma de las jugosas frambuesas y los lichis, d\u00e9jate llevar por las notas femeninas de la rosa damascena y desata tu energ\u00eda interior con una base amaderada.  <\/p>\n<p>Prueba 166W, la inspiraci\u00f3n de la fragancia oriental-floral Angel Nova de Thierry Mugler a partir de 2020. Este perfume es perfecto para cualquier ocasi\u00f3n y siempre revela nuevas facetas seg\u00fan la estaci\u00f3n. <\/p>\n","protected":false},"excerpt":{"rendered":"<p class=\"product__text inline-richtext\">Inspiraci\u00f3n: Thierry Mugler Angel Nova EDP 50ML<\/p>\n<p class=\"product__text inline-richtext\"><strong>\u2705 Eau de Toilette 19-21% Perfume<\/strong><\/p>\n<p class=\"product__text inline-richtext\"><strong>\u2705 La fragancia dura un segundo d\u00eda<\/strong><\/p>\n<p class=\"product__text inline-richtext\"><strong>Compra la fragancia, no la marca: ahorra dinero<\/strong><\/p>\n","protected":false},"featured_media":35784,"comment_status":"open","ping_status":"closed","template":"","meta":{"_acf_changed":false},"product_brand":[],"product_cat":[212,204],"product_tag":[],"class_list":{"0":"post-26332","1":"product","2":"type-product","3":"status-publish","4":"has-post-thumbnail","6":"product_cat-los-mas-vendidos","7":"product_cat-para-mujeres","9":"first","10":"instock","11":"shipping-taxable","12":"purchasable","13":"product-type-variable"},"acf":[],"aioseo_notices":[],"jetpack_sharing_enabled":true,"_links":{"self":[{"href":"https:\/\/dupescents.co\/es\/wp-json\/wp\/v2\/product\/26332","targetHints":{"allow":["GET"]}}],"collection":[{"href":"https:\/\/dupescents.co\/es\/wp-json\/wp\/v2\/product"}],"about":[{"href":"https:\/\/dupescents.co\/es\/wp-json\/wp\/v2\/types\/product"}],"replies":[{"embeddable":true,"href":"https:\/\/dupescents.co\/es\/wp-json\/wp\/v2\/comments?post=26332"}],"wp:featuredmedia":[{"embeddable":true,"href":"https:\/\/dupescents.co\/es\/wp-json\/wp\/v2\/media\/35784"}],"wp:attachment":[{"href":"https:\/\/dupescents.co\/es\/wp-json\/wp\/v2\/media?parent=26332"}],"wp:term":[{"taxonomy":"product_brand","embeddable":true,"href":"https:\/\/dupescents.co\/es\/wp-json\/wp\/v2\/product_brand?post=26332"},{"taxonomy":"product_cat","embeddable":true,"href":"https:\/\/dupescents.co\/es\/wp-json\/wp\/v2\/product_cat?post=26332"},{"taxonomy":"product_tag","embeddable":true,"href":"https:\/\/dupescents.co\/es\/wp-json\/wp\/v2\/product_tag?post=26332"}],"curies":[{"name":"wp","href":"https:\/\/api.w.org\/{rel}","templated":true}]}}