{"id":26319,"date":"2025-04-02T17:47:54","date_gmt":"2025-04-02T15:47:54","guid":{"rendered":"https:\/\/dupescents.co\/products\/huele-a-bloom-profumo-di-fiori\/"},"modified":"2026-02-21T04:39:18","modified_gmt":"2026-02-21T03:39:18","slug":"huele-a-bloom-profumo-di-fiori","status":"publish","type":"product","link":"https:\/\/dupescents.co\/es\/productos\/huele-a-bloom-profumo-di-fiori\/","title":{"rendered":"Huele a&#8230; Bloom Profumo Di Fiori"},"content":{"rendered":"<p>416W - Ersatz f\u00fcr Gucci Bloom Profumo Di Fiori<br \/>\nPERFUMED Eau de Parfum Nr. 416W - Ersatz f\u00fcr Gucci BLOOM Profumo Di Fiori<\/p>\n<p>DUFTNOTEN UNSERES ERSATZES:<\/p>\n<p>GROSSBL\u00c4TTRIGER JASMIN<br \/>\nTUBEROIS<br \/>\nJASMIN<br \/>\nYLANG-YLANG<br \/>\nSOLAR HS<br \/>\nPIZMO<br \/>\nSANDALWOOD<br \/>\nBENZOES<br \/>\nHOLZNOTEN<br \/>\nIRYS<br \/>\nDUFTBESCHREIBUNG:<\/p>\n<p>Sp\u00fcren Sie die bl\u00fchende Freude! Sch\u00f6ne, aromatische und fr\u00f6hliche Akkorde entf\u00fchren Sie auf eine Blumenwiese, auf der Sie Frieden und Gl\u00fcck empfinden. Die perfekt reproduzierten Gegenst\u00fccke der Gucci Bloom Profumo Di Fiori Fragrance Factory, diese Mischung aus orientalischen Aromen wird Energie f\u00fcr die Tat freisetzen. H\u00fcllen Sie sich in Jasmin Arabica, Ylang-Ylang und Jasminknospen. Die Basisnote wird Sie mit perfekten blumigen und holzigen Akkorden in Form von Sandelholz, Iriswurzel und Moschus begeistern.<\/p>\n<p>Und das alles in einem praktischen Flakon mit Zerst\u00e4uber. W\u00e4hlen Sie aus vier F\u00fcllmengen (10 ml, 30 ml, 50 ml und 100 ml) und sp\u00fcren Sie die moderne Dimension des Parfums und die Freude, die Sie stundenlang begleiten wird.<\/p>\n<p>MERKMALE DES \u00c4QUIVALENTS DES PARFUMS GUCCI BLOOM PROFUMO DI FLORI:<br \/>\nDufttyp: orientalisch, blumig<br \/>\nF\u00fcr wen: weiblich<br \/>\nVolumen: 10 ml \/ 30 ml \/ 50 ml \/ 100 ml<br \/>\nProdukt-Code: 416W<br \/>\nDer Preis f\u00fcr dieses Parf\u00fcm h\u00e4ngt von der angegebenen Menge ab.<br \/>\nBitte geben Sie uns nach dem Kauf eine R\u00fcckmeldung!<\/p>\n<p>Sehen Sie auch andere Gucci Parfums und ihre Ersatzprodukte.<\/p>\n","protected":false},"excerpt":{"rendered":"<p class=\"product__text inline-richtext\">Inspiraci\u00f3n: Gucci Bloom Profumo Di Fiori EDP 30ML<\/p>\n<p class=\"product__text inline-richtext\"><strong>\u2705 Eau de Toilette 19-21% Perfume<\/strong><\/p>\n<p class=\"product__text inline-richtext\"><strong>\u2705 La fragancia dura un segundo d\u00eda<\/strong><\/p>\n<p class=\"product__text inline-richtext\"><strong>Compra la fragancia, no la marca: ahorra dinero<\/strong><\/p>\n","protected":false},"featured_media":36140,"comment_status":"open","ping_status":"closed","template":"","meta":{"_acf_changed":false},"product_brand":[],"product_cat":[212,204],"product_tag":[],"class_list":{"0":"post-26319","1":"product","2":"type-product","3":"status-publish","4":"has-post-thumbnail","6":"product_cat-los-mas-vendidos","7":"product_cat-para-mujeres","9":"first","10":"instock","11":"shipping-taxable","12":"purchasable","13":"product-type-variable"},"acf":[],"aioseo_notices":[],"jetpack_sharing_enabled":true,"_links":{"self":[{"href":"https:\/\/dupescents.co\/es\/wp-json\/wp\/v2\/product\/26319","targetHints":{"allow":["GET"]}}],"collection":[{"href":"https:\/\/dupescents.co\/es\/wp-json\/wp\/v2\/product"}],"about":[{"href":"https:\/\/dupescents.co\/es\/wp-json\/wp\/v2\/types\/product"}],"replies":[{"embeddable":true,"href":"https:\/\/dupescents.co\/es\/wp-json\/wp\/v2\/comments?post=26319"}],"wp:featuredmedia":[{"embeddable":true,"href":"https:\/\/dupescents.co\/es\/wp-json\/wp\/v2\/media\/36140"}],"wp:attachment":[{"href":"https:\/\/dupescents.co\/es\/wp-json\/wp\/v2\/media?parent=26319"}],"wp:term":[{"taxonomy":"product_brand","embeddable":true,"href":"https:\/\/dupescents.co\/es\/wp-json\/wp\/v2\/product_brand?post=26319"},{"taxonomy":"product_cat","embeddable":true,"href":"https:\/\/dupescents.co\/es\/wp-json\/wp\/v2\/product_cat?post=26319"},{"taxonomy":"product_tag","embeddable":true,"href":"https:\/\/dupescents.co\/es\/wp-json\/wp\/v2\/product_tag?post=26319"}],"curies":[{"name":"wp","href":"https:\/\/api.w.org\/{rel}","templated":true}]}}