{"id":26307,"date":"2025-04-02T17:41:25","date_gmt":"2025-04-02T15:41:25","guid":{"rendered":"https:\/\/dupescents.co\/products\/huele-a-azul-claro-eau-intense\/"},"modified":"2026-02-21T04:41:14","modified_gmt":"2026-02-21T03:41:14","slug":"huele-a-azul-claro-eau-intense","status":"publish","type":"product","link":"https:\/\/dupescents.co\/es\/productos\/huele-a-azul-claro-eau-intense\/","title":{"rendered":"Huele a&#8230; Azul claro Eau Intense"},"content":{"rendered":"<p>195W - Eau de Parfum<br \/>\nEAU DE PARFUM NR. 195W<\/p>\n<p>DUFTNOTEN VON UNSEREM ERSATZ:<\/p>\n<p>LTRY<br \/>\nGR\u00dcNER APFEL<br \/>\nPI\u017bMO<br \/>\nAMBERHOLZ<br \/>\nASCAMITE<br \/>\nJASMINE<br \/>\nDUFTBESCHREIBUNG:<\/p>\n<p>Ein intensiver, frischer Duft, der im Sommer und im warmen Fr\u00fchling getragen werden kann. Unser Eau de Parfum No. 195W ist eine leichte Komposition, die von befreiten Frauen geliebt wird, die ihre Sch\u00f6nheit unterstreichen wollen. Energiegeladene Zitrusnoten verbinden sich mit dem Duft von Jasmin und Moschus, die die nat\u00fcrliche Anmut der Tr\u00e4gerin unterstreichen.<\/p>\n<p>MERKMALE DES GEGENST\u00dcCKS:<br \/>\nDufttyp: fruchtig, holzig<br \/>\nF\u00fcr wen: Frauen<br \/>\nInhalt: 10 ml \/ 30 ml \/ 50 ml \/ 100 ml<br \/>\nProdukt-Code: 195W<br \/>\nDer Preis f\u00fcr dieses Parf\u00fcm h\u00e4ngt von der angegebenen Menge ab.<br \/>\nBitte geben Sie uns nach dem Kauf Ihr Feedback!<\/p>\n","protected":false},"excerpt":{"rendered":"<p class=\"product__text inline-richtext\">Inspiraci\u00f3n: Dolce &amp; Gabbana Light Blue Eau Intense EDP 50ML<\/p>\n<p class=\"product__text inline-richtext\"><strong>\u2705 Eau de Toilette 19-21% Perfume<\/strong><\/p>\n<p class=\"product__text inline-richtext\"><strong>\u2705 La fragancia dura un segundo d\u00eda<\/strong><\/p>\n<p class=\"product__text inline-richtext\"><strong>Compra la fragancia, no la marca: ahorra dinero<\/strong><\/p>\n","protected":false},"featured_media":36149,"comment_status":"open","ping_status":"closed","template":"","meta":{"_acf_changed":false},"product_brand":[],"product_cat":[212,204],"product_tag":[],"class_list":{"0":"post-26307","1":"product","2":"type-product","3":"status-publish","4":"has-post-thumbnail","6":"product_cat-los-mas-vendidos","7":"product_cat-para-mujeres","9":"first","10":"instock","11":"shipping-taxable","12":"purchasable","13":"product-type-variable"},"acf":[],"aioseo_notices":[],"jetpack_sharing_enabled":true,"_links":{"self":[{"href":"https:\/\/dupescents.co\/es\/wp-json\/wp\/v2\/product\/26307","targetHints":{"allow":["GET"]}}],"collection":[{"href":"https:\/\/dupescents.co\/es\/wp-json\/wp\/v2\/product"}],"about":[{"href":"https:\/\/dupescents.co\/es\/wp-json\/wp\/v2\/types\/product"}],"replies":[{"embeddable":true,"href":"https:\/\/dupescents.co\/es\/wp-json\/wp\/v2\/comments?post=26307"}],"wp:featuredmedia":[{"embeddable":true,"href":"https:\/\/dupescents.co\/es\/wp-json\/wp\/v2\/media\/36149"}],"wp:attachment":[{"href":"https:\/\/dupescents.co\/es\/wp-json\/wp\/v2\/media?parent=26307"}],"wp:term":[{"taxonomy":"product_brand","embeddable":true,"href":"https:\/\/dupescents.co\/es\/wp-json\/wp\/v2\/product_brand?post=26307"},{"taxonomy":"product_cat","embeddable":true,"href":"https:\/\/dupescents.co\/es\/wp-json\/wp\/v2\/product_cat?post=26307"},{"taxonomy":"product_tag","embeddable":true,"href":"https:\/\/dupescents.co\/es\/wp-json\/wp\/v2\/product_tag?post=26307"}],"curies":[{"name":"wp","href":"https:\/\/api.w.org\/{rel}","templated":true}]}}